{"id":11857,"date":"2025-12-01T12:36:54","date_gmt":"2025-12-01T15:36:54","guid":{"rendered":"https:\/\/www.taller-palabras.com\/WordPress_04\/?post_type=product&#038;p=11857"},"modified":"2025-12-01T12:44:18","modified_gmt":"2025-12-01T15:44:18","slug":"el-chico-nuevo-tracy-chevalier-ebook","status":"publish","type":"product","link":"https:\/\/www.taller-palabras.com\/WordPress_04\/producto\/el-chico-nuevo-tracy-chevalier-ebook","title":{"rendered":"El chico nuevo &#8211; Tracy Chevalier \/ebook"},"content":{"rendered":"<figure id=\"attachment_11863\" aria-describedby=\"caption-attachment-11863\" style=\"width: 150px\" class=\"wp-caption alignleft\"><img loading=\"lazy\" decoding=\"async\" class=\"wp-image-11863 size-thumbnail\" src=\"https:\/\/www.taller-palabras.com\/WordPress_04\/wp-content\/uploads\/2025\/12\/Tracy-Chevalier-150x150.jpg\" alt=\"\" width=\"150\" height=\"150\" srcset=\"https:\/\/www.taller-palabras.com\/WordPress_04\/wp-content\/uploads\/2025\/12\/Tracy-Chevalier-150x150.jpg 150w, https:\/\/www.taller-palabras.com\/WordPress_04\/wp-content\/uploads\/2025\/12\/Tracy-Chevalier-100x100.jpg 100w, https:\/\/www.taller-palabras.com\/WordPress_04\/wp-content\/uploads\/2025\/12\/Tracy-Chevalier.jpg 272w\" sizes=\"auto, (max-width: 150px) 100vw, 150px\" \/><figcaption id=\"caption-attachment-11863\" class=\"wp-caption-text\">Autora Tracy Chevalier<\/figcaption><\/figure>\n<p>Corren los a\u00f1os setenta en Washington D. C. cuando Osei Kokote, un chico negro de once a\u00f1os, se presenta por primera vez en su nuevo colegio. Hijo de un diplom\u00e1tico de Ghana, ha vivido siempre de ciudad en ciudad, dejando atr\u00e1s amigos y hogares. Pero cuando conoce a su nueva clase, se encuentra con ni\u00f1os que han heredado, sin tener conciencia de ello, un cruel recelo hacia la gente de color, una desconfianza irracional contagiada por sus familias y su entorno. En una historia que transcurre a lo largo de un solo d\u00eda, Tracy Chevalier, en una reinterpretaci\u00f3n de <em>Otelo<\/em> de Shakespeare, construye un bello mosaico de personalidades y emociones que habla tambi\u00e9n de nosotros mismos. Junto a la adorable Dee, el hip\u00f3crita Ian, el ingenuo Rod y el resto de ni\u00f1os de la clase, aprenderemos una lecci\u00f3n de vida que nos har\u00e1 replantearnos muchas cosas que hab\u00edamos dado por sentadas.<\/p>\n","protected":false},"excerpt":{"rendered":"<p>Corren los a\u00f1os setenta en Washington D. C. cuando Osei Kokote, un chico negro de once a\u00f1os, se presenta por primera vez en su nuevo colegio. Hijo de un diplom\u00e1tico de Ghana, ha vivido siempre de ciudad en ciudad, dejando atr\u00e1s amigos y hogares. Pero cuando conoce a su nueva clase, se encuentra con ni\u00f1os [&hellip;]<\/p>\n","protected":false},"featured_media":11860,"template":"","meta":[],"product_brand":[],"product_cat":[25],"product_tag":[54,1595,1184,1594],"class_list":{"0":"post-11857","1":"product","2":"type-product","3":"status-publish","4":"has-post-thumbnail","6":"product_cat-libros-digitales-ebooks","7":"product_tag-descargar-ebook","8":"product_tag-el-chico-nuevo","9":"product_tag-mejor-novelas","10":"product_tag-racy-chevalier","12":"first","13":"instock","14":"shipping-taxable","15":"purchasable","16":"product-type-variable","17":"has-default-attributes"},"_links":{"self":[{"href":"https:\/\/www.taller-palabras.com\/WordPress_04\/wp-json\/wp\/v2\/product\/11857","targetHints":{"allow":["GET"]}}],"collection":[{"href":"https:\/\/www.taller-palabras.com\/WordPress_04\/wp-json\/wp\/v2\/product"}],"about":[{"href":"https:\/\/www.taller-palabras.com\/WordPress_04\/wp-json\/wp\/v2\/types\/product"}],"wp:featuredmedia":[{"embeddable":true,"href":"https:\/\/www.taller-palabras.com\/WordPress_04\/wp-json\/wp\/v2\/media\/11860"}],"wp:attachment":[{"href":"https:\/\/www.taller-palabras.com\/WordPress_04\/wp-json\/wp\/v2\/media?parent=11857"}],"wp:term":[{"taxonomy":"product_brand","embeddable":true,"href":"https:\/\/www.taller-palabras.com\/WordPress_04\/wp-json\/wp\/v2\/product_brand?post=11857"},{"taxonomy":"product_cat","embeddable":true,"href":"https:\/\/www.taller-palabras.com\/WordPress_04\/wp-json\/wp\/v2\/product_cat?post=11857"},{"taxonomy":"product_tag","embeddable":true,"href":"https:\/\/www.taller-palabras.com\/WordPress_04\/wp-json\/wp\/v2\/product_tag?post=11857"}],"curies":[{"name":"wp","href":"https:\/\/api.w.org\/{rel}","templated":true}]}}