{"id":11868,"date":"2025-12-04T11:09:54","date_gmt":"2025-12-04T14:09:54","guid":{"rendered":"https:\/\/www.taller-palabras.com\/WordPress_04\/?post_type=product&#038;p=11868"},"modified":"2026-04-23T18:06:53","modified_gmt":"2026-04-23T21:06:53","slug":"meditaciones-marco-aurelio-ebook","status":"publish","type":"product","link":"https:\/\/www.taller-palabras.com\/WordPress_04\/producto\/meditaciones-marco-aurelio-ebook","title":{"rendered":"Meditaciones &#8211; Marco Aurelio (Descarga gratuita) \/ebook"},"content":{"rendered":"<figure id=\"attachment_11871\" aria-describedby=\"caption-attachment-11871\" style=\"width: 150px\" class=\"wp-caption alignleft\"><img loading=\"lazy\" decoding=\"async\" class=\"wp-image-11871 size-thumbnail\" src=\"https:\/\/www.taller-palabras.com\/WordPress_04\/wp-content\/uploads\/2025\/12\/Marcus-Aurelius-150x150.jpg\" alt=\"\" width=\"150\" height=\"150\" srcset=\"https:\/\/www.taller-palabras.com\/WordPress_04\/wp-content\/uploads\/2025\/12\/Marcus-Aurelius-150x150.jpg 150w, https:\/\/www.taller-palabras.com\/WordPress_04\/wp-content\/uploads\/2025\/12\/Marcus-Aurelius-100x100.jpg 100w, https:\/\/www.taller-palabras.com\/WordPress_04\/wp-content\/uploads\/2025\/12\/Marcus-Aurelius.jpg 283w\" sizes=\"auto, (max-width: 150px) 100vw, 150px\" \/><figcaption id=\"caption-attachment-11871\" class=\"wp-caption-text\">Autor Marco Aurelio<\/figcaption><\/figure>\n<p>Descendiente de una familia de origen hisp\u00e1nico, Marco Aurelio naci\u00f3 en Roma en el a\u00f1o 121 de nuestra era y, tras ser adoptado por Antonino P\u00edo, lo sucedi\u00f3 como emperador, cargo que ocup\u00f3 desde el a\u00f1o 161 hasta su muerte en 180. Su reinado, que ocupa la \u00e9poca de m\u00e1xima extensi\u00f3n de Roma, estuvo marcado por las numerosas y dilatadas guerras que mantuvo contra los pueblos que habitaban en los l\u00edmites del Imperio, sobre todo frente al Danubio. El \u00faltimo de los grandes emperadores Antoninos hubo de demostrar repetidamente entereza y valor a lo largo de estos veinte a\u00f1os; se comport\u00f3 siempre como un fil\u00f3sofo estoico y un digno romano. Sin embargo, su devoci\u00f3n por las letras fue notoria, y dedic\u00f3 muchas horas al estudio de la filosof\u00eda. Durante los descansos que le conced\u00edan su intensa actividad b\u00e9lica y las obligaciones pol\u00edticas, en las noches de vigilia de los diez \u00faltimos a\u00f1os de su reinado, estando de campa\u00f1a, compuso las Meditaciones, una de las principales obras del estoicismo romano, pese a estar redactadas en griego. Los doce libros que forman esta obra constituyen una compilaci\u00f3n de ideas y sentencias breves en la que Marco Aurelio reflexiona sobre temas como los l\u00edmites de la naturaleza humana, la fugacidad del tiempo, los valores morales o la manera correcta de conducirse en la vida. Las Meditaciones carecen de orden sistem\u00e1tico y consisten en los apuntes de un diario personal; Marco Aurelio no usa un tono elevado ni grandes abstracciones, sino que se dirige a s\u00ed mismo con veracidad: la grandeza que se percibe en sus escritos es real, no ret\u00f3rica ni literaria. Ning\u00fan otro gran personaje del mundo antiguo nos ha legado un testimonio personal tan sincero y hondo, de tanta inmediatez e intensidad.<\/p>\n","protected":false},"excerpt":{"rendered":"<p>Descendiente de una familia de origen hisp\u00e1nico, Marco Aurelio naci\u00f3 en Roma en el a\u00f1o 121 de nuestra era y, tras ser adoptado por Antonino P\u00edo, lo sucedi\u00f3 como emperador, cargo que ocup\u00f3 desde el a\u00f1o 161 hasta su muerte en 180. Su reinado, que ocupa la \u00e9poca de m\u00e1xima extensi\u00f3n de Roma, estuvo marcado [&hellip;]<\/p>\n","protected":false},"featured_media":11872,"template":"","meta":[],"product_brand":[],"product_cat":[25],"product_tag":[54,1596,1597,1184],"class_list":{"0":"post-11868","1":"product","2":"type-product","3":"status-publish","4":"has-post-thumbnail","6":"product_cat-libros-digitales-ebooks","7":"product_tag-descargar-ebook","8":"product_tag-marco-aurelio","9":"product_tag-meditaciones","10":"product_tag-mejor-novelas","12":"first","13":"instock","14":"downloadable","15":"virtual","16":"product-type-simple"},"_links":{"self":[{"href":"https:\/\/www.taller-palabras.com\/WordPress_04\/wp-json\/wp\/v2\/product\/11868","targetHints":{"allow":["GET"]}}],"collection":[{"href":"https:\/\/www.taller-palabras.com\/WordPress_04\/wp-json\/wp\/v2\/product"}],"about":[{"href":"https:\/\/www.taller-palabras.com\/WordPress_04\/wp-json\/wp\/v2\/types\/product"}],"wp:featuredmedia":[{"embeddable":true,"href":"https:\/\/www.taller-palabras.com\/WordPress_04\/wp-json\/wp\/v2\/media\/11872"}],"wp:attachment":[{"href":"https:\/\/www.taller-palabras.com\/WordPress_04\/wp-json\/wp\/v2\/media?parent=11868"}],"wp:term":[{"taxonomy":"product_brand","embeddable":true,"href":"https:\/\/www.taller-palabras.com\/WordPress_04\/wp-json\/wp\/v2\/product_brand?post=11868"},{"taxonomy":"product_cat","embeddable":true,"href":"https:\/\/www.taller-palabras.com\/WordPress_04\/wp-json\/wp\/v2\/product_cat?post=11868"},{"taxonomy":"product_tag","embeddable":true,"href":"https:\/\/www.taller-palabras.com\/WordPress_04\/wp-json\/wp\/v2\/product_tag?post=11868"}],"curies":[{"name":"wp","href":"https:\/\/api.w.org\/{rel}","templated":true}]}}