{"id":11882,"date":"2025-12-06T12:38:44","date_gmt":"2025-12-06T15:38:44","guid":{"rendered":"https:\/\/www.taller-palabras.com\/WordPress_04\/?post_type=product&#038;p=11882"},"modified":"2025-12-06T13:19:34","modified_gmt":"2025-12-06T16:19:34","slug":"saga-la-asistenta-1-freida-mcfadden-ebook","status":"publish","type":"product","link":"https:\/\/www.taller-palabras.com\/WordPress_04\/producto\/saga-la-asistenta-1-freida-mcfadden-ebook","title":{"rendered":"Saga: La asistenta (1) &#8211; Freida McFadden \/ebook"},"content":{"rendered":"<figure id=\"attachment_11885\" aria-describedby=\"caption-attachment-11885\" style=\"width: 150px\" class=\"wp-caption alignleft\"><img loading=\"lazy\" decoding=\"async\" class=\"wp-image-11885 size-thumbnail\" src=\"https:\/\/www.taller-palabras.com\/WordPress_04\/wp-content\/uploads\/2025\/12\/freidaMcFadden-150x150.jpg\" alt=\"\" width=\"150\" height=\"150\" srcset=\"https:\/\/www.taller-palabras.com\/WordPress_04\/wp-content\/uploads\/2025\/12\/freidaMcFadden-150x150.jpg 150w, https:\/\/www.taller-palabras.com\/WordPress_04\/wp-content\/uploads\/2025\/12\/freidaMcFadden-100x100.jpg 100w, https:\/\/www.taller-palabras.com\/WordPress_04\/wp-content\/uploads\/2025\/12\/freidaMcFadden.jpg 283w\" sizes=\"auto, (max-width: 150px) 100vw, 150px\" \/><figcaption id=\"caption-attachment-11885\" class=\"wp-caption-text\">Autora Freida McFadden<\/figcaption><\/figure>\n<p>Detr\u00e1s de la puerta, ella lo ve todo. Todos los d\u00edas friego la preciosa casa de los Winchester de arriba abajo. Recojo a su hija del colegio y preparo deliciosas comidas para toda la familia antes de subir a cenar sola en mi min\u00fascula habitaci\u00f3n del piso superior. Intento no prestar atenci\u00f3n a Nina cuando lo ensucia todo simplemente para ver c\u00f3mo lo limpio. A las extra\u00f1as mentiras que cuenta sobre su propia hija. A su marido, que cada d\u00eda parece m\u00e1s abatido. Pero cuando miro a Andrew a los ojos, casta\u00f1os, encantadores y llenos de dolor, no me resulta dif\u00edcil imaginar c\u00f3mo ser\u00eda vivir en la piel de Nina. El gran vestidor, el coche de lujo, el esposo perfecto. Hasta que un d\u00eda no me resisto a probarme uno de sus maravillosos vestidos blancos. Solo quiero saber qu\u00e9 se siente. Pero ella pronto lo descubre, y cuando me doy cuenta de que la puerta de mi habitaci\u00f3n solo se cierra por fuera ya es demasiado tarde. Algo me reconforta: los Winchester no saben qui\u00e9n soy en realidad.<\/p>\n","protected":false},"excerpt":{"rendered":"<p>Detr\u00e1s de la puerta, ella lo ve todo. Todos los d\u00edas friego la preciosa casa de los Winchester de arriba abajo. Recojo a su hija del colegio y preparo deliciosas comidas para toda la familia antes de subir a cenar sola en mi min\u00fascula habitaci\u00f3n del piso superior. Intento no prestar atenci\u00f3n a Nina cuando [&hellip;]<\/p>\n","protected":false},"featured_media":11892,"template":"","meta":[],"product_brand":[],"product_cat":[25,47],"product_tag":[54,1599,1600,1184],"class_list":{"0":"post-11882","1":"product","2":"type-product","3":"status-publish","4":"has-post-thumbnail","6":"product_cat-libros-digitales-ebooks","7":"product_cat-libros-digitales-sagas","8":"product_tag-descargar-ebook","9":"product_tag-freida-mcfadden","10":"product_tag-la-asistenta","11":"product_tag-mejor-novelas","13":"first","14":"instock","15":"shipping-taxable","16":"purchasable","17":"product-type-variable","18":"has-default-attributes"},"_links":{"self":[{"href":"https:\/\/www.taller-palabras.com\/WordPress_04\/wp-json\/wp\/v2\/product\/11882","targetHints":{"allow":["GET"]}}],"collection":[{"href":"https:\/\/www.taller-palabras.com\/WordPress_04\/wp-json\/wp\/v2\/product"}],"about":[{"href":"https:\/\/www.taller-palabras.com\/WordPress_04\/wp-json\/wp\/v2\/types\/product"}],"wp:featuredmedia":[{"embeddable":true,"href":"https:\/\/www.taller-palabras.com\/WordPress_04\/wp-json\/wp\/v2\/media\/11892"}],"wp:attachment":[{"href":"https:\/\/www.taller-palabras.com\/WordPress_04\/wp-json\/wp\/v2\/media?parent=11882"}],"wp:term":[{"taxonomy":"product_brand","embeddable":true,"href":"https:\/\/www.taller-palabras.com\/WordPress_04\/wp-json\/wp\/v2\/product_brand?post=11882"},{"taxonomy":"product_cat","embeddable":true,"href":"https:\/\/www.taller-palabras.com\/WordPress_04\/wp-json\/wp\/v2\/product_cat?post=11882"},{"taxonomy":"product_tag","embeddable":true,"href":"https:\/\/www.taller-palabras.com\/WordPress_04\/wp-json\/wp\/v2\/product_tag?post=11882"}],"curies":[{"name":"wp","href":"https:\/\/api.w.org\/{rel}","templated":true}]}}