{"id":11895,"date":"2025-12-06T12:37:58","date_gmt":"2025-12-06T15:37:58","guid":{"rendered":"https:\/\/www.taller-palabras.com\/WordPress_04\/?post_type=product&#038;p=11895"},"modified":"2025-12-06T13:19:57","modified_gmt":"2025-12-06T16:19:57","slug":"saga-el-secreto-de-la-asistenta-2-freida-mcfadden-ebook","status":"publish","type":"product","link":"https:\/\/www.taller-palabras.com\/WordPress_04\/producto\/saga-el-secreto-de-la-asistenta-2-freida-mcfadden-ebook","title":{"rendered":"Saga: El secreto de la asistenta (2) &#8211; Freida McFadden \/ebook"},"content":{"rendered":"<figure id=\"attachment_11885\" aria-describedby=\"caption-attachment-11885\" style=\"width: 150px\" class=\"wp-caption alignleft\"><img loading=\"lazy\" decoding=\"async\" class=\"wp-image-11885 size-thumbnail\" src=\"https:\/\/www.taller-palabras.com\/WordPress_04\/wp-content\/uploads\/2025\/12\/freidaMcFadden-150x150.jpg\" alt=\"\" width=\"150\" height=\"150\" srcset=\"https:\/\/www.taller-palabras.com\/WordPress_04\/wp-content\/uploads\/2025\/12\/freidaMcFadden-150x150.jpg 150w, https:\/\/www.taller-palabras.com\/WordPress_04\/wp-content\/uploads\/2025\/12\/freidaMcFadden-100x100.jpg 100w, https:\/\/www.taller-palabras.com\/WordPress_04\/wp-content\/uploads\/2025\/12\/freidaMcFadden.jpg 283w\" sizes=\"auto, (max-width: 150px) 100vw, 150px\" \/><figcaption id=\"caption-attachment-11885\" class=\"wp-caption-text\">Autora Freida McFadden<\/figcaption><\/figure>\n<p>Es todo una cuesti\u00f3n de hasta d\u00f3nde estoy dispuesta a llegar\u2026 Es dif\u00edcil encontrar a alguien que te ofrezca trabajo sin preguntar demasiado sobre tu pasado. As\u00ed que le agradezco al universo que, milagrosamente, los Garrick me hayan dado empleo limpiando su impresionante \u00e1tico con vistas a todo Manhattan y prepar\u00e1ndoles comidas sofisticadas en su inmensa cocina. Puedo trabajar aqu\u00ed durante un tiempo, ser discreta hasta conseguir lo que quiero. Es casi perfecto. Sin embargo, todav\u00eda no he conocido a la se\u00f1ora Garrick ni he podido ver lo que hay dentro de la habitaci\u00f3n de invitados. Estoy segura de que la oigo llorar. Veo las peque\u00f1as manchas de sangre en el cuello de sus camisones blancos cuando hago la colada. Y, un d\u00eda, no puedo evitar llamar a su puerta. Cuando esta se abre lentamente, lo que veo lo cambia todo\u2026 Es entonces cuando hago una promesa. Douglas Garrick se ha equivocado. Y va a pagar.<\/p>\n","protected":false},"excerpt":{"rendered":"<p>Es todo una cuesti\u00f3n de hasta d\u00f3nde estoy dispuesta a llegar\u2026 Es dif\u00edcil encontrar a alguien que te ofrezca trabajo sin preguntar demasiado sobre tu pasado. As\u00ed que le agradezco al universo que, milagrosamente, los Garrick me hayan dado empleo limpiando su impresionante \u00e1tico con vistas a todo Manhattan y prepar\u00e1ndoles comidas sofisticadas en su [&hellip;]<\/p>\n","protected":false},"featured_media":11893,"template":"","meta":[],"product_brand":[],"product_cat":[25,47],"product_tag":[54,1601,1599,1184],"class_list":{"0":"post-11895","1":"product","2":"type-product","3":"status-publish","4":"has-post-thumbnail","6":"product_cat-libros-digitales-ebooks","7":"product_cat-libros-digitales-sagas","8":"product_tag-descargar-ebook","9":"product_tag-el-secreto-de-la-asistenta","10":"product_tag-freida-mcfadden","11":"product_tag-mejor-novelas","13":"first","14":"instock","15":"shipping-taxable","16":"purchasable","17":"product-type-variable","18":"has-default-attributes"},"_links":{"self":[{"href":"https:\/\/www.taller-palabras.com\/WordPress_04\/wp-json\/wp\/v2\/product\/11895","targetHints":{"allow":["GET"]}}],"collection":[{"href":"https:\/\/www.taller-palabras.com\/WordPress_04\/wp-json\/wp\/v2\/product"}],"about":[{"href":"https:\/\/www.taller-palabras.com\/WordPress_04\/wp-json\/wp\/v2\/types\/product"}],"wp:featuredmedia":[{"embeddable":true,"href":"https:\/\/www.taller-palabras.com\/WordPress_04\/wp-json\/wp\/v2\/media\/11893"}],"wp:attachment":[{"href":"https:\/\/www.taller-palabras.com\/WordPress_04\/wp-json\/wp\/v2\/media?parent=11895"}],"wp:term":[{"taxonomy":"product_brand","embeddable":true,"href":"https:\/\/www.taller-palabras.com\/WordPress_04\/wp-json\/wp\/v2\/product_brand?post=11895"},{"taxonomy":"product_cat","embeddable":true,"href":"https:\/\/www.taller-palabras.com\/WordPress_04\/wp-json\/wp\/v2\/product_cat?post=11895"},{"taxonomy":"product_tag","embeddable":true,"href":"https:\/\/www.taller-palabras.com\/WordPress_04\/wp-json\/wp\/v2\/product_tag?post=11895"}],"curies":[{"name":"wp","href":"https:\/\/api.w.org\/{rel}","templated":true}]}}