{"id":11901,"date":"2025-09-04T13:20:35","date_gmt":"2025-09-04T16:20:35","guid":{"rendered":"https:\/\/www.taller-palabras.com\/WordPress_04\/?post_type=product&#038;p=11901"},"modified":"2025-12-06T16:41:53","modified_gmt":"2025-12-06T19:41:53","slug":"el-loco-de-dios-en-el-fin-del-mundo-javier-cercas-ebook","status":"publish","type":"product","link":"https:\/\/www.taller-palabras.com\/WordPress_04\/producto\/el-loco-de-dios-en-el-fin-del-mundo-javier-cercas-ebook","title":{"rendered":"El loco de Dios en el fin del mundo &#8211; Javier Cercas  \/ebook"},"content":{"rendered":"<figure id=\"attachment_11905\" aria-describedby=\"caption-attachment-11905\" style=\"width: 150px\" class=\"wp-caption alignleft\"><img loading=\"lazy\" decoding=\"async\" class=\"wp-image-11905 size-thumbnail\" src=\"https:\/\/www.taller-palabras.com\/WordPress_04\/wp-content\/uploads\/2025\/12\/Javier-cercas-150x150.jpg\" alt=\"\" width=\"150\" height=\"150\" srcset=\"https:\/\/www.taller-palabras.com\/WordPress_04\/wp-content\/uploads\/2025\/12\/Javier-cercas-150x150.jpg 150w, https:\/\/www.taller-palabras.com\/WordPress_04\/wp-content\/uploads\/2025\/12\/Javier-cercas-300x300.jpg 300w, https:\/\/www.taller-palabras.com\/WordPress_04\/wp-content\/uploads\/2025\/12\/Javier-cercas-324x324.jpg 324w, https:\/\/www.taller-palabras.com\/WordPress_04\/wp-content\/uploads\/2025\/12\/Javier-cercas-100x100.jpg 100w, https:\/\/www.taller-palabras.com\/WordPress_04\/wp-content\/uploads\/2025\/12\/Javier-cercas.jpg 334w\" sizes=\"auto, (max-width: 150px) 100vw, 150px\" \/><figcaption id=\"caption-attachment-11905\" class=\"wp-caption-text\">Autor Javier Cercas<\/figcaption><\/figure>\n<p>\u00abSoy ateo. Soy anticlerical. Soy un laicista militante, un racionalista contumaz, un imp\u00edo riguroso. Pero aqu\u00ed me tienen, volando en direcci\u00f3n a Mongolia con el anciano vicario de Cristo en la Tierra, dispuesto a interrogarle sobre la resurrecci\u00f3n de la carne y la vida eterna. Para eso me he embarcado en este avi\u00f3n: para preguntarle al papa Francisco si mi madre ver\u00e1 a mi padre m\u00e1s all\u00e1 de la muerte, y para llevarle a mi madre su respuesta. He aqu\u00ed un loco sin Dios persiguiendo al loco de Dios hasta el fin del mundo\u00bb. Este es el arranque fulgurante de este libro \u00fanico, que nadie hab\u00eda tenido la oportunidad de escribir, entre otras razones porque el Vaticano jam\u00e1s le hab\u00eda abierto de par en par sus puertas a un escritor. Pero, adem\u00e1s de \u00fanico, este es un libro de plenitud, donde su autor logra convertir una propuesta ins\u00f3lita en un relato propio y magistral: un thriller sobre el mayor misterio de la historia de la Humanidad. Con esta novela sin ficci\u00f3n, Javier Cercas vuelve a su l\u00ednea m\u00e1s personal, en la que logra enlazar sus obsesiones \u00edntimas con una de las preocupaciones fundamentales de la sociedad actual: el papel en la vida humana de lo espiritual y lo transcendente, el lugar en ella de la religi\u00f3n y el ansia de inmortalidad.<\/p>\n","protected":false},"excerpt":{"rendered":"<p>\u00abSoy ateo. Soy anticlerical. Soy un laicista militante, un racionalista contumaz, un imp\u00edo riguroso. Pero aqu\u00ed me tienen, volando en direcci\u00f3n a Mongolia con el anciano vicario de Cristo en la Tierra, dispuesto a interrogarle sobre la resurrecci\u00f3n de la carne y la vida eterna. Para eso me he embarcado en este avi\u00f3n: para preguntarle [&hellip;]<\/p>\n","protected":false},"featured_media":11904,"template":"","meta":[],"product_brand":[],"product_cat":[25],"product_tag":[54,1603,861,1184],"class_list":{"0":"post-11901","1":"product","2":"type-product","3":"status-publish","4":"has-post-thumbnail","6":"product_cat-libros-digitales-ebooks","7":"product_tag-descargar-ebook","8":"product_tag-el-loco-de-dios-en-el-fin-del-mundo","9":"product_tag-javier-cercas","10":"product_tag-mejor-novelas","12":"first","13":"instock","14":"shipping-taxable","15":"purchasable","16":"product-type-variable","17":"has-default-attributes"},"_links":{"self":[{"href":"https:\/\/www.taller-palabras.com\/WordPress_04\/wp-json\/wp\/v2\/product\/11901","targetHints":{"allow":["GET"]}}],"collection":[{"href":"https:\/\/www.taller-palabras.com\/WordPress_04\/wp-json\/wp\/v2\/product"}],"about":[{"href":"https:\/\/www.taller-palabras.com\/WordPress_04\/wp-json\/wp\/v2\/types\/product"}],"wp:featuredmedia":[{"embeddable":true,"href":"https:\/\/www.taller-palabras.com\/WordPress_04\/wp-json\/wp\/v2\/media\/11904"}],"wp:attachment":[{"href":"https:\/\/www.taller-palabras.com\/WordPress_04\/wp-json\/wp\/v2\/media?parent=11901"}],"wp:term":[{"taxonomy":"product_brand","embeddable":true,"href":"https:\/\/www.taller-palabras.com\/WordPress_04\/wp-json\/wp\/v2\/product_brand?post=11901"},{"taxonomy":"product_cat","embeddable":true,"href":"https:\/\/www.taller-palabras.com\/WordPress_04\/wp-json\/wp\/v2\/product_cat?post=11901"},{"taxonomy":"product_tag","embeddable":true,"href":"https:\/\/www.taller-palabras.com\/WordPress_04\/wp-json\/wp\/v2\/product_tag?post=11901"}],"curies":[{"name":"wp","href":"https:\/\/api.w.org\/{rel}","templated":true}]}}