{"id":11922,"date":"2025-10-05T14:51:21","date_gmt":"2025-10-05T17:51:21","guid":{"rendered":"https:\/\/www.taller-palabras.com\/WordPress_04\/?post_type=product&#038;p=11922"},"modified":"2025-12-10T10:17:48","modified_gmt":"2025-12-10T13:17:48","slug":"fantasmas-en-el-parque-maria-elena-walsh-ebook","status":"publish","type":"product","link":"https:\/\/www.taller-palabras.com\/WordPress_04\/producto\/fantasmas-en-el-parque-maria-elena-walsh-ebook","title":{"rendered":"Fantasmas en el parque &#8211; Mar\u00eda Elena Walsh \/ebook"},"content":{"rendered":"<figure id=\"attachment_11928\" aria-describedby=\"caption-attachment-11928\" style=\"width: 150px\" class=\"wp-caption alignleft\"><img loading=\"lazy\" decoding=\"async\" class=\"wp-image-11928 size-thumbnail\" src=\"https:\/\/www.taller-palabras.com\/WordPress_04\/wp-content\/uploads\/2025\/12\/maria-elena-walsh-150x150.jpg\" alt=\"\" width=\"150\" height=\"150\" srcset=\"https:\/\/www.taller-palabras.com\/WordPress_04\/wp-content\/uploads\/2025\/12\/maria-elena-walsh-150x150.jpg 150w, https:\/\/www.taller-palabras.com\/WordPress_04\/wp-content\/uploads\/2025\/12\/maria-elena-walsh-100x100.jpg 100w, https:\/\/www.taller-palabras.com\/WordPress_04\/wp-content\/uploads\/2025\/12\/maria-elena-walsh.jpg 234w\" sizes=\"auto, (max-width: 150px) 100vw, 150px\" \/><figcaption id=\"caption-attachment-11928\" class=\"wp-caption-text\">Autora Mar\u00eda Elena Walsh<\/figcaption><\/figure>\n<p>Mar\u00eda frecuenta el Parque Las Heras, ese inmenso solario abierto sobre las ruinas de la antigua Penitenciar\u00eda Nacional. All\u00ed lee, escribe, convoca a sus \u201cfantasmas\u201d. Y como \u201clas anomal\u00edas suelen atraerse\u201d, poco a poco va entrelazando su vida con las de otros visitantes habituales o pasajeros, \u201cpersonas desplazadas\u201d, seres a la vez laterales y arquet\u00edpicos de un pa\u00eds en crisis y de \u201cun siglo atroz que todav\u00eda no termin\u00f3\u201d. En Fantasmas en el parque, mezcla original\u00edsima de novela y autobiograf\u00eda, Mar\u00eda Elena Walsh evoca lugares que ha visitado, personas que ha conocido, libros le\u00eddos; convoca amores, amigos y maestros; conjura terrores y pesadillas; confiesa sue\u00f1os y secretos, celebra la belleza. Y lo hace con su esp\u00edritu inconfundible y entra\u00f1able: l\u00facido, contestatario, ir\u00f3nico, pleno de una rec\u00f3ndita ternura y una honestidad brutal. Fresco desprejuiciado de estos \u00faltimos a\u00f1os, Fantasmas en el parque es tambi\u00e9n una fascinante, conmovedora exploraci\u00f3n de nuestro pasado, desde el punto de vista de una de sus artistas m\u00e1s cabales y populares.<\/p>\n","protected":false},"excerpt":{"rendered":"<p>Mar\u00eda frecuenta el Parque Las Heras, ese inmenso solario abierto sobre las ruinas de la antigua Penitenciar\u00eda Nacional. All\u00ed lee, escribe, convoca a sus \u201cfantasmas\u201d. Y como \u201clas anomal\u00edas suelen atraerse\u201d, poco a poco va entrelazando su vida con las de otros visitantes habituales o pasajeros, \u201cpersonas desplazadas\u201d, seres a la vez laterales y arquet\u00edpicos [&hellip;]<\/p>\n","protected":false},"featured_media":11927,"template":"","meta":[],"product_brand":[],"product_cat":[25],"product_tag":[54,1617,1616,1184],"class_list":{"0":"post-11922","1":"product","2":"type-product","3":"status-publish","4":"has-post-thumbnail","6":"product_cat-libros-digitales-ebooks","7":"product_tag-descargar-ebook","8":"product_tag-fantasmas-en-el-parque","9":"product_tag-maria-elena-walsh","10":"product_tag-mejor-novelas","12":"first","13":"instock","14":"shipping-taxable","15":"purchasable","16":"product-type-variable","17":"has-default-attributes"},"_links":{"self":[{"href":"https:\/\/www.taller-palabras.com\/WordPress_04\/wp-json\/wp\/v2\/product\/11922","targetHints":{"allow":["GET"]}}],"collection":[{"href":"https:\/\/www.taller-palabras.com\/WordPress_04\/wp-json\/wp\/v2\/product"}],"about":[{"href":"https:\/\/www.taller-palabras.com\/WordPress_04\/wp-json\/wp\/v2\/types\/product"}],"wp:featuredmedia":[{"embeddable":true,"href":"https:\/\/www.taller-palabras.com\/WordPress_04\/wp-json\/wp\/v2\/media\/11927"}],"wp:attachment":[{"href":"https:\/\/www.taller-palabras.com\/WordPress_04\/wp-json\/wp\/v2\/media?parent=11922"}],"wp:term":[{"taxonomy":"product_brand","embeddable":true,"href":"https:\/\/www.taller-palabras.com\/WordPress_04\/wp-json\/wp\/v2\/product_brand?post=11922"},{"taxonomy":"product_cat","embeddable":true,"href":"https:\/\/www.taller-palabras.com\/WordPress_04\/wp-json\/wp\/v2\/product_cat?post=11922"},{"taxonomy":"product_tag","embeddable":true,"href":"https:\/\/www.taller-palabras.com\/WordPress_04\/wp-json\/wp\/v2\/product_tag?post=11922"}],"curies":[{"name":"wp","href":"https:\/\/api.w.org\/{rel}","templated":true}]}}