{"id":11929,"date":"2025-12-10T12:26:14","date_gmt":"2025-12-10T15:26:14","guid":{"rendered":"https:\/\/www.taller-palabras.com\/WordPress_04\/?post_type=product&#038;p=11929"},"modified":"2025-12-10T12:29:32","modified_gmt":"2025-12-10T15:29:32","slug":"la-elegancia-del-erizo-muriel-barbery-ebook","status":"publish","type":"product","link":"https:\/\/www.taller-palabras.com\/WordPress_04\/producto\/la-elegancia-del-erizo-muriel-barbery-ebook","title":{"rendered":"La elegancia del erizo &#8211; Muriel Barbery \/ebook"},"content":{"rendered":"<figure id=\"attachment_11934\" aria-describedby=\"caption-attachment-11934\" style=\"width: 150px\" class=\"wp-caption alignleft\"><img loading=\"lazy\" decoding=\"async\" class=\"wp-image-11934 size-thumbnail\" src=\"https:\/\/www.taller-palabras.com\/WordPress_04\/wp-content\/uploads\/2025\/12\/muriel-barbery-150x150.jpg\" alt=\"\" width=\"150\" height=\"150\" srcset=\"https:\/\/www.taller-palabras.com\/WordPress_04\/wp-content\/uploads\/2025\/12\/muriel-barbery-150x150.jpg 150w, https:\/\/www.taller-palabras.com\/WordPress_04\/wp-content\/uploads\/2025\/12\/muriel-barbery-100x100.jpg 100w\" sizes=\"auto, (max-width: 150px) 100vw, 150px\" \/><figcaption id=\"caption-attachment-11934\" class=\"wp-caption-text\">Autora Muriel Barbery<\/figcaption><\/figure>\n<p>En el n\u00famero 7 de la Rue Grenelle, un inmueble burgu\u00e9s de Par\u00eds, nada es lo que parece. Paloma, una solitaria ni\u00f1a de doce a\u00f1os, y Ren\u00e9e, la inteligente portera, esconden un secreto. La llegada de un hombre misterioso propiciar\u00e1 el encuentro de estas dos almas gemelas. Juntas, descubrir\u00e1n la belleza de las peque\u00f1as cosas, invocar\u00e1n la magia de los placeres ef\u00edmeros e inventar\u00e1n un mundo mejor. La elegancia del erizo es una novela optimista, un peque\u00f1o tesoro que nos revela como sobrevivir gracias a la amistad, el amor y el arte. Mientras pasamos las p\u00e1ginas con una sonrisa, las voces de Ren\u00e9e y Paloma tejen, con un lenguaje melodioso, un cautivador himno a la vida.<\/p>\n","protected":false},"excerpt":{"rendered":"<p>En el n\u00famero 7 de la Rue Grenelle, un inmueble burgu\u00e9s de Par\u00eds, nada es lo que parece. Paloma, una solitaria ni\u00f1a de doce a\u00f1os, y Ren\u00e9e, la inteligente portera, esconden un secreto. La llegada de un hombre misterioso propiciar\u00e1 el encuentro de estas dos almas gemelas. Juntas, descubrir\u00e1n la belleza de las peque\u00f1as cosas, [&hellip;]<\/p>\n","protected":false},"featured_media":11932,"template":"","meta":[],"product_brand":[],"product_cat":[25],"product_tag":[54,1619,1184,1618],"class_list":{"0":"post-11929","1":"product","2":"type-product","3":"status-publish","4":"has-post-thumbnail","6":"product_cat-libros-digitales-ebooks","7":"product_tag-descargar-ebook","8":"product_tag-la-elegancia-del-erizo","9":"product_tag-mejor-novelas","10":"product_tag-muriel-barbery","12":"first","13":"instock","14":"shipping-taxable","15":"purchasable","16":"product-type-variable","17":"has-default-attributes"},"_links":{"self":[{"href":"https:\/\/www.taller-palabras.com\/WordPress_04\/wp-json\/wp\/v2\/product\/11929","targetHints":{"allow":["GET"]}}],"collection":[{"href":"https:\/\/www.taller-palabras.com\/WordPress_04\/wp-json\/wp\/v2\/product"}],"about":[{"href":"https:\/\/www.taller-palabras.com\/WordPress_04\/wp-json\/wp\/v2\/types\/product"}],"wp:featuredmedia":[{"embeddable":true,"href":"https:\/\/www.taller-palabras.com\/WordPress_04\/wp-json\/wp\/v2\/media\/11932"}],"wp:attachment":[{"href":"https:\/\/www.taller-palabras.com\/WordPress_04\/wp-json\/wp\/v2\/media?parent=11929"}],"wp:term":[{"taxonomy":"product_brand","embeddable":true,"href":"https:\/\/www.taller-palabras.com\/WordPress_04\/wp-json\/wp\/v2\/product_brand?post=11929"},{"taxonomy":"product_cat","embeddable":true,"href":"https:\/\/www.taller-palabras.com\/WordPress_04\/wp-json\/wp\/v2\/product_cat?post=11929"},{"taxonomy":"product_tag","embeddable":true,"href":"https:\/\/www.taller-palabras.com\/WordPress_04\/wp-json\/wp\/v2\/product_tag?post=11929"}],"curies":[{"name":"wp","href":"https:\/\/api.w.org\/{rel}","templated":true}]}}