{"id":11936,"date":"2024-02-09T11:24:49","date_gmt":"2024-02-09T14:24:49","guid":{"rendered":"https:\/\/www.taller-palabras.com\/WordPress_04\/?post_type=product&#038;p=11936"},"modified":"2025-12-10T13:00:12","modified_gmt":"2025-12-10T16:00:12","slug":"memorias-de-una-joven-formal-simone-de-beauvoir-ebook","status":"publish","type":"product","link":"https:\/\/www.taller-palabras.com\/WordPress_04\/producto\/memorias-de-una-joven-formal-simone-de-beauvoir-ebook","title":{"rendered":"Memorias de una joven formal  &#8211; Simone de Beauvoir \/ebook"},"content":{"rendered":"<figure id=\"attachment_6563\" aria-describedby=\"caption-attachment-6563\" style=\"width: 150px\" class=\"wp-caption alignleft\"><img loading=\"lazy\" decoding=\"async\" class=\"wp-image-6563 size-thumbnail\" src=\"https:\/\/www.taller-palabras.com\/WordPress_04\/wp-content\/uploads\/2022\/12\/simone-de-beauvoir-150x150.jpg\" alt=\"\" width=\"150\" height=\"150\" srcset=\"https:\/\/www.taller-palabras.com\/WordPress_04\/wp-content\/uploads\/2022\/12\/simone-de-beauvoir-150x150.jpg 150w, https:\/\/www.taller-palabras.com\/WordPress_04\/wp-content\/uploads\/2022\/12\/simone-de-beauvoir-100x100.jpg 100w, https:\/\/www.taller-palabras.com\/WordPress_04\/wp-content\/uploads\/2022\/12\/simone-de-beauvoir.jpg 283w\" sizes=\"auto, (max-width: 150px) 100vw, 150px\" \/><figcaption id=\"caption-attachment-6563\" class=\"wp-caption-text\">Autora Simone de Beauvoir<\/figcaption><\/figure>\n<p>Primera parte de una autobiograf\u00eda de Simone de Beauvoir, la b\u00fasqueda de una conciencia que se examina a si misma imponi\u00e9ndose un rigor implacable. La autora va trazando las primeras etapas de un aprendizaje: existir sin concesiones a falsos ideales o autoenga\u00f1os. Este primer tomo se cierra con un gran encuentro: reci\u00e9n ingresada en la Sorbona, Simeone de Beauvoir traba amistad con alguien a quien acaba de conocer: Jean Paul Sartre, que dice. \u00abA partir de ahora la tomo entre mis manos\u00bb. Historia de una conciencia que se revela en la libertad y en la \u00abnecesidad aplastante\u00bb, la autobiograf\u00eda de Simone de Beauvoir es ante todo la b\u00fasqueda de una existencia, es decir, en el tiempo como actualidad concreta, en la suma de ambig\u00fcedades y contradicciones de lo que podr\u00eda llamarse \u00abla opacidad de la empresa de vivir\u00bb, que la literatura transforma en transparencia, pues nadie se comprende a s\u00ed mismo sino a trav\u00e9s de los dem\u00e1s. Completan la autobiograf\u00eda \u00abLa fuerza de las cosas\u00bb y \u00abLa plenitud de la vida\u00bb. \u00abHay que hablar de fracaso, del esc\u00e1ndalo, de la muerte, no para desesperar a los lectores, sino al contrario, para intentar salvarlos de la desesperaci\u00f3n\u2026 Una desgracia que encuentra palabras para decirse ya no es una exclusi\u00f3n radical. El lenguaje nos reintegra a la comunidad humana\u00bb.<\/p>\n","protected":false},"excerpt":{"rendered":"<p>Primera parte de una autobiograf\u00eda de Simone de Beauvoir, la b\u00fasqueda de una conciencia que se examina a si misma imponi\u00e9ndose un rigor implacable. La autora va trazando las primeras etapas de un aprendizaje: existir sin concesiones a falsos ideales o autoenga\u00f1os. Este primer tomo se cierra con un gran encuentro: reci\u00e9n ingresada en la [&hellip;]<\/p>\n","protected":false},"featured_media":11939,"template":"","meta":[],"product_brand":[],"product_cat":[25],"product_tag":[54,45,1620,965],"class_list":{"0":"post-11936","1":"product","2":"type-product","3":"status-publish","4":"has-post-thumbnail","6":"product_cat-libros-digitales-ebooks","7":"product_tag-descargar-ebook","8":"product_tag-mejor-novela","9":"product_tag-memorias-de-una-joven-formal","10":"product_tag-simone-de-beauvoir","12":"first","13":"instock","14":"shipping-taxable","15":"purchasable","16":"product-type-variable","17":"has-default-attributes"},"_links":{"self":[{"href":"https:\/\/www.taller-palabras.com\/WordPress_04\/wp-json\/wp\/v2\/product\/11936","targetHints":{"allow":["GET"]}}],"collection":[{"href":"https:\/\/www.taller-palabras.com\/WordPress_04\/wp-json\/wp\/v2\/product"}],"about":[{"href":"https:\/\/www.taller-palabras.com\/WordPress_04\/wp-json\/wp\/v2\/types\/product"}],"wp:featuredmedia":[{"embeddable":true,"href":"https:\/\/www.taller-palabras.com\/WordPress_04\/wp-json\/wp\/v2\/media\/11939"}],"wp:attachment":[{"href":"https:\/\/www.taller-palabras.com\/WordPress_04\/wp-json\/wp\/v2\/media?parent=11936"}],"wp:term":[{"taxonomy":"product_brand","embeddable":true,"href":"https:\/\/www.taller-palabras.com\/WordPress_04\/wp-json\/wp\/v2\/product_brand?post=11936"},{"taxonomy":"product_cat","embeddable":true,"href":"https:\/\/www.taller-palabras.com\/WordPress_04\/wp-json\/wp\/v2\/product_cat?post=11936"},{"taxonomy":"product_tag","embeddable":true,"href":"https:\/\/www.taller-palabras.com\/WordPress_04\/wp-json\/wp\/v2\/product_tag?post=11936"}],"curies":[{"name":"wp","href":"https:\/\/api.w.org\/{rel}","templated":true}]}}