{"id":11950,"date":"2020-01-12T15:46:57","date_gmt":"2020-01-12T18:46:57","guid":{"rendered":"https:\/\/www.taller-palabras.com\/WordPress_04\/?post_type=product&#038;p=11950"},"modified":"2026-03-31T12:14:01","modified_gmt":"2026-03-31T15:14:01","slug":"el-coronel-no-tiene-quien-le-escriba-gabriel-garcia-marquez-ebook","status":"publish","type":"product","link":"https:\/\/www.taller-palabras.com\/WordPress_04\/producto\/el-coronel-no-tiene-quien-le-escriba-gabriel-garcia-marquez-ebook","title":{"rendered":"El coronel no tiene quien le escriba (ilustrada) &#8211; Gabriel Garc\u00eda M\u00e1rquez  \/ebook"},"content":{"rendered":"<figure id=\"attachment_823\" aria-describedby=\"caption-attachment-823\" style=\"width: 150px\" class=\"wp-caption alignleft\"><img loading=\"lazy\" decoding=\"async\" class=\"wp-image-823 size-thumbnail\" src=\"https:\/\/www.taller-palabras.com\/WordPress_04\/wp-content\/uploads\/2020\/01\/garcia_marquez-150x150.jpg\" alt=\"\" width=\"150\" height=\"150\" srcset=\"https:\/\/www.taller-palabras.com\/WordPress_04\/wp-content\/uploads\/2020\/01\/garcia_marquez-150x150.jpg 150w, https:\/\/www.taller-palabras.com\/WordPress_04\/wp-content\/uploads\/2020\/01\/garcia_marquez-100x100.jpg 100w\" sizes=\"auto, (max-width: 150px) 100vw, 150px\" \/><figcaption id=\"caption-attachment-823\" class=\"wp-caption-text\">Autor Gabriel Garc\u00eda M\u00e1rquez<\/figcaption><\/figure>\n<p>\u00abEl coronel no tiene quien le escriba\u00bb fue escrita por Gabriel Garc\u00eda M\u00e1rquez durante su estancia en Par\u00eds, donde hab\u00eda llegado, a mediados de los cincuenta, como corresponsal de prensa y con la secreta intenci\u00f3n de estudiar cine. El cierre del peri\u00f3dico para el que trabajaba le sumi\u00f3 en la pobreza mientras redactaba en tres versiones distintas esta excepcional novela, que luego fue rechazada por varios editores antes de su publicaci\u00f3n. Tras el barroquismo faulkneriano de \u00abLa hojarasca\u00bb, esta segunda novela supone un paso hacia la ascesis, hacia la econom\u00eda expresiva, y el estilo del escritor se hace m\u00e1s puro y transparente. Se trata tambi\u00e9n de una historia de injusticia y violencia: un viejo coronel retirado va al puerto todos los viernes a esperar la llegada de la carta oficial que responda a la justa reclamaci\u00f3n de sus derechos por los servicios prestados a la patria. Pero la patria permanece muda&#8230;<br \/>\nEn el 40.\u00ba aniversario de la concesi\u00f3n del Nobel de Literatura a Gabriel Garc\u00eda M\u00e1rquez, se publica esta edici\u00f3n ilustrada por Luisa Rivera de una de sus novelas m\u00e1s emblem\u00e1ticas.<\/p>\n","protected":false},"excerpt":{"rendered":"<p>\u00abEl coronel no tiene quien le escriba\u00bb fue escrita por Gabriel Garc\u00eda M\u00e1rquez durante su estancia en Par\u00eds, donde hab\u00eda llegado, a mediados de los cincuenta, como corresponsal de prensa y con la secreta intenci\u00f3n de estudiar cine. El cierre del peri\u00f3dico para el que trabajaba le sumi\u00f3 en la pobreza mientras redactaba en tres [&hellip;]<\/p>\n","protected":false},"featured_media":11954,"template":"","meta":[],"product_brand":[1706],"product_cat":[25],"product_tag":[136,1623,171,55],"class_list":{"0":"post-11950","1":"product","2":"type-product","3":"status-publish","4":"has-post-thumbnail","6":"product_brand-grupo1","7":"product_cat-libros-digitales-ebooks","8":"product_tag-decargar-ebook","9":"product_tag-el-coronel-no-tiene-quien-le-escriba","10":"product_tag-gabriel-garcia-marquez","11":"product_tag-novelas","13":"first","14":"instock","15":"shipping-taxable","16":"purchasable","17":"product-type-variable","18":"has-default-attributes"},"_links":{"self":[{"href":"https:\/\/www.taller-palabras.com\/WordPress_04\/wp-json\/wp\/v2\/product\/11950","targetHints":{"allow":["GET"]}}],"collection":[{"href":"https:\/\/www.taller-palabras.com\/WordPress_04\/wp-json\/wp\/v2\/product"}],"about":[{"href":"https:\/\/www.taller-palabras.com\/WordPress_04\/wp-json\/wp\/v2\/types\/product"}],"wp:featuredmedia":[{"embeddable":true,"href":"https:\/\/www.taller-palabras.com\/WordPress_04\/wp-json\/wp\/v2\/media\/11954"}],"wp:attachment":[{"href":"https:\/\/www.taller-palabras.com\/WordPress_04\/wp-json\/wp\/v2\/media?parent=11950"}],"wp:term":[{"taxonomy":"product_brand","embeddable":true,"href":"https:\/\/www.taller-palabras.com\/WordPress_04\/wp-json\/wp\/v2\/product_brand?post=11950"},{"taxonomy":"product_cat","embeddable":true,"href":"https:\/\/www.taller-palabras.com\/WordPress_04\/wp-json\/wp\/v2\/product_cat?post=11950"},{"taxonomy":"product_tag","embeddable":true,"href":"https:\/\/www.taller-palabras.com\/WordPress_04\/wp-json\/wp\/v2\/product_tag?post=11950"}],"curies":[{"name":"wp","href":"https:\/\/api.w.org\/{rel}","templated":true}]}}