{"id":11958,"date":"2022-03-06T10:14:40","date_gmt":"2022-03-06T13:14:40","guid":{"rendered":"https:\/\/www.taller-palabras.com\/WordPress_04\/?post_type=product&#038;p=11958"},"modified":"2026-03-31T13:05:44","modified_gmt":"2026-03-31T16:05:44","slug":"lituma-en-los-andes-mario-vargas-llosa-ebook","status":"publish","type":"product","link":"https:\/\/www.taller-palabras.com\/WordPress_04\/producto\/lituma-en-los-andes-mario-vargas-llosa-ebook","title":{"rendered":"Lituma en los Andes &#8211; Mario Vargas Llosa \/ebook"},"content":{"rendered":"<figure id=\"attachment_235\" aria-describedby=\"caption-attachment-235\" style=\"width: 150px\" class=\"wp-caption alignleft\"><img loading=\"lazy\" decoding=\"async\" class=\"wp-image-235 size-thumbnail\" src=\"https:\/\/www.taller-palabras.com\/WordPress_04\/wp-content\/uploads\/2018\/10\/vargas_llosa-150x150.jpg\" alt=\"\" width=\"150\" height=\"150\" srcset=\"https:\/\/www.taller-palabras.com\/WordPress_04\/wp-content\/uploads\/2018\/10\/vargas_llosa-150x150.jpg 150w, https:\/\/www.taller-palabras.com\/WordPress_04\/wp-content\/uploads\/2018\/10\/vargas_llosa-324x324.jpg 324w, https:\/\/www.taller-palabras.com\/WordPress_04\/wp-content\/uploads\/2018\/10\/vargas_llosa-100x100.jpg 100w\" sizes=\"auto, (max-width: 150px) 100vw, 150px\" \/><figcaption id=\"caption-attachment-235\" class=\"wp-caption-text\">Autor Mario Vargas Llosa<\/figcaption><\/figure>\n<p>En un campamento minero de las monta\u00f1as del Per\u00fa, el cabo Lituma y su adjunto Tom\u00e1s viven en un ambiente b\u00e1rbaro y hostil, bajo la constante amenaza de los guerrilleros mao\u00edstas de Sendero Luminoso. La indiscutible maestr\u00eda de uno de los mejores novelistas contempor\u00e1neos en lengua espa\u00f1ola se hace patente en estas p\u00e1ginas, que constituyen un impresionante mosaico de situaciones humanas a las que s\u00f3lo un escritor como Vargas Llosa pod\u00eda dar tanto dramatismo y profundidad.<\/p>\n","protected":false},"excerpt":{"rendered":"<p>En un campamento minero de las monta\u00f1as del Per\u00fa, el cabo Lituma y su adjunto Tom\u00e1s viven en un ambiente b\u00e1rbaro y hostil, bajo la constante amenaza de los guerrilleros mao\u00edstas de Sendero Luminoso. La indiscutible maestr\u00eda de uno de los mejores novelistas contempor\u00e1neos en lengua espa\u00f1ola se hace patente en estas p\u00e1ginas, que constituyen [&hellip;]<\/p>\n","protected":false},"featured_media":11961,"template":"","meta":[],"product_brand":[1706],"product_cat":[25],"product_tag":[54,1624,84,225],"class_list":{"0":"post-11958","1":"product","2":"type-product","3":"status-publish","4":"has-post-thumbnail","6":"product_brand-grupo1","7":"product_cat-libros-digitales-ebooks","8":"product_tag-descargar-ebook","9":"product_tag-lituma-en-los-andes","10":"product_tag-mario-vargas-llosa","11":"product_tag-mejores-novelas","13":"first","14":"instock","15":"shipping-taxable","16":"purchasable","17":"product-type-variable","18":"has-default-attributes"},"_links":{"self":[{"href":"https:\/\/www.taller-palabras.com\/WordPress_04\/wp-json\/wp\/v2\/product\/11958","targetHints":{"allow":["GET"]}}],"collection":[{"href":"https:\/\/www.taller-palabras.com\/WordPress_04\/wp-json\/wp\/v2\/product"}],"about":[{"href":"https:\/\/www.taller-palabras.com\/WordPress_04\/wp-json\/wp\/v2\/types\/product"}],"wp:featuredmedia":[{"embeddable":true,"href":"https:\/\/www.taller-palabras.com\/WordPress_04\/wp-json\/wp\/v2\/media\/11961"}],"wp:attachment":[{"href":"https:\/\/www.taller-palabras.com\/WordPress_04\/wp-json\/wp\/v2\/media?parent=11958"}],"wp:term":[{"taxonomy":"product_brand","embeddable":true,"href":"https:\/\/www.taller-palabras.com\/WordPress_04\/wp-json\/wp\/v2\/product_brand?post=11958"},{"taxonomy":"product_cat","embeddable":true,"href":"https:\/\/www.taller-palabras.com\/WordPress_04\/wp-json\/wp\/v2\/product_cat?post=11958"},{"taxonomy":"product_tag","embeddable":true,"href":"https:\/\/www.taller-palabras.com\/WordPress_04\/wp-json\/wp\/v2\/product_tag?post=11958"}],"curies":[{"name":"wp","href":"https:\/\/api.w.org\/{rel}","templated":true}]}}