{"id":11970,"date":"2021-06-25T12:12:32","date_gmt":"2021-06-25T15:12:32","guid":{"rendered":"https:\/\/www.taller-palabras.com\/WordPress_04\/?post_type=product&#038;p=11970"},"modified":"2026-02-02T09:17:09","modified_gmt":"2026-02-02T12:17:09","slug":"pentalogia-los-juegos-del-hambre-suzanne-collins","status":"publish","type":"product","link":"https:\/\/www.taller-palabras.com\/WordPress_04\/producto\/pentalogia-los-juegos-del-hambre-suzanne-collins","title":{"rendered":"Pentalog\u00eda &#8211; Los juegos del hambre &#8211; Suzanne Collins"},"content":{"rendered":"<figure id=\"attachment_3780\" aria-describedby=\"caption-attachment-3780\" style=\"width: 150px\" class=\"wp-caption alignleft\"><img loading=\"lazy\" decoding=\"async\" class=\"wp-image-3780 size-thumbnail\" style=\"font-weight: 600;\" src=\"https:\/\/www.taller-palabras.com\/WordPress_04\/wp-content\/uploads\/2021\/06\/Suzanne_Collins-150x150.jpg\" alt=\"\" width=\"150\" height=\"150\" srcset=\"https:\/\/www.taller-palabras.com\/WordPress_04\/wp-content\/uploads\/2021\/06\/Suzanne_Collins-150x150.jpg 150w, https:\/\/www.taller-palabras.com\/WordPress_04\/wp-content\/uploads\/2021\/06\/Suzanne_Collins-100x100.jpg 100w\" sizes=\"auto, (max-width: 150px) 100vw, 150px\" \/><figcaption id=\"caption-attachment-3780\" class=\"wp-caption-text\">Autora Suzanne Collins<\/figcaption><\/figure>\n<p>5 en 1. La serie <strong>Los juegos del hambre<\/strong> consta de una pentalog\u00eda que sigue a la protagonista adolescente Katniss Everdeen, con dos precuelas ambientadas 64 a\u00f1os y 24 a\u00f1os antes de la trilog\u00eda original. Se lleva a cabo en un per\u00edodo de tiempo futuro no identificado despu\u00e9s de la destrucci\u00f3n de los pa\u00edses actuales de Am\u00e9rica del Norte, en un pa\u00eds conocido como \u00abPanem\u00bb. Panem esta formado por un rico Capitolio, ubicado en lo que sol\u00eda ser de las rocosas de Am\u00e9rica del Norte, y doce (antes trece) distritos que lo rodean, los distritos m\u00e1s pobres, que atienden a las necesidades del Capitolio. Como castigo por una rebeli\u00f3n en contra de este \u00faltimo, en el que Capitolio derroto a los doce primeros distritos y destruy\u00f3 al decimotercero, cada a\u00f1o, un chico y una chica de cada uno de los doce distritos restantes, entre doce y dieciocho a\u00f1os, son seleccionados por sorteo y obligados a participar en los \u00abJuegos del Hambre\u00bb. Los juegos son un evento televisado donde los participantes, llamados \u00abtributos\u00bb, deben luchar hasta la muerte en un estadio al aire libre hasta que s\u00f3lo queda uno. El tributo ganador y su distrito correspondiente, recibir\u00e1n alimentos. La pentalog\u00eda se compone de <em>Los<\/em> <em>juegos del hambre, En llamas, Sinsajo, Balada de p\u00e1jaros cantores y Amanecer en la cosecha<\/em>.<\/p>\n<p>&nbsp;<\/p>\n","protected":false},"excerpt":{"rendered":"<p>5 en 1. La serie Los juegos del hambre consta de una pentalog\u00eda que sigue a la protagonista adolescente Katniss Everdeen, con dos precuelas ambientadas 64 a\u00f1os y 24 a\u00f1os antes de la trilog\u00eda original. Se lleva a cabo en un per\u00edodo de tiempo futuro no identificado despu\u00e9s de la destrucci\u00f3n de los pa\u00edses actuales [&hellip;]<\/p>\n","protected":false},"featured_media":11973,"template":"","meta":[],"product_brand":[],"product_cat":[25],"product_tag":[1625,1604,54,477,478,476,475],"class_list":{"0":"post-11970","1":"product","2":"type-product","3":"status-publish","4":"has-post-thumbnail","6":"product_cat-libros-digitales-ebooks","7":"product_tag-amaneceres-en-la-cosecha","8":"product_tag-balada-de-pajaros-cantores-y-serpientes","9":"product_tag-descargar-ebook","10":"product_tag-en-llamas","11":"product_tag-los-juegos-del-hambre","12":"product_tag-sinsajo","13":"product_tag-suzanne-collins","15":"first","16":"instock","17":"shipping-taxable","18":"purchasable","19":"product-type-variable","20":"has-default-attributes"},"_links":{"self":[{"href":"https:\/\/www.taller-palabras.com\/WordPress_04\/wp-json\/wp\/v2\/product\/11970","targetHints":{"allow":["GET"]}}],"collection":[{"href":"https:\/\/www.taller-palabras.com\/WordPress_04\/wp-json\/wp\/v2\/product"}],"about":[{"href":"https:\/\/www.taller-palabras.com\/WordPress_04\/wp-json\/wp\/v2\/types\/product"}],"wp:featuredmedia":[{"embeddable":true,"href":"https:\/\/www.taller-palabras.com\/WordPress_04\/wp-json\/wp\/v2\/media\/11973"}],"wp:attachment":[{"href":"https:\/\/www.taller-palabras.com\/WordPress_04\/wp-json\/wp\/v2\/media?parent=11970"}],"wp:term":[{"taxonomy":"product_brand","embeddable":true,"href":"https:\/\/www.taller-palabras.com\/WordPress_04\/wp-json\/wp\/v2\/product_brand?post=11970"},{"taxonomy":"product_cat","embeddable":true,"href":"https:\/\/www.taller-palabras.com\/WordPress_04\/wp-json\/wp\/v2\/product_cat?post=11970"},{"taxonomy":"product_tag","embeddable":true,"href":"https:\/\/www.taller-palabras.com\/WordPress_04\/wp-json\/wp\/v2\/product_tag?post=11970"}],"curies":[{"name":"wp","href":"https:\/\/api.w.org\/{rel}","templated":true}]}}