{"id":11993,"date":"2026-01-08T12:56:12","date_gmt":"2026-01-08T15:56:12","guid":{"rendered":"https:\/\/www.taller-palabras.com\/WordPress_04\/?post_type=product&#038;p=11993"},"modified":"2026-01-08T13:01:31","modified_gmt":"2026-01-08T16:01:31","slug":"articuentos-completos-juan-jose-millas-ebook","status":"publish","type":"product","link":"https:\/\/www.taller-palabras.com\/WordPress_04\/producto\/articuentos-completos-juan-jose-millas-ebook","title":{"rendered":"Articuentos completos &#8211; Juan Jos\u00e9 Mill\u00e1s \/ebook"},"content":{"rendered":"<figure id=\"attachment_11998\" aria-describedby=\"caption-attachment-11998\" style=\"width: 150px\" class=\"wp-caption alignleft\"><img loading=\"lazy\" decoding=\"async\" class=\"wp-image-11998 size-thumbnail\" src=\"https:\/\/www.taller-palabras.com\/WordPress_04\/wp-content\/uploads\/2026\/01\/juanjosemillas-150x150.jpg\" alt=\"\" width=\"150\" height=\"150\" srcset=\"https:\/\/www.taller-palabras.com\/WordPress_04\/wp-content\/uploads\/2026\/01\/juanjosemillas-150x150.jpg 150w, https:\/\/www.taller-palabras.com\/WordPress_04\/wp-content\/uploads\/2026\/01\/juanjosemillas-100x100.jpg 100w, https:\/\/www.taller-palabras.com\/WordPress_04\/wp-content\/uploads\/2026\/01\/juanjosemillas.jpg 283w\" sizes=\"auto, (max-width: 150px) 100vw, 150px\" \/><figcaption id=\"caption-attachment-11998\" class=\"wp-caption-text\">Autor Juan Jos\u00e9 Mill\u00e1s<\/figcaption><\/figure>\n<p>Por fin, los Articuentos completos de Juan Jos\u00e9 Mill\u00e1s, ese g\u00e9nero de su invenci\u00f3n que define como \u00abcr\u00f3nicas del surrealismo cotidiano dosificadas en perlas\u00bb. Y con ellos llega el sobresalto, la carcajada y el regusto placentero provocado por la irrupci\u00f3n de lo inaudito en una realidad que conocemos bien\u2026 o eso pens\u00e1bamos. Si el m\u00e1s exhaustivo de los archivos gastron\u00f3micos tuviera un equivalente literario, se parecer\u00eda a este libro. Los Articuentos resucitar\u00e1n tu matrimonio, con ellos oir\u00e1s el viento de tu historia personal cuando vayas a buscar hielo durante una fiesta y, al ir a dormir, mirar\u00e1s de reojo tu ropa en el gal\u00e1n de noche, por si acaso\u2026 \u00bfPara qu\u00e9 sirve un Articuento? Para reavivar el lenguaje, para ensayar nuevas f\u00f3rmulas entre la realidad y la ficci\u00f3n, para renovar el ojo cr\u00edtico, la mente abierta y la risa aparentemente f\u00e1cil\u2026 Para buscar la verdad y encontrarla. Pero, sobre todo, para hacerse adicto a ese mundo paralelo que s\u00f3lo el maestro Mill\u00e1s es capaz de vislumbrar.<\/p>\n","protected":false},"excerpt":{"rendered":"<p>Por fin, los Articuentos completos de Juan Jos\u00e9 Mill\u00e1s, ese g\u00e9nero de su invenci\u00f3n que define como \u00abcr\u00f3nicas del surrealismo cotidiano dosificadas en perlas\u00bb. Y con ellos llega el sobresalto, la carcajada y el regusto placentero provocado por la irrupci\u00f3n de lo inaudito en una realidad que conocemos bien\u2026 o eso pens\u00e1bamos. Si el m\u00e1s [&hellip;]<\/p>\n","protected":false},"featured_media":11996,"template":"","meta":[],"product_brand":[],"product_cat":[25],"product_tag":[1630,54,1629,1184],"class_list":{"0":"post-11993","1":"product","2":"type-product","3":"status-publish","4":"has-post-thumbnail","6":"product_cat-libros-digitales-ebooks","7":"product_tag-articuentos-completos","8":"product_tag-descargar-ebook","9":"product_tag-juan-jose-millas","10":"product_tag-mejor-novelas","12":"first","13":"instock","14":"shipping-taxable","15":"purchasable","16":"product-type-variable","17":"has-default-attributes"},"_links":{"self":[{"href":"https:\/\/www.taller-palabras.com\/WordPress_04\/wp-json\/wp\/v2\/product\/11993","targetHints":{"allow":["GET"]}}],"collection":[{"href":"https:\/\/www.taller-palabras.com\/WordPress_04\/wp-json\/wp\/v2\/product"}],"about":[{"href":"https:\/\/www.taller-palabras.com\/WordPress_04\/wp-json\/wp\/v2\/types\/product"}],"wp:featuredmedia":[{"embeddable":true,"href":"https:\/\/www.taller-palabras.com\/WordPress_04\/wp-json\/wp\/v2\/media\/11996"}],"wp:attachment":[{"href":"https:\/\/www.taller-palabras.com\/WordPress_04\/wp-json\/wp\/v2\/media?parent=11993"}],"wp:term":[{"taxonomy":"product_brand","embeddable":true,"href":"https:\/\/www.taller-palabras.com\/WordPress_04\/wp-json\/wp\/v2\/product_brand?post=11993"},{"taxonomy":"product_cat","embeddable":true,"href":"https:\/\/www.taller-palabras.com\/WordPress_04\/wp-json\/wp\/v2\/product_cat?post=11993"},{"taxonomy":"product_tag","embeddable":true,"href":"https:\/\/www.taller-palabras.com\/WordPress_04\/wp-json\/wp\/v2\/product_tag?post=11993"}],"curies":[{"name":"wp","href":"https:\/\/api.w.org\/{rel}","templated":true}]}}