{"id":12001,"date":"2026-01-08T13:02:03","date_gmt":"2026-01-08T16:02:03","guid":{"rendered":"https:\/\/www.taller-palabras.com\/WordPress_04\/?post_type=product&#038;p=12001"},"modified":"2026-01-08T13:06:44","modified_gmt":"2026-01-08T16:06:44","slug":"el-desorden-de-tu-nombre-juan-jose-millas-ebook","status":"publish","type":"product","link":"https:\/\/www.taller-palabras.com\/WordPress_04\/producto\/el-desorden-de-tu-nombre-juan-jose-millas-ebook","title":{"rendered":"El desorden de tu nombre &#8211; Juan Jos\u00e9 Mill\u00e1s \/ebook"},"content":{"rendered":"<figure id=\"attachment_11998\" aria-describedby=\"caption-attachment-11998\" style=\"width: 150px\" class=\"wp-caption alignleft\"><img loading=\"lazy\" decoding=\"async\" class=\"wp-image-11998 size-thumbnail\" src=\"https:\/\/www.taller-palabras.com\/WordPress_04\/wp-content\/uploads\/2026\/01\/juanjosemillas-150x150.jpg\" alt=\"\" width=\"150\" height=\"150\" srcset=\"https:\/\/www.taller-palabras.com\/WordPress_04\/wp-content\/uploads\/2026\/01\/juanjosemillas-150x150.jpg 150w, https:\/\/www.taller-palabras.com\/WordPress_04\/wp-content\/uploads\/2026\/01\/juanjosemillas-100x100.jpg 100w, https:\/\/www.taller-palabras.com\/WordPress_04\/wp-content\/uploads\/2026\/01\/juanjosemillas.jpg 283w\" sizes=\"auto, (max-width: 150px) 100vw, 150px\" \/><figcaption id=\"caption-attachment-11998\" class=\"wp-caption-text\">Autor Juan Jos\u00e9 Mill\u00e1s<\/figcaption><\/figure>\n<p>Cuando Julio Orgaz, ejecutivo de una empresa editorial, sale cada martes y viernes de la consulta del psicoanalista, encuentra en el parque a Laura, una mujer casada que le atrae inexplicablemente y de la que en poco tiempo se enamora. Pero la mirada de Julio descubre a veces, en el rostro de Laura, los rasgos de otra mujer a la que am\u00f3.<br \/>\nUna trama amorosa construida sobre el esquema de la relaci\u00f3n triangular que supuso la consagraci\u00f3n de\u00a0<strong>Mill\u00e1s<\/strong>\u00a0como narrador, en la que se refleja una de las constantes de toda la obra de este laureado escritor y columnista; la difusa l\u00ednea que separa lo real de lo imaginado, lo so\u00f1ado de lo vivido. Una novela con trasfondo urbano que esconde una ambiciosa par\u00e1bola sobre la cuesti\u00f3n de la propia identidad y el lugar de la ficci\u00f3n en nuestras vidas.<\/p>\n","protected":false},"excerpt":{"rendered":"<p>Cuando Julio Orgaz, ejecutivo de una empresa editorial, sale cada martes y viernes de la consulta del psicoanalista, encuentra en el parque a Laura, una mujer casada que le atrae inexplicablemente y de la que en poco tiempo se enamora. Pero la mirada de Julio descubre a veces, en el rostro de Laura, los rasgos [&hellip;]<\/p>\n","protected":false},"featured_media":12006,"template":"","meta":[],"product_brand":[],"product_cat":[25],"product_tag":[54,1631,1629,1184],"class_list":{"0":"post-12001","1":"product","2":"type-product","3":"status-publish","4":"has-post-thumbnail","6":"product_cat-libros-digitales-ebooks","7":"product_tag-descargar-ebook","8":"product_tag-el-desorden-de-tu-nombre","9":"product_tag-juan-jose-millas","10":"product_tag-mejor-novelas","12":"first","13":"instock","14":"shipping-taxable","15":"purchasable","16":"product-type-variable","17":"has-default-attributes"},"_links":{"self":[{"href":"https:\/\/www.taller-palabras.com\/WordPress_04\/wp-json\/wp\/v2\/product\/12001","targetHints":{"allow":["GET"]}}],"collection":[{"href":"https:\/\/www.taller-palabras.com\/WordPress_04\/wp-json\/wp\/v2\/product"}],"about":[{"href":"https:\/\/www.taller-palabras.com\/WordPress_04\/wp-json\/wp\/v2\/types\/product"}],"wp:featuredmedia":[{"embeddable":true,"href":"https:\/\/www.taller-palabras.com\/WordPress_04\/wp-json\/wp\/v2\/media\/12006"}],"wp:attachment":[{"href":"https:\/\/www.taller-palabras.com\/WordPress_04\/wp-json\/wp\/v2\/media?parent=12001"}],"wp:term":[{"taxonomy":"product_brand","embeddable":true,"href":"https:\/\/www.taller-palabras.com\/WordPress_04\/wp-json\/wp\/v2\/product_brand?post=12001"},{"taxonomy":"product_cat","embeddable":true,"href":"https:\/\/www.taller-palabras.com\/WordPress_04\/wp-json\/wp\/v2\/product_cat?post=12001"},{"taxonomy":"product_tag","embeddable":true,"href":"https:\/\/www.taller-palabras.com\/WordPress_04\/wp-json\/wp\/v2\/product_tag?post=12001"}],"curies":[{"name":"wp","href":"https:\/\/api.w.org\/{rel}","templated":true}]}}