{"id":12008,"date":"2026-01-08T13:33:47","date_gmt":"2026-01-08T16:33:47","guid":{"rendered":"https:\/\/www.taller-palabras.com\/WordPress_04\/?post_type=product&#038;p=12008"},"modified":"2026-01-08T13:39:15","modified_gmt":"2026-01-08T16:39:15","slug":"el-ojo-de-la-cerradura-juan-jose-millas-ebook","status":"publish","type":"product","link":"https:\/\/www.taller-palabras.com\/WordPress_04\/producto\/el-ojo-de-la-cerradura-juan-jose-millas-ebook","title":{"rendered":"El ojo de la cerradura &#8211; Juan Jos\u00e9 Mill\u00e1s \/ebook"},"content":{"rendered":"<figure id=\"attachment_11998\" aria-describedby=\"caption-attachment-11998\" style=\"width: 150px\" class=\"wp-caption alignleft\"><img loading=\"lazy\" decoding=\"async\" class=\"wp-image-11998 size-thumbnail\" src=\"https:\/\/www.taller-palabras.com\/WordPress_04\/wp-content\/uploads\/2026\/01\/juanjosemillas-150x150.jpg\" alt=\"\" width=\"150\" height=\"150\" srcset=\"https:\/\/www.taller-palabras.com\/WordPress_04\/wp-content\/uploads\/2026\/01\/juanjosemillas-150x150.jpg 150w, https:\/\/www.taller-palabras.com\/WordPress_04\/wp-content\/uploads\/2026\/01\/juanjosemillas-100x100.jpg 100w, https:\/\/www.taller-palabras.com\/WordPress_04\/wp-content\/uploads\/2026\/01\/juanjosemillas.jpg 283w\" sizes=\"auto, (max-width: 150px) 100vw, 150px\" \/><figcaption id=\"caption-attachment-11998\" class=\"wp-caption-text\">Autor Juan Jos\u00e9 Mill\u00e1s<\/figcaption><\/figure>\n<p>De cada nacimiento, de cada cat\u00e1strofe, de cada cumplea\u00f1os, hay cientos de testimonios gr\u00e1ficos, pero al final s\u00f3lo uno de ellos, con suerte, es elegido como icono de una \u00e9poca, de un suceso, de un espect\u00e1culo. \u00bfPor qu\u00e9? Porque entre todos los fot\u00f3grafos espont\u00e1neos s\u00f3lo uno supo mirar, s\u00f3lo uno supo fotografiar las luces o las sombras, s\u00f3lo uno acert\u00f3 con el \u00abemplazamiento de c\u00e1mara\u00bb, con el punto de vista. Gran parte de las fotograf\u00edas seleccionadas para este libro, incluida la de la cubierta, tienen la virtud de que, sin dejar de ser profesionales y de referirse a asuntos p\u00fablicos, irradian un halo de fotograf\u00eda familiar, de representaci\u00f3n \u00edntima. Parecen escenas captadas a trav\u00e9s del ojo de una cerradura, lo que constituye una singularidad sorprendente. Cierren un ojo, as\u00f3mense y ver\u00e1n.<\/p>\n","protected":false},"excerpt":{"rendered":"<p>De cada nacimiento, de cada cat\u00e1strofe, de cada cumplea\u00f1os, hay cientos de testimonios gr\u00e1ficos, pero al final s\u00f3lo uno de ellos, con suerte, es elegido como icono de una \u00e9poca, de un suceso, de un espect\u00e1culo. \u00bfPor qu\u00e9? Porque entre todos los fot\u00f3grafos espont\u00e1neos s\u00f3lo uno supo mirar, s\u00f3lo uno supo fotografiar las luces o [&hellip;]<\/p>\n","protected":false},"featured_media":12011,"template":"","meta":[],"product_brand":[],"product_cat":[25],"product_tag":[54,1632,1629,1184],"class_list":{"0":"post-12008","1":"product","2":"type-product","3":"status-publish","4":"has-post-thumbnail","6":"product_cat-libros-digitales-ebooks","7":"product_tag-descargar-ebook","8":"product_tag-el-ojo-de-la-cerradura","9":"product_tag-juan-jose-millas","10":"product_tag-mejor-novelas","12":"first","13":"instock","14":"shipping-taxable","15":"purchasable","16":"product-type-variable","17":"has-default-attributes"},"_links":{"self":[{"href":"https:\/\/www.taller-palabras.com\/WordPress_04\/wp-json\/wp\/v2\/product\/12008","targetHints":{"allow":["GET"]}}],"collection":[{"href":"https:\/\/www.taller-palabras.com\/WordPress_04\/wp-json\/wp\/v2\/product"}],"about":[{"href":"https:\/\/www.taller-palabras.com\/WordPress_04\/wp-json\/wp\/v2\/types\/product"}],"wp:featuredmedia":[{"embeddable":true,"href":"https:\/\/www.taller-palabras.com\/WordPress_04\/wp-json\/wp\/v2\/media\/12011"}],"wp:attachment":[{"href":"https:\/\/www.taller-palabras.com\/WordPress_04\/wp-json\/wp\/v2\/media?parent=12008"}],"wp:term":[{"taxonomy":"product_brand","embeddable":true,"href":"https:\/\/www.taller-palabras.com\/WordPress_04\/wp-json\/wp\/v2\/product_brand?post=12008"},{"taxonomy":"product_cat","embeddable":true,"href":"https:\/\/www.taller-palabras.com\/WordPress_04\/wp-json\/wp\/v2\/product_cat?post=12008"},{"taxonomy":"product_tag","embeddable":true,"href":"https:\/\/www.taller-palabras.com\/WordPress_04\/wp-json\/wp\/v2\/product_tag?post=12008"}],"curies":[{"name":"wp","href":"https:\/\/api.w.org\/{rel}","templated":true}]}}