{"id":12016,"date":"2026-01-09T09:58:52","date_gmt":"2026-01-09T12:58:52","guid":{"rendered":"https:\/\/www.taller-palabras.com\/WordPress_04\/?post_type=product&#038;p=12016"},"modified":"2026-01-09T10:04:06","modified_gmt":"2026-01-09T13:04:06","slug":"los-ingravidos-valeria-luiselli-ebook","status":"publish","type":"product","link":"https:\/\/www.taller-palabras.com\/WordPress_04\/producto\/los-ingravidos-valeria-luiselli-ebook","title":{"rendered":"Los ingr\u00e1vidos &#8211; Valeria Luiselli \/ebook"},"content":{"rendered":"<figure id=\"attachment_12020\" aria-describedby=\"caption-attachment-12020\" style=\"width: 150px\" class=\"wp-caption alignleft\"><img loading=\"lazy\" decoding=\"async\" class=\"wp-image-12020 size-thumbnail\" src=\"https:\/\/www.taller-palabras.com\/WordPress_04\/wp-content\/uploads\/2026\/01\/Valeria_Luiselli-150x150.jpg\" alt=\"\" width=\"150\" height=\"150\" srcset=\"https:\/\/www.taller-palabras.com\/WordPress_04\/wp-content\/uploads\/2026\/01\/Valeria_Luiselli-150x150.jpg 150w, https:\/\/www.taller-palabras.com\/WordPress_04\/wp-content\/uploads\/2026\/01\/Valeria_Luiselli-100x100.jpg 100w, https:\/\/www.taller-palabras.com\/WordPress_04\/wp-content\/uploads\/2026\/01\/Valeria_Luiselli.jpg 283w\" sizes=\"auto, (max-width: 150px) 100vw, 150px\" \/><figcaption id=\"caption-attachment-12020\" class=\"wp-caption-text\">Autora Valeria Luiselli<\/figcaption><\/figure>\n<p>\u00bfCu\u00e1ntas vidas y cu\u00e1ntas muertes son posibles en la existencia de una misma persona? Los ingr\u00e1vidos es una novela sobre existencias fantasmales; una evocaci\u00f3n, a la vez melanc\u00f3lica y llena de humor, sobre la imposibilidad del encuentro amoroso y el car\u00e1cter irrevocable de la p\u00e9rdida. Dos voces componen esta novela. La narradora, una mujer del M\u00e9xico contempor\u00e1neo, relata sus a\u00f1os de juventud como editora en Nueva York, en los que el fantasma del poeta Gilberto Owen la persegu\u00eda por el metro. Ambos narradores se buscan en el espacio insondable de los trenes subterr\u00e1neos, donde viajaban en sus respectivos pasados.<\/p>\n","protected":false},"excerpt":{"rendered":"<p>\u00bfCu\u00e1ntas vidas y cu\u00e1ntas muertes son posibles en la existencia de una misma persona? Los ingr\u00e1vidos es una novela sobre existencias fantasmales; una evocaci\u00f3n, a la vez melanc\u00f3lica y llena de humor, sobre la imposibilidad del encuentro amoroso y el car\u00e1cter irrevocable de la p\u00e9rdida. Dos voces componen esta novela. La narradora, una mujer del [&hellip;]<\/p>\n","protected":false},"featured_media":12019,"template":"","meta":[],"product_brand":[],"product_cat":[25],"product_tag":[54,1634,1184,1633],"class_list":{"0":"post-12016","1":"product","2":"type-product","3":"status-publish","4":"has-post-thumbnail","6":"product_cat-libros-digitales-ebooks","7":"product_tag-descargar-ebook","8":"product_tag-los-ingravidos","9":"product_tag-mejor-novelas","10":"product_tag-valeria-luiselli","12":"first","13":"instock","14":"shipping-taxable","15":"purchasable","16":"product-type-variable","17":"has-default-attributes"},"_links":{"self":[{"href":"https:\/\/www.taller-palabras.com\/WordPress_04\/wp-json\/wp\/v2\/product\/12016","targetHints":{"allow":["GET"]}}],"collection":[{"href":"https:\/\/www.taller-palabras.com\/WordPress_04\/wp-json\/wp\/v2\/product"}],"about":[{"href":"https:\/\/www.taller-palabras.com\/WordPress_04\/wp-json\/wp\/v2\/types\/product"}],"wp:featuredmedia":[{"embeddable":true,"href":"https:\/\/www.taller-palabras.com\/WordPress_04\/wp-json\/wp\/v2\/media\/12019"}],"wp:attachment":[{"href":"https:\/\/www.taller-palabras.com\/WordPress_04\/wp-json\/wp\/v2\/media?parent=12016"}],"wp:term":[{"taxonomy":"product_brand","embeddable":true,"href":"https:\/\/www.taller-palabras.com\/WordPress_04\/wp-json\/wp\/v2\/product_brand?post=12016"},{"taxonomy":"product_cat","embeddable":true,"href":"https:\/\/www.taller-palabras.com\/WordPress_04\/wp-json\/wp\/v2\/product_cat?post=12016"},{"taxonomy":"product_tag","embeddable":true,"href":"https:\/\/www.taller-palabras.com\/WordPress_04\/wp-json\/wp\/v2\/product_tag?post=12016"}],"curies":[{"name":"wp","href":"https:\/\/api.w.org\/{rel}","templated":true}]}}