{"id":12028,"date":"2026-01-09T13:25:12","date_gmt":"2026-01-09T16:25:12","guid":{"rendered":"https:\/\/www.taller-palabras.com\/WordPress_04\/?post_type=product&#038;p=12028"},"modified":"2026-01-09T13:44:29","modified_gmt":"2026-01-09T16:44:29","slug":"como-me-hice-monja-cesar-aira-ebook","status":"publish","type":"product","link":"https:\/\/www.taller-palabras.com\/WordPress_04\/producto\/como-me-hice-monja-cesar-aira-ebook","title":{"rendered":"Como me hice monja &#8211; C\u00e9sar Aira \/ebook"},"content":{"rendered":"<figure id=\"attachment_12026\" aria-describedby=\"caption-attachment-12026\" style=\"width: 150px\" class=\"wp-caption alignleft\"><img loading=\"lazy\" decoding=\"async\" class=\"wp-image-12026 size-thumbnail\" src=\"https:\/\/www.taller-palabras.com\/WordPress_04\/wp-content\/uploads\/2026\/01\/cesar-aira-150x150.jpg\" alt=\"\" width=\"150\" height=\"150\" srcset=\"https:\/\/www.taller-palabras.com\/WordPress_04\/wp-content\/uploads\/2026\/01\/cesar-aira-150x150.jpg 150w, https:\/\/www.taller-palabras.com\/WordPress_04\/wp-content\/uploads\/2026\/01\/cesar-aira-300x300.jpg 300w, https:\/\/www.taller-palabras.com\/WordPress_04\/wp-content\/uploads\/2026\/01\/cesar-aira-1024x1024.jpg 1024w, https:\/\/www.taller-palabras.com\/WordPress_04\/wp-content\/uploads\/2026\/01\/cesar-aira-768x768.jpg 768w, https:\/\/www.taller-palabras.com\/WordPress_04\/wp-content\/uploads\/2026\/01\/cesar-aira-324x324.jpg 324w, https:\/\/www.taller-palabras.com\/WordPress_04\/wp-content\/uploads\/2026\/01\/cesar-aira-416x416.jpg 416w, https:\/\/www.taller-palabras.com\/WordPress_04\/wp-content\/uploads\/2026\/01\/cesar-aira-100x100.jpg 100w, https:\/\/www.taller-palabras.com\/WordPress_04\/wp-content\/uploads\/2026\/01\/cesar-aira.jpg 1200w\" sizes=\"auto, (max-width: 150px) 100vw, 150px\" \/><figcaption id=\"caption-attachment-12026\" class=\"wp-caption-text\">Autor Cesar Aira<\/figcaption><\/figure>\n<p>La historia es una especie de alucinaci\u00f3n. Son las macabras y horripilantes memorias de un ni\u00f1o (o ni\u00f1a, porque se llama a s\u00ed misma ni\u00f1a pero todo el mundo la trata como si fuera un ni\u00f1o) que se llama C\u00e9sar Aira. \u00c9ste fue el primer relato que contribuy\u00f3 a crear una leyenda alrededor de este escritor de culto y uno de los m\u00e1s exc\u00e9ntricos entre los exc\u00e9ntricos, admirado sin reservas por escritores como Enrique Vila-Matas y Sergio Pitol.<\/p>\n","protected":false},"excerpt":{"rendered":"<p>La historia es una especie de alucinaci\u00f3n. Son las macabras y horripilantes memorias de un ni\u00f1o (o ni\u00f1a, porque se llama a s\u00ed misma ni\u00f1a pero todo el mundo la trata como si fuera un ni\u00f1o) que se llama C\u00e9sar Aira. \u00c9ste fue el primer relato que contribuy\u00f3 a crear una leyenda alrededor de este [&hellip;]<\/p>\n","protected":false},"featured_media":12027,"template":"","meta":[],"product_brand":[],"product_cat":[25],"product_tag":[1635,1636,54,1184],"class_list":{"0":"post-12028","1":"product","2":"type-product","3":"status-publish","4":"has-post-thumbnail","6":"product_cat-libros-digitales-ebooks","7":"product_tag-cesar-aira","8":"product_tag-como-me-hice-monja","9":"product_tag-descargar-ebook","10":"product_tag-mejor-novelas","12":"first","13":"instock","14":"shipping-taxable","15":"purchasable","16":"product-type-variable","17":"has-default-attributes"},"_links":{"self":[{"href":"https:\/\/www.taller-palabras.com\/WordPress_04\/wp-json\/wp\/v2\/product\/12028","targetHints":{"allow":["GET"]}}],"collection":[{"href":"https:\/\/www.taller-palabras.com\/WordPress_04\/wp-json\/wp\/v2\/product"}],"about":[{"href":"https:\/\/www.taller-palabras.com\/WordPress_04\/wp-json\/wp\/v2\/types\/product"}],"wp:featuredmedia":[{"embeddable":true,"href":"https:\/\/www.taller-palabras.com\/WordPress_04\/wp-json\/wp\/v2\/media\/12027"}],"wp:attachment":[{"href":"https:\/\/www.taller-palabras.com\/WordPress_04\/wp-json\/wp\/v2\/media?parent=12028"}],"wp:term":[{"taxonomy":"product_brand","embeddable":true,"href":"https:\/\/www.taller-palabras.com\/WordPress_04\/wp-json\/wp\/v2\/product_brand?post=12028"},{"taxonomy":"product_cat","embeddable":true,"href":"https:\/\/www.taller-palabras.com\/WordPress_04\/wp-json\/wp\/v2\/product_cat?post=12028"},{"taxonomy":"product_tag","embeddable":true,"href":"https:\/\/www.taller-palabras.com\/WordPress_04\/wp-json\/wp\/v2\/product_tag?post=12028"}],"curies":[{"name":"wp","href":"https:\/\/api.w.org\/{rel}","templated":true}]}}