{"id":12050,"date":"2026-01-12T17:56:42","date_gmt":"2026-01-12T20:56:42","guid":{"rendered":"https:\/\/www.taller-palabras.com\/WordPress_04\/?post_type=product&#038;p=12050"},"modified":"2026-01-12T18:24:56","modified_gmt":"2026-01-12T21:24:56","slug":"lo-que-no-se-ve-cristina-fernandez-cubas-ebook","status":"publish","type":"product","link":"https:\/\/www.taller-palabras.com\/WordPress_04\/producto\/lo-que-no-se-ve-cristina-fernandez-cubas-ebook","title":{"rendered":"Lo que no se ve &#8211; Cristina Fern\u00e1ndez Cubas \/ebook"},"content":{"rendered":"<figure id=\"attachment_12053\" aria-describedby=\"caption-attachment-12053\" style=\"width: 150px\" class=\"wp-caption alignleft\"><img loading=\"lazy\" decoding=\"async\" class=\"wp-image-12053 size-thumbnail\" src=\"https:\/\/www.taller-palabras.com\/WordPress_04\/wp-content\/uploads\/2026\/01\/Cristina-Cubas-150x150.jpg\" alt=\"\" width=\"150\" height=\"150\" srcset=\"https:\/\/www.taller-palabras.com\/WordPress_04\/wp-content\/uploads\/2026\/01\/Cristina-Cubas-150x150.jpg 150w, https:\/\/www.taller-palabras.com\/WordPress_04\/wp-content\/uploads\/2026\/01\/Cristina-Cubas-100x100.jpg 100w, https:\/\/www.taller-palabras.com\/WordPress_04\/wp-content\/uploads\/2026\/01\/Cristina-Cubas.jpg 200w\" sizes=\"auto, (max-width: 150px) 100vw, 150px\" \/><figcaption id=\"caption-attachment-12053\" class=\"wp-caption-text\">Autora Cristina Fern\u00e1ndez Cubas<\/figcaption><\/figure>\n<p>Dos hermanas mayores deciden jugar a representar la que fue su pel\u00edcula favorita de infancia, una historia inquietante que protagonizaron Joan Crawford y Bette Davies; una mujer evoca muchos a\u00f1os despu\u00e9s la fiesta en que sus amigos universitarios se atrevieron a convocar al Otro y como eso modific\u00f3 sus vidas; en una ciudad italiana, adonde ha viajado con su pareja mucho m\u00e1s joven, un hombre accede a la zona en obras de la catedral con consecuencias imprevistas; una mujer cruza acalorada la calzada atestada de coches y, tras un conato de desvanecimiento, descubre una tienda nueva en el barrio. Con un magistral uso de la psicolog\u00eda e introduciendo sutiles perturbaciones en la experiencia cotidiana, las historias de\u00a0<em>Lo que no se ve<\/em>\u00a0rozan lo inexplicable, lo terror\u00edfico, pero tambi\u00e9n lo no dicho, lo que intuimos y no sabemos expresar, y lo que en definitiva nos cambia y no olvidamos ya nunca.<\/p>\n","protected":false},"excerpt":{"rendered":"<p>Dos hermanas mayores deciden jugar a representar la que fue su pel\u00edcula favorita de infancia, una historia inquietante que protagonizaron Joan Crawford y Bette Davies; una mujer evoca muchos a\u00f1os despu\u00e9s la fiesta en que sus amigos universitarios se atrevieron a convocar al Otro y como eso modific\u00f3 sus vidas; en una ciudad italiana, adonde [&hellip;]<\/p>\n","protected":false},"featured_media":12054,"template":"","meta":[],"product_brand":[],"product_cat":[25],"product_tag":[1641,54,1642,1184],"class_list":{"0":"post-12050","1":"product","2":"type-product","3":"status-publish","4":"has-post-thumbnail","6":"product_cat-libros-digitales-ebooks","7":"product_tag-cristina-fernandez-cubas","8":"product_tag-descargar-ebook","9":"product_tag-lo-que-no-se-ve","10":"product_tag-mejor-novelas","12":"first","13":"instock","14":"shipping-taxable","15":"purchasable","16":"product-type-variable","17":"has-default-attributes"},"_links":{"self":[{"href":"https:\/\/www.taller-palabras.com\/WordPress_04\/wp-json\/wp\/v2\/product\/12050","targetHints":{"allow":["GET"]}}],"collection":[{"href":"https:\/\/www.taller-palabras.com\/WordPress_04\/wp-json\/wp\/v2\/product"}],"about":[{"href":"https:\/\/www.taller-palabras.com\/WordPress_04\/wp-json\/wp\/v2\/types\/product"}],"wp:featuredmedia":[{"embeddable":true,"href":"https:\/\/www.taller-palabras.com\/WordPress_04\/wp-json\/wp\/v2\/media\/12054"}],"wp:attachment":[{"href":"https:\/\/www.taller-palabras.com\/WordPress_04\/wp-json\/wp\/v2\/media?parent=12050"}],"wp:term":[{"taxonomy":"product_brand","embeddable":true,"href":"https:\/\/www.taller-palabras.com\/WordPress_04\/wp-json\/wp\/v2\/product_brand?post=12050"},{"taxonomy":"product_cat","embeddable":true,"href":"https:\/\/www.taller-palabras.com\/WordPress_04\/wp-json\/wp\/v2\/product_cat?post=12050"},{"taxonomy":"product_tag","embeddable":true,"href":"https:\/\/www.taller-palabras.com\/WordPress_04\/wp-json\/wp\/v2\/product_tag?post=12050"}],"curies":[{"name":"wp","href":"https:\/\/api.w.org\/{rel}","templated":true}]}}