{"id":12056,"date":"2026-01-13T11:58:21","date_gmt":"2026-01-13T14:58:21","guid":{"rendered":"https:\/\/www.taller-palabras.com\/WordPress_04\/?post_type=product&#038;p=12056"},"modified":"2026-01-13T12:11:20","modified_gmt":"2026-01-13T15:11:20","slug":"oposicion-sara-mesa-ebook","status":"publish","type":"product","link":"https:\/\/www.taller-palabras.com\/WordPress_04\/producto\/oposicion-sara-mesa-ebook","title":{"rendered":"Oposici\u00f3n &#8211; Sara Mesa \/ebook"},"content":{"rendered":"<figure id=\"attachment_12060\" aria-describedby=\"caption-attachment-12060\" style=\"width: 150px\" class=\"wp-caption alignleft\"><img loading=\"lazy\" decoding=\"async\" class=\"wp-image-12060 size-thumbnail\" src=\"https:\/\/www.taller-palabras.com\/WordPress_04\/wp-content\/uploads\/2026\/01\/sara-mesa-150x150.jpg\" alt=\"\" width=\"150\" height=\"150\" srcset=\"https:\/\/www.taller-palabras.com\/WordPress_04\/wp-content\/uploads\/2026\/01\/sara-mesa-150x150.jpg 150w, https:\/\/www.taller-palabras.com\/WordPress_04\/wp-content\/uploads\/2026\/01\/sara-mesa-100x100.jpg 100w, https:\/\/www.taller-palabras.com\/WordPress_04\/wp-content\/uploads\/2026\/01\/sara-mesa.jpg 283w\" sizes=\"auto, (max-width: 150px) 100vw, 150px\" \/><figcaption id=\"caption-attachment-12060\" class=\"wp-caption-text\">Autora Sara Mesa<\/figcaption><\/figure>\n<p>La narradora de esta novela estudia para consolidar su futuro profesional. Ha conseguido un puesto de interina en una oficina administrativa, y afrontar una oposici\u00f3n parece ser el paso l\u00f3gico en su carrera. Sin embargo, otro tipo de oposici\u00f3n, la interna, basada en su observaci\u00f3n del d\u00eda a d\u00eda funcionarial, hace que no lo tenga nada claro.<br \/>\nA trav\u00e9s de una mirada curiosa, \u00e1vida y cada vez m\u00e1s desencantada, Oposici\u00f3n describe las trampas de los mecanismos burocr\u00e1ticos no solo para quienes las padecen, sino tambi\u00e9n para quienes las ponen en funcionamiento. La incisiva Sara Mesa, que conoci\u00f3 el mundo de la Administraci\u00f3n por dentro, aborda el relato de la burocracia contempor\u00e1nea desde la perspectiva de quien se ve atrapado en el tiempo muerto de las tareas in\u00fatiles, tratando el problema del tedio.<\/p>\n","protected":false},"excerpt":{"rendered":"<p>La narradora de esta novela estudia para consolidar su futuro profesional. Ha conseguido un puesto de interina en una oficina administrativa, y afrontar una oposici\u00f3n parece ser el paso l\u00f3gico en su carrera. Sin embargo, otro tipo de oposici\u00f3n, la interna, basada en su observaci\u00f3n del d\u00eda a d\u00eda funcionarial, hace que no lo tenga [&hellip;]<\/p>\n","protected":false},"featured_media":12059,"template":"","meta":[],"product_brand":[],"product_cat":[25],"product_tag":[54,1184,1644,1643],"class_list":{"0":"post-12056","1":"product","2":"type-product","3":"status-publish","4":"has-post-thumbnail","6":"product_cat-libros-digitales-ebooks","7":"product_tag-descargar-ebook","8":"product_tag-mejor-novelas","9":"product_tag-oposicion","10":"product_tag-sara-mesa","12":"first","13":"instock","14":"shipping-taxable","15":"purchasable","16":"product-type-variable","17":"has-default-attributes"},"_links":{"self":[{"href":"https:\/\/www.taller-palabras.com\/WordPress_04\/wp-json\/wp\/v2\/product\/12056","targetHints":{"allow":["GET"]}}],"collection":[{"href":"https:\/\/www.taller-palabras.com\/WordPress_04\/wp-json\/wp\/v2\/product"}],"about":[{"href":"https:\/\/www.taller-palabras.com\/WordPress_04\/wp-json\/wp\/v2\/types\/product"}],"wp:featuredmedia":[{"embeddable":true,"href":"https:\/\/www.taller-palabras.com\/WordPress_04\/wp-json\/wp\/v2\/media\/12059"}],"wp:attachment":[{"href":"https:\/\/www.taller-palabras.com\/WordPress_04\/wp-json\/wp\/v2\/media?parent=12056"}],"wp:term":[{"taxonomy":"product_brand","embeddable":true,"href":"https:\/\/www.taller-palabras.com\/WordPress_04\/wp-json\/wp\/v2\/product_brand?post=12056"},{"taxonomy":"product_cat","embeddable":true,"href":"https:\/\/www.taller-palabras.com\/WordPress_04\/wp-json\/wp\/v2\/product_cat?post=12056"},{"taxonomy":"product_tag","embeddable":true,"href":"https:\/\/www.taller-palabras.com\/WordPress_04\/wp-json\/wp\/v2\/product_tag?post=12056"}],"curies":[{"name":"wp","href":"https:\/\/api.w.org\/{rel}","templated":true}]}}