{"id":12071,"date":"2025-09-04T13:25:15","date_gmt":"2025-09-04T16:25:15","guid":{"rendered":"https:\/\/www.taller-palabras.com\/WordPress_04\/?post_type=product&#038;p=12071"},"modified":"2026-01-16T12:08:20","modified_gmt":"2026-01-16T15:08:20","slug":"mil-cosas-juan-tallon-ebook","status":"publish","type":"product","link":"https:\/\/www.taller-palabras.com\/WordPress_04\/producto\/mil-cosas-juan-tallon-ebook","title":{"rendered":"Mil cosas &#8211; Juan Tall\u00f3n  \/ebook"},"content":{"rendered":"<figure id=\"attachment_12075\" aria-describedby=\"caption-attachment-12075\" style=\"width: 150px\" class=\"wp-caption alignleft\"><img loading=\"lazy\" decoding=\"async\" class=\"wp-image-12075 size-thumbnail\" src=\"https:\/\/www.taller-palabras.com\/WordPress_04\/wp-content\/uploads\/2026\/01\/Juan-Tallon-150x150.jpg\" alt=\"\" width=\"150\" height=\"150\" srcset=\"https:\/\/www.taller-palabras.com\/WordPress_04\/wp-content\/uploads\/2026\/01\/Juan-Tallon-150x150.jpg 150w, https:\/\/www.taller-palabras.com\/WordPress_04\/wp-content\/uploads\/2026\/01\/Juan-Tallon-100x100.jpg 100w, https:\/\/www.taller-palabras.com\/WordPress_04\/wp-content\/uploads\/2026\/01\/Juan-Tallon.jpg 198w\" sizes=\"auto, (max-width: 150px) 100vw, 150px\" \/><figcaption id=\"caption-attachment-12075\" class=\"wp-caption-text\">Autor Juan Tell\u00f3n<\/figcaption><\/figure>\n<p>Un retrato generacional. Una reflexi\u00f3n sobre c\u00f3mo seguimos adelante cuando todo nos sobrepasa. Un d\u00eda en la vida de Travis y Anne no empieza y acaba para dar paso a una nueva jornada. No. Su existencia hiperactiva se levanta m\u00e1s bien sobre un d\u00eda perpetuo, extenuante, que impide desconectar un segundo de la realidad. La velocidad endiablada de la gran ciudad, el ir y venir de un sitio a otro, las infinitas tareas que la pareja encadena sin descanso, los sobresaltos, la prisa, el estr\u00e9s, la crianza de un hijo peque\u00f1o, la dispersi\u00f3n, lo que queda siempre por hacer, conforman un estilo de vida trepidante que el lector puede llegar a reconocer como propio. Mil cosas es una novela sobre la vida absolutizada por el trabajo, las agendas ocupadas, el estr\u00e9s cotidiano, la fragmentaci\u00f3n de la atenci\u00f3n, la velocidad de las cosas, las peque\u00f1as tragedias y las grandes penurias a las que las metr\u00f3polis nos abocan. Una novela acelerada sobre la vida vertiginosa, apremiante, narrada como un thriller, con una tensi\u00f3n creciente en la que todo puede estallar de un momento a otro. Una nueva muestra del contundente, ingenioso y perspicaz talento narrativo de Juan Tall\u00f3n para capturar uno de los males de nuestro tiempo.<\/p>\n","protected":false},"excerpt":{"rendered":"<p>Un retrato generacional. Una reflexi\u00f3n sobre c\u00f3mo seguimos adelante cuando todo nos sobrepasa. Un d\u00eda en la vida de Travis y Anne no empieza y acaba para dar paso a una nueva jornada. No. Su existencia hiperactiva se levanta m\u00e1s bien sobre un d\u00eda perpetuo, extenuante, que impide desconectar un segundo de la realidad. La [&hellip;]<\/p>\n","protected":false},"featured_media":12076,"template":"","meta":[],"product_brand":[],"product_cat":[25],"product_tag":[54,1646,1184,1647],"class_list":{"0":"post-12071","1":"product","2":"type-product","3":"status-publish","4":"has-post-thumbnail","6":"product_cat-libros-digitales-ebooks","7":"product_tag-descargar-ebook","8":"product_tag-juan-tallon","9":"product_tag-mejor-novelas","10":"product_tag-mil-cosas","12":"first","13":"instock","14":"shipping-taxable","15":"purchasable","16":"product-type-variable","17":"has-default-attributes"},"_links":{"self":[{"href":"https:\/\/www.taller-palabras.com\/WordPress_04\/wp-json\/wp\/v2\/product\/12071","targetHints":{"allow":["GET"]}}],"collection":[{"href":"https:\/\/www.taller-palabras.com\/WordPress_04\/wp-json\/wp\/v2\/product"}],"about":[{"href":"https:\/\/www.taller-palabras.com\/WordPress_04\/wp-json\/wp\/v2\/types\/product"}],"wp:featuredmedia":[{"embeddable":true,"href":"https:\/\/www.taller-palabras.com\/WordPress_04\/wp-json\/wp\/v2\/media\/12076"}],"wp:attachment":[{"href":"https:\/\/www.taller-palabras.com\/WordPress_04\/wp-json\/wp\/v2\/media?parent=12071"}],"wp:term":[{"taxonomy":"product_brand","embeddable":true,"href":"https:\/\/www.taller-palabras.com\/WordPress_04\/wp-json\/wp\/v2\/product_brand?post=12071"},{"taxonomy":"product_cat","embeddable":true,"href":"https:\/\/www.taller-palabras.com\/WordPress_04\/wp-json\/wp\/v2\/product_cat?post=12071"},{"taxonomy":"product_tag","embeddable":true,"href":"https:\/\/www.taller-palabras.com\/WordPress_04\/wp-json\/wp\/v2\/product_tag?post=12071"}],"curies":[{"name":"wp","href":"https:\/\/api.w.org\/{rel}","templated":true}]}}