{"id":12080,"date":"2025-09-04T13:24:45","date_gmt":"2025-09-04T16:24:45","guid":{"rendered":"https:\/\/www.taller-palabras.com\/WordPress_04\/?post_type=product&#038;p=12080"},"modified":"2026-01-16T12:11:49","modified_gmt":"2026-01-16T15:11:49","slug":"el-mejor-del-mundo-juan-tallon-ebook","status":"publish","type":"product","link":"https:\/\/www.taller-palabras.com\/WordPress_04\/producto\/el-mejor-del-mundo-juan-tallon-ebook","title":{"rendered":"El mejor del mundo &#8211; Juan Tall\u00f3n  \/ebook"},"content":{"rendered":"<figure id=\"attachment_12075\" aria-describedby=\"caption-attachment-12075\" style=\"width: 150px\" class=\"wp-caption alignleft\"><img loading=\"lazy\" decoding=\"async\" class=\"wp-image-12075 size-thumbnail\" src=\"https:\/\/www.taller-palabras.com\/WordPress_04\/wp-content\/uploads\/2026\/01\/Juan-Tallon-150x150.jpg\" alt=\"\" width=\"150\" height=\"150\" srcset=\"https:\/\/www.taller-palabras.com\/WordPress_04\/wp-content\/uploads\/2026\/01\/Juan-Tallon-150x150.jpg 150w, https:\/\/www.taller-palabras.com\/WordPress_04\/wp-content\/uploads\/2026\/01\/Juan-Tallon-100x100.jpg 100w, https:\/\/www.taller-palabras.com\/WordPress_04\/wp-content\/uploads\/2026\/01\/Juan-Tallon.jpg 198w\" sizes=\"auto, (max-width: 150px) 100vw, 150px\" \/><figcaption id=\"caption-attachment-12075\" class=\"wp-caption-text\">Autor Juan Tell\u00f3n<\/figcaption><\/figure>\n<p>Antonio es un empresario gallego con una ambici\u00f3n desmedida. Cuando por fin asume la direcci\u00f3n de la f\u00e1brica de ata\u00fades fundada por su padre, hasta entonces reacio a ceder el testigo, da un cambio radical al negocio. Quiere situarlo en lo m\u00e1s alto y pone la vista en el sector del lujo. Eso lo lleva de viaje por Houston y Ciudad de M\u00e9xico, donde alcanza el \u00e9xito con el que ha vivido siempre obsesionado. Pero apenas lo toca, sus sue\u00f1os se desvanecen de una injusta e inexplicable manera, capaz de hacer perder la cabeza al m\u00e1s juicioso. A su regreso a Espa\u00f1a va a percibir paulatina, dram\u00e1tica e irremediablemente que todo ha cambiado&#8230;, y sin soluci\u00f3n.<br \/>\nJuan Tall\u00f3n se adentra en una historia que aborda la experiencia de la extra\u00f1eza, esa sensaci\u00f3n tan repetida a lo largo de la vida, y lo hace a trav\u00e9s de un personaje contradictorio, implacable, violento, a ratos tierno, sin demasiados l\u00edmites morales, que no encaja en el mundo. Antonio es el vivo ejemplo de c\u00f3mo resistir al vapuleo de las grandes adversidades y satisfacer cualquier ambici\u00f3n, siempre y cuando uno est\u00e9 dispuesto a hacer todo lo que haga falta.<\/p>\n","protected":false},"excerpt":{"rendered":"<p>Antonio es un empresario gallego con una ambici\u00f3n desmedida. Cuando por fin asume la direcci\u00f3n de la f\u00e1brica de ata\u00fades fundada por su padre, hasta entonces reacio a ceder el testigo, da un cambio radical al negocio. Quiere situarlo en lo m\u00e1s alto y pone la vista en el sector del lujo. Eso lo lleva [&hellip;]<\/p>\n","protected":false},"featured_media":12074,"template":"","meta":[],"product_brand":[],"product_cat":[25],"product_tag":[54,1648,1646,1184],"class_list":{"0":"post-12080","1":"product","2":"type-product","3":"status-publish","4":"has-post-thumbnail","6":"product_cat-libros-digitales-ebooks","7":"product_tag-descargar-ebook","8":"product_tag-el-mejor-del-mundo","9":"product_tag-juan-tallon","10":"product_tag-mejor-novelas","12":"first","13":"instock","14":"shipping-taxable","15":"purchasable","16":"product-type-variable","17":"has-default-attributes"},"_links":{"self":[{"href":"https:\/\/www.taller-palabras.com\/WordPress_04\/wp-json\/wp\/v2\/product\/12080","targetHints":{"allow":["GET"]}}],"collection":[{"href":"https:\/\/www.taller-palabras.com\/WordPress_04\/wp-json\/wp\/v2\/product"}],"about":[{"href":"https:\/\/www.taller-palabras.com\/WordPress_04\/wp-json\/wp\/v2\/types\/product"}],"wp:featuredmedia":[{"embeddable":true,"href":"https:\/\/www.taller-palabras.com\/WordPress_04\/wp-json\/wp\/v2\/media\/12074"}],"wp:attachment":[{"href":"https:\/\/www.taller-palabras.com\/WordPress_04\/wp-json\/wp\/v2\/media?parent=12080"}],"wp:term":[{"taxonomy":"product_brand","embeddable":true,"href":"https:\/\/www.taller-palabras.com\/WordPress_04\/wp-json\/wp\/v2\/product_brand?post=12080"},{"taxonomy":"product_cat","embeddable":true,"href":"https:\/\/www.taller-palabras.com\/WordPress_04\/wp-json\/wp\/v2\/product_cat?post=12080"},{"taxonomy":"product_tag","embeddable":true,"href":"https:\/\/www.taller-palabras.com\/WordPress_04\/wp-json\/wp\/v2\/product_tag?post=12080"}],"curies":[{"name":"wp","href":"https:\/\/api.w.org\/{rel}","templated":true}]}}