{"id":12088,"date":"2026-01-20T09:34:10","date_gmt":"2026-01-20T12:34:10","guid":{"rendered":"https:\/\/www.taller-palabras.com\/WordPress_04\/?post_type=product&#038;p=12088"},"modified":"2026-01-20T09:44:37","modified_gmt":"2026-01-20T12:44:37","slug":"ardera-el-viento-guillermo-saccomanno-ebook","status":"publish","type":"product","link":"https:\/\/www.taller-palabras.com\/WordPress_04\/producto\/ardera-el-viento-guillermo-saccomanno-ebook","title":{"rendered":"Arder\u00e1 el viento &#8211; Guillermo Saccomanno \/ebook"},"content":{"rendered":"<figure id=\"attachment_12092\" aria-describedby=\"caption-attachment-12092\" style=\"width: 150px\" class=\"wp-caption alignleft\"><img loading=\"lazy\" decoding=\"async\" class=\"wp-image-12092 size-thumbnail\" src=\"https:\/\/www.taller-palabras.com\/WordPress_04\/wp-content\/uploads\/2026\/01\/Guillermo-Sacomanno-150x150.jpg\" alt=\"\" width=\"150\" height=\"150\" srcset=\"https:\/\/www.taller-palabras.com\/WordPress_04\/wp-content\/uploads\/2026\/01\/Guillermo-Sacomanno-150x150.jpg 150w, https:\/\/www.taller-palabras.com\/WordPress_04\/wp-content\/uploads\/2026\/01\/Guillermo-Sacomanno-100x100.jpg 100w, https:\/\/www.taller-palabras.com\/WordPress_04\/wp-content\/uploads\/2026\/01\/Guillermo-Sacomanno.jpg 283w\" sizes=\"auto, (max-width: 150px) 100vw, 150px\" \/><figcaption id=\"caption-attachment-12092\" class=\"wp-caption-text\">Autor Guillermo Saccomanno<\/figcaption><\/figure>\n<p>Los Esterh\u00e1zy, una pareja exc\u00e9ntrica sin un pasado claro, llegan a un pueblo de la costa argentina y comienzan a regentar un antiguo hotel. Estos dos seres (y sus dos hijos, una ni\u00f1a y un ni\u00f1o m\u00e1s inquietantes y enigm\u00e1ticos que ellos) producen el efecto de una part\u00edcula enfermiza que se introduce en las grietas de una sociedad peque\u00f1a y arrasa con su din\u00e1mica cotidiana, aparentemente calma. La pareja resulta ser un amplificador de los prejuicios, los deseos ocultos, las supersticiones, los temores y la violencia larvada en muchos de los habitantes del pueblo. Arder\u00e1 el viento es la historia de una degradaci\u00f3n, de un descascaramiento ag\u00f3nico que poco a poco deja a la vista las miserias del cuerpo social. Expuesta al influjo de los Esterh\u00e1zy, la extra\u00f1a villa costera deja aflorar la oscuridad que circula por sus zonas subterr\u00e1neas, como si los visitantes fueran una piedra de toque maligna que lograra sacar a la luz la verdadera naturaleza de los personajes. Escrita en un estilo parco y de una rara intensidad, la novela es la cuidadosa construcci\u00f3n de un deterioro que, aunque transcurra en un pa\u00eds espec\u00edfico, acaba por ser una met\u00e1fora distorsionada del esp\u00edritu de nuestro tiempo.<\/p>\n","protected":false},"excerpt":{"rendered":"<p>Los Esterh\u00e1zy, una pareja exc\u00e9ntrica sin un pasado claro, llegan a un pueblo de la costa argentina y comienzan a regentar un antiguo hotel. Estos dos seres (y sus dos hijos, una ni\u00f1a y un ni\u00f1o m\u00e1s inquietantes y enigm\u00e1ticos que ellos) producen el efecto de una part\u00edcula enfermiza que se introduce en las grietas [&hellip;]<\/p>\n","protected":false},"featured_media":12091,"template":"","meta":[],"product_brand":[],"product_cat":[25],"product_tag":[1650,54,1649,1184],"class_list":{"0":"post-12088","1":"product","2":"type-product","3":"status-publish","4":"has-post-thumbnail","6":"product_cat-libros-digitales-ebooks","7":"product_tag-ardera-el-viento","8":"product_tag-descargar-ebook","9":"product_tag-guillermo-saccomanno","10":"product_tag-mejor-novelas","12":"first","13":"instock","14":"shipping-taxable","15":"purchasable","16":"product-type-variable","17":"has-default-attributes"},"_links":{"self":[{"href":"https:\/\/www.taller-palabras.com\/WordPress_04\/wp-json\/wp\/v2\/product\/12088","targetHints":{"allow":["GET"]}}],"collection":[{"href":"https:\/\/www.taller-palabras.com\/WordPress_04\/wp-json\/wp\/v2\/product"}],"about":[{"href":"https:\/\/www.taller-palabras.com\/WordPress_04\/wp-json\/wp\/v2\/types\/product"}],"wp:featuredmedia":[{"embeddable":true,"href":"https:\/\/www.taller-palabras.com\/WordPress_04\/wp-json\/wp\/v2\/media\/12091"}],"wp:attachment":[{"href":"https:\/\/www.taller-palabras.com\/WordPress_04\/wp-json\/wp\/v2\/media?parent=12088"}],"wp:term":[{"taxonomy":"product_brand","embeddable":true,"href":"https:\/\/www.taller-palabras.com\/WordPress_04\/wp-json\/wp\/v2\/product_brand?post=12088"},{"taxonomy":"product_cat","embeddable":true,"href":"https:\/\/www.taller-palabras.com\/WordPress_04\/wp-json\/wp\/v2\/product_cat?post=12088"},{"taxonomy":"product_tag","embeddable":true,"href":"https:\/\/www.taller-palabras.com\/WordPress_04\/wp-json\/wp\/v2\/product_tag?post=12088"}],"curies":[{"name":"wp","href":"https:\/\/api.w.org\/{rel}","templated":true}]}}