{"id":12103,"date":"2025-12-06T12:35:39","date_gmt":"2025-12-06T15:35:39","guid":{"rendered":"https:\/\/www.taller-palabras.com\/WordPress_04\/?post_type=product&#038;p=12103"},"modified":"2026-01-20T09:55:12","modified_gmt":"2026-01-20T12:55:12","slug":"el-recluso-freida-mcfadden-ebook","status":"publish","type":"product","link":"https:\/\/www.taller-palabras.com\/WordPress_04\/producto\/el-recluso-freida-mcfadden-ebook","title":{"rendered":"El recluso &#8211; Freida McFadden \/ebook"},"content":{"rendered":"<figure id=\"attachment_11885\" aria-describedby=\"caption-attachment-11885\" style=\"width: 150px\" class=\"wp-caption alignleft\"><img loading=\"lazy\" decoding=\"async\" class=\"wp-image-11885 size-thumbnail\" src=\"https:\/\/www.taller-palabras.com\/WordPress_04\/wp-content\/uploads\/2025\/12\/freidaMcFadden-150x150.jpg\" alt=\"\" width=\"150\" height=\"150\" srcset=\"https:\/\/www.taller-palabras.com\/WordPress_04\/wp-content\/uploads\/2025\/12\/freidaMcFadden-150x150.jpg 150w, https:\/\/www.taller-palabras.com\/WordPress_04\/wp-content\/uploads\/2025\/12\/freidaMcFadden-100x100.jpg 100w, https:\/\/www.taller-palabras.com\/WordPress_04\/wp-content\/uploads\/2025\/12\/freidaMcFadden.jpg 283w\" sizes=\"auto, (max-width: 150px) 100vw, 150px\" \/><figcaption id=\"caption-attachment-11885\" class=\"wp-caption-text\">Autora Freida McFadden<\/figcaption><\/figure>\n<p>Los peores culpables no est\u00e1n siempre entre rejas\u2026 Al comenzar su trabajo como enfermera en una prisi\u00f3n de m\u00e1xima seguridad, Brooke Sullivan enseguida aprende que hay tres normas cruciales:<br \/>\n1. Trata a los prisioneros con respeto.<br \/>\n2. Nunca reveles informaci\u00f3n personal.<br \/>\n3. Nunca jam\u00e1s intimes demasiado con los reclusos.<br \/>\nLo que nadie sabe es que Brooke ya ha roto las reglas. Nadie conoce su estrecha conexi\u00f3n con Shane Nelson, uno de los presos m\u00e1s famosos y peligrosos de la c\u00e1rcel. Desde luego no saben que Shane fue el novio de Brooke en el instituto, la estrella del equipo de f\u00fatbol americano, el chico perfecto que ahora cumple cadena perpetua por una serie de cruentos asesinatos. O que fue el testimonio de Brooke lo que le llev\u00f3 all\u00ed. Pero Shane lo sabe. Sabe m\u00e1s que nadie. Y nunca lo va a olvidar.<\/p>\n","protected":false},"excerpt":{"rendered":"<p>Los peores culpables no est\u00e1n siempre entre rejas\u2026 Al comenzar su trabajo como enfermera en una prisi\u00f3n de m\u00e1xima seguridad, Brooke Sullivan enseguida aprende que hay tres normas cruciales: 1. Trata a los prisioneros con respeto. 2. Nunca reveles informaci\u00f3n personal. 3. Nunca jam\u00e1s intimes demasiado con los reclusos. Lo que nadie sabe es que [&hellip;]<\/p>\n","protected":false},"featured_media":12106,"template":"","meta":[],"product_brand":[],"product_cat":[25],"product_tag":[54,1652,1599,1184],"class_list":{"0":"post-12103","1":"product","2":"type-product","3":"status-publish","4":"has-post-thumbnail","6":"product_cat-libros-digitales-ebooks","7":"product_tag-descargar-ebook","8":"product_tag-el-recluso","9":"product_tag-freida-mcfadden","10":"product_tag-mejor-novelas","12":"first","13":"instock","14":"shipping-taxable","15":"purchasable","16":"product-type-variable","17":"has-default-attributes"},"_links":{"self":[{"href":"https:\/\/www.taller-palabras.com\/WordPress_04\/wp-json\/wp\/v2\/product\/12103","targetHints":{"allow":["GET"]}}],"collection":[{"href":"https:\/\/www.taller-palabras.com\/WordPress_04\/wp-json\/wp\/v2\/product"}],"about":[{"href":"https:\/\/www.taller-palabras.com\/WordPress_04\/wp-json\/wp\/v2\/types\/product"}],"wp:featuredmedia":[{"embeddable":true,"href":"https:\/\/www.taller-palabras.com\/WordPress_04\/wp-json\/wp\/v2\/media\/12106"}],"wp:attachment":[{"href":"https:\/\/www.taller-palabras.com\/WordPress_04\/wp-json\/wp\/v2\/media?parent=12103"}],"wp:term":[{"taxonomy":"product_brand","embeddable":true,"href":"https:\/\/www.taller-palabras.com\/WordPress_04\/wp-json\/wp\/v2\/product_brand?post=12103"},{"taxonomy":"product_cat","embeddable":true,"href":"https:\/\/www.taller-palabras.com\/WordPress_04\/wp-json\/wp\/v2\/product_cat?post=12103"},{"taxonomy":"product_tag","embeddable":true,"href":"https:\/\/www.taller-palabras.com\/WordPress_04\/wp-json\/wp\/v2\/product_tag?post=12103"}],"curies":[{"name":"wp","href":"https:\/\/api.w.org\/{rel}","templated":true}]}}