{"id":12118,"date":"2026-01-20T10:57:20","date_gmt":"2026-01-20T13:57:20","guid":{"rendered":"https:\/\/www.taller-palabras.com\/WordPress_04\/?post_type=product&#038;p=12118"},"modified":"2026-01-20T11:05:23","modified_gmt":"2026-01-20T14:05:23","slug":"victoria-paloma-sanchez-garnica-ebook","status":"publish","type":"product","link":"https:\/\/www.taller-palabras.com\/WordPress_04\/producto\/victoria-paloma-sanchez-garnica-ebook","title":{"rendered":"Victoria &#8211; Paloma S\u00e1nchez Garnica \/ebook"},"content":{"rendered":"<figure id=\"attachment_12122\" aria-describedby=\"caption-attachment-12122\" style=\"width: 150px\" class=\"wp-caption alignleft\"><img loading=\"lazy\" decoding=\"async\" class=\"wp-image-12122 size-thumbnail\" src=\"https:\/\/www.taller-palabras.com\/WordPress_04\/wp-content\/uploads\/2026\/01\/Paloma-Garnica-150x150.jpg\" alt=\"\" width=\"150\" height=\"150\" srcset=\"https:\/\/www.taller-palabras.com\/WordPress_04\/wp-content\/uploads\/2026\/01\/Paloma-Garnica-150x150.jpg 150w, https:\/\/www.taller-palabras.com\/WordPress_04\/wp-content\/uploads\/2026\/01\/Paloma-Garnica-300x300.jpg 300w, https:\/\/www.taller-palabras.com\/WordPress_04\/wp-content\/uploads\/2026\/01\/Paloma-Garnica-324x324.jpg 324w, https:\/\/www.taller-palabras.com\/WordPress_04\/wp-content\/uploads\/2026\/01\/Paloma-Garnica-100x100.jpg 100w, https:\/\/www.taller-palabras.com\/WordPress_04\/wp-content\/uploads\/2026\/01\/Paloma-Garnica.jpg 362w\" sizes=\"auto, (max-width: 150px) 100vw, 150px\" \/><figcaption id=\"caption-attachment-12122\" class=\"wp-caption-text\">Autora Paloma S\u00e1nchez Garnica<\/figcaption><\/figure>\n<p>Reci\u00e9n terminada la Segunda Guerra Mundial, en un Berl\u00edn arrasado y sin futuro aparente, Victoria sobrevive cantando cada noche en el club Kassandra. Pese a tener una mente prodigiosa, capaz de crear un poderoso sistema de cifrado de mensajes, su hija Hedy y su hermana Rebecca dependen de ese m\u00edsero sueldo para sobrevivir. Un chantaje sin escr\u00fapulos por parte de los rusos obligar\u00e1 a Victoria a viajar sola a Estados Unidos, donde, sin embargo, disfrutar\u00e1 del amor incondicional del capit\u00e1n Norton. All\u00ed descubrir\u00e1 que la que parec\u00eda la sociedad m\u00e1s democr\u00e1tica del mundo esconde una rancia capa de racismo e injusticias de la mano del Ku Klux Klan y el senador McCarthy. Una novela grandiosa en la que los resentimientos, el dolor de la p\u00e9rdida y las decisiones dif\u00edciles ser\u00e1n superados gracias al coraje de unos personajes que luchan firmemente por defender lo que m\u00e1s aman.<\/p>\n","protected":false},"excerpt":{"rendered":"<p>Reci\u00e9n terminada la Segunda Guerra Mundial, en un Berl\u00edn arrasado y sin futuro aparente, Victoria sobrevive cantando cada noche en el club Kassandra. Pese a tener una mente prodigiosa, capaz de crear un poderoso sistema de cifrado de mensajes, su hija Hedy y su hermana Rebecca dependen de ese m\u00edsero sueldo para sobrevivir. Un chantaje [&hellip;]<\/p>\n","protected":false},"featured_media":12121,"template":"","meta":[],"product_brand":[],"product_cat":[25],"product_tag":[54,1184,1655,1656],"class_list":{"0":"post-12118","1":"product","2":"type-product","3":"status-publish","4":"has-post-thumbnail","6":"product_cat-libros-digitales-ebooks","7":"product_tag-descargar-ebook","8":"product_tag-mejor-novelas","9":"product_tag-paloma-sanchez-garnica","10":"product_tag-victoria","12":"first","13":"instock","14":"shipping-taxable","15":"purchasable","16":"product-type-variable","17":"has-default-attributes"},"_links":{"self":[{"href":"https:\/\/www.taller-palabras.com\/WordPress_04\/wp-json\/wp\/v2\/product\/12118","targetHints":{"allow":["GET"]}}],"collection":[{"href":"https:\/\/www.taller-palabras.com\/WordPress_04\/wp-json\/wp\/v2\/product"}],"about":[{"href":"https:\/\/www.taller-palabras.com\/WordPress_04\/wp-json\/wp\/v2\/types\/product"}],"wp:featuredmedia":[{"embeddable":true,"href":"https:\/\/www.taller-palabras.com\/WordPress_04\/wp-json\/wp\/v2\/media\/12121"}],"wp:attachment":[{"href":"https:\/\/www.taller-palabras.com\/WordPress_04\/wp-json\/wp\/v2\/media?parent=12118"}],"wp:term":[{"taxonomy":"product_brand","embeddable":true,"href":"https:\/\/www.taller-palabras.com\/WordPress_04\/wp-json\/wp\/v2\/product_brand?post=12118"},{"taxonomy":"product_cat","embeddable":true,"href":"https:\/\/www.taller-palabras.com\/WordPress_04\/wp-json\/wp\/v2\/product_cat?post=12118"},{"taxonomy":"product_tag","embeddable":true,"href":"https:\/\/www.taller-palabras.com\/WordPress_04\/wp-json\/wp\/v2\/product_tag?post=12118"}],"curies":[{"name":"wp","href":"https:\/\/api.w.org\/{rel}","templated":true}]}}