{"id":12143,"date":"2026-01-27T12:53:35","date_gmt":"2026-01-27T15:53:35","guid":{"rendered":"https:\/\/www.taller-palabras.com\/WordPress_04\/?post_type=product&#038;p=12143"},"modified":"2026-01-30T11:50:51","modified_gmt":"2026-01-30T14:50:51","slug":"mujeres-de-la-conquista-lucia-galvez-ebook-2","status":"publish","type":"product","link":"https:\/\/www.taller-palabras.com\/WordPress_04\/producto\/mujeres-de-la-conquista-lucia-galvez-ebook-2","title":{"rendered":"Mujeres de La Conquista &#8211; Luc\u00eda G\u00e1lvez \/ebook"},"content":{"rendered":"<figure id=\"attachment_11652\" aria-describedby=\"caption-attachment-11652\" style=\"width: 150px\" class=\"wp-caption alignleft\"><img loading=\"lazy\" decoding=\"async\" class=\"wp-image-11652 size-thumbnail\" src=\"https:\/\/www.taller-palabras.com\/WordPress_04\/wp-content\/uploads\/2025\/10\/Lucia-Galvez-150x150.jpg\" alt=\"\" width=\"150\" height=\"150\" srcset=\"https:\/\/www.taller-palabras.com\/WordPress_04\/wp-content\/uploads\/2025\/10\/Lucia-Galvez-150x150.jpg 150w, https:\/\/www.taller-palabras.com\/WordPress_04\/wp-content\/uploads\/2025\/10\/Lucia-Galvez-100x100.jpg 100w\" sizes=\"auto, (max-width: 150px) 100vw, 150px\" \/><figcaption id=\"caption-attachment-11652\" class=\"wp-caption-text\">Autora Luc\u00eds G\u00e1lvez<\/figcaption><\/figure>\n<p>La conquista y el poblamiento del territorio Argentino constituyen una epopeya que no siempre ha sido narrada con justeza. Menos a\u00fan, el papel relevante que las mujeres han cumplido en ella. Durante esos siglos, espa\u00f1olas, indias y mestizas ejercieron funciones m\u00faltiples, soportaron grandes sacrificios y muchas veces fueron silenciadas o padecieron penosas humillaciones. Con el rigor hist\u00f3rico y la solvencia narrativa que la caracterizan, Luc\u00eda G\u00e1lvez rescata algunas de las personalidades memorables de ese per\u00edodo y nos revela sus historias singulares y fascinantes.<\/p>\n","protected":false},"excerpt":{"rendered":"<p>La conquista y el poblamiento del territorio Argentino constituyen una epopeya que no siempre ha sido narrada con justeza. Menos a\u00fan, el papel relevante que las mujeres han cumplido en ella. Durante esos siglos, espa\u00f1olas, indias y mestizas ejercieron funciones m\u00faltiples, soportaron grandes sacrificios y muchas veces fueron silenciadas o padecieron penosas humillaciones. Con el [&hellip;]<\/p>\n","protected":false},"featured_media":11655,"template":"","meta":[],"product_brand":[],"product_cat":[25],"product_tag":[54,1558,1184,1557],"class_list":{"0":"post-12143","1":"product","2":"type-product","3":"status-publish","4":"has-post-thumbnail","6":"product_cat-libros-digitales-ebooks","7":"product_tag-descargar-ebook","8":"product_tag-lucia-galvez","9":"product_tag-mejor-novelas","10":"product_tag-mujeres-de-la-conquista","12":"first","13":"instock","14":"shipping-taxable","15":"purchasable","16":"product-type-variable","17":"has-default-attributes"},"_links":{"self":[{"href":"https:\/\/www.taller-palabras.com\/WordPress_04\/wp-json\/wp\/v2\/product\/12143","targetHints":{"allow":["GET"]}}],"collection":[{"href":"https:\/\/www.taller-palabras.com\/WordPress_04\/wp-json\/wp\/v2\/product"}],"about":[{"href":"https:\/\/www.taller-palabras.com\/WordPress_04\/wp-json\/wp\/v2\/types\/product"}],"wp:featuredmedia":[{"embeddable":true,"href":"https:\/\/www.taller-palabras.com\/WordPress_04\/wp-json\/wp\/v2\/media\/11655"}],"wp:attachment":[{"href":"https:\/\/www.taller-palabras.com\/WordPress_04\/wp-json\/wp\/v2\/media?parent=12143"}],"wp:term":[{"taxonomy":"product_brand","embeddable":true,"href":"https:\/\/www.taller-palabras.com\/WordPress_04\/wp-json\/wp\/v2\/product_brand?post=12143"},{"taxonomy":"product_cat","embeddable":true,"href":"https:\/\/www.taller-palabras.com\/WordPress_04\/wp-json\/wp\/v2\/product_cat?post=12143"},{"taxonomy":"product_tag","embeddable":true,"href":"https:\/\/www.taller-palabras.com\/WordPress_04\/wp-json\/wp\/v2\/product_tag?post=12143"}],"curies":[{"name":"wp","href":"https:\/\/api.w.org\/{rel}","templated":true}]}}