{"id":12154,"date":"2019-12-15T13:49:28","date_gmt":"2019-12-15T16:49:28","guid":{"rendered":"https:\/\/www.taller-palabras.com\/WordPress_04\/?post_type=product&#038;p=12154"},"modified":"2026-01-30T11:20:47","modified_gmt":"2026-01-30T14:20:47","slug":"el-cuarto-de-atras-carmen-martin-gaite-ebook","status":"publish","type":"product","link":"https:\/\/www.taller-palabras.com\/WordPress_04\/producto\/el-cuarto-de-atras-carmen-martin-gaite-ebook","title":{"rendered":"El cuarto de atr\u00e1s &#8211; Carmen Martin Gaite  \/ebook"},"content":{"rendered":"<p><img loading=\"lazy\" decoding=\"async\" class=\"alignleft wp-image-779 size-thumbnail\" src=\"https:\/\/www.taller-palabras.com\/WordPress_04\/wp-content\/uploads\/2019\/12\/martin_gaite-150x150.jpg\" alt=\"Autora Carmen Mart\u00edn Gaite\" width=\"150\" height=\"150\" srcset=\"https:\/\/www.taller-palabras.com\/WordPress_04\/wp-content\/uploads\/2019\/12\/martin_gaite-150x150.jpg 150w, https:\/\/www.taller-palabras.com\/WordPress_04\/wp-content\/uploads\/2019\/12\/martin_gaite-100x100.jpg 100w\" sizes=\"auto, (max-width: 150px) 100vw, 150px\" \/>El cuarto de atr\u00e1s es la quinta novela de la escritora espa\u00f1ola de origen salmantino Carmen Mart\u00edn Gaite. Con esta obra, escrita en clave de memorias, la autora consigui\u00f3 hacerse con el Premio Nacional de Narrativa de 1978.<br \/>\nEn una noche desapacible, la propia escritora recibe la visita de un misterioso personaje con ropas negras. A partir de la relaci\u00f3n con dicho personaje, la autora va sacando a relucir sus recuerdos de juventud, unas veces en escenarios reales como las calles de su Salamanca natal, otras veces imaginarios como la isla de Bergai.<\/p>\n","protected":false},"excerpt":{"rendered":"<p>El cuarto de atr\u00e1s es la quinta novela de la escritora espa\u00f1ola de origen salmantino Carmen Mart\u00edn Gaite. Con esta obra, escrita en clave de memorias, la autora consigui\u00f3 hacerse con el Premio Nacional de Narrativa de 1978. En una noche desapacible, la propia escritora recibe la visita de un misterioso personaje con ropas negras. [&hellip;]<\/p>\n","protected":false},"featured_media":12157,"template":"","meta":[],"product_brand":[],"product_cat":[25],"product_tag":[178,136,1660,55],"class_list":{"0":"post-12154","1":"product","2":"type-product","3":"status-publish","4":"has-post-thumbnail","6":"product_cat-libros-digitales-ebooks","7":"product_tag-carmen-martin-gaite","8":"product_tag-decargar-ebook","9":"product_tag-el-cuarto-de-atras","10":"product_tag-novelas","12":"first","13":"instock","14":"shipping-taxable","15":"purchasable","16":"product-type-variable","17":"has-default-attributes"},"_links":{"self":[{"href":"https:\/\/www.taller-palabras.com\/WordPress_04\/wp-json\/wp\/v2\/product\/12154","targetHints":{"allow":["GET"]}}],"collection":[{"href":"https:\/\/www.taller-palabras.com\/WordPress_04\/wp-json\/wp\/v2\/product"}],"about":[{"href":"https:\/\/www.taller-palabras.com\/WordPress_04\/wp-json\/wp\/v2\/types\/product"}],"wp:featuredmedia":[{"embeddable":true,"href":"https:\/\/www.taller-palabras.com\/WordPress_04\/wp-json\/wp\/v2\/media\/12157"}],"wp:attachment":[{"href":"https:\/\/www.taller-palabras.com\/WordPress_04\/wp-json\/wp\/v2\/media?parent=12154"}],"wp:term":[{"taxonomy":"product_brand","embeddable":true,"href":"https:\/\/www.taller-palabras.com\/WordPress_04\/wp-json\/wp\/v2\/product_brand?post=12154"},{"taxonomy":"product_cat","embeddable":true,"href":"https:\/\/www.taller-palabras.com\/WordPress_04\/wp-json\/wp\/v2\/product_cat?post=12154"},{"taxonomy":"product_tag","embeddable":true,"href":"https:\/\/www.taller-palabras.com\/WordPress_04\/wp-json\/wp\/v2\/product_tag?post=12154"}],"curies":[{"name":"wp","href":"https:\/\/api.w.org\/{rel}","templated":true}]}}