{"id":12185,"date":"2020-04-26T12:31:07","date_gmt":"2020-04-26T15:31:07","guid":{"rendered":"https:\/\/www.taller-palabras.com\/WordPress_04\/?post_type=product&#038;p=12185"},"modified":"2026-02-02T12:11:31","modified_gmt":"2026-02-02T15:11:31","slug":"mision-en-paris-arturo-perez-reverte-ebook","status":"publish","type":"product","link":"https:\/\/www.taller-palabras.com\/WordPress_04\/producto\/mision-en-paris-arturo-perez-reverte-ebook","title":{"rendered":"Misi\u00f3n en Par\u00eds &#8211; Arturo P\u00e9rez-Reverte \/ebook"},"content":{"rendered":"<figure id=\"attachment_1878\" aria-describedby=\"caption-attachment-1878\" style=\"width: 150px\" class=\"wp-caption alignleft\"><img loading=\"lazy\" decoding=\"async\" class=\"wp-image-1878 size-thumbnail\" src=\"https:\/\/www.taller-palabras.com\/WordPress_04\/wp-content\/uploads\/2020\/04\/Reverte-150x150.jpg\" alt=\"\" width=\"150\" height=\"150\" srcset=\"https:\/\/www.taller-palabras.com\/WordPress_04\/wp-content\/uploads\/2020\/04\/Reverte-150x150.jpg 150w, https:\/\/www.taller-palabras.com\/WordPress_04\/wp-content\/uploads\/2020\/04\/Reverte-300x300.jpg 300w, https:\/\/www.taller-palabras.com\/WordPress_04\/wp-content\/uploads\/2020\/04\/Reverte-324x324.jpg 324w, https:\/\/www.taller-palabras.com\/WordPress_04\/wp-content\/uploads\/2020\/04\/Reverte-100x100.jpg 100w, https:\/\/www.taller-palabras.com\/WordPress_04\/wp-content\/uploads\/2020\/04\/Reverte.jpg 400w\" sizes=\"auto, (max-width: 150px) 100vw, 150px\" \/><figcaption id=\"caption-attachment-1878\" class=\"wp-caption-text\">Autor Arturo P\u00e9rez-Reverte<\/figcaption><\/figure>\n<p>Vuelve el Capit\u00e1n Alatriste. La nueva y esperada entrega de la serie de novelas de aventuras que cambi\u00f3 la forma de leer y entender el Siglo de Oro.<br \/>\n<em>\u00abMe gusta P\u00e9rez-Reverte, me recuerda a Dumas y Salgari\u00bb.<\/em> Umberto Eco<\/p>\n<p>\u00abSonaba la medianoche en los relojes de Par\u00eds cuando entraron por la puerta de Saint-Jacques cuatro jinetes tan seguros de s\u00ed mismos como el trote firme de sus caballos\u00bb. Es medianoche. \u00cd\u00f1igo Balboa, que forma parte de los Correos Reales del rey cat\u00f3lico, aguarda expectante la llegada del capit\u00e1n Alatriste, de Francisco de Quevedo y de Sebasti\u00e1n Copons a Par\u00eds, donde se encuentra para entregar unos despachos al conde de Guadalmedina. Hace casi un a\u00f1o que no se re\u00fanen, cuando acab\u00f3 la arriesgada encomienda que tuvieron que afrontar en Venecia. Son tiempos complejos para Francia: desde hace unos meses, los hugonotes de La Rochela, con apoyo ingl\u00e9s, est\u00e1n viviendo un duro asedio por parte de las fuerzas francesas a las \u00f3rdenes del cardenal Richelieu. Por mediaci\u00f3n de Quevedo, Alatriste y sus amigos se ven envueltos en una peligrosa misi\u00f3n secreta ideada por el conde-duque de Olivares. Esta vez el objetivo es de tal magnitud, que la aventura a la que se enfrentan podr\u00eda cambiar para siempre el curso de los acontecimientos.<\/p>\n","protected":false},"excerpt":{"rendered":"<p>Vuelve el Capit\u00e1n Alatriste. La nueva y esperada entrega de la serie de novelas de aventuras que cambi\u00f3 la forma de leer y entender el Siglo de Oro. \u00abMe gusta P\u00e9rez-Reverte, me recuerda a Dumas y Salgari\u00bb. Umberto Eco \u00abSonaba la medianoche en los relojes de Par\u00eds cuando entraron por la puerta de Saint-Jacques cuatro [&hellip;]<\/p>\n","protected":false},"featured_media":12190,"template":"","meta":[],"product_brand":[],"product_cat":[25],"product_tag":[202,136,1666,55],"class_list":{"0":"post-12185","1":"product","2":"type-product","3":"status-publish","4":"has-post-thumbnail","6":"product_cat-libros-digitales-ebooks","7":"product_tag-arturo-perez-reverte","8":"product_tag-decargar-ebook","9":"product_tag-mision-en-paris","10":"product_tag-novelas","12":"first","13":"instock","14":"shipping-taxable","15":"purchasable","16":"product-type-variable","17":"has-default-attributes"},"_links":{"self":[{"href":"https:\/\/www.taller-palabras.com\/WordPress_04\/wp-json\/wp\/v2\/product\/12185","targetHints":{"allow":["GET"]}}],"collection":[{"href":"https:\/\/www.taller-palabras.com\/WordPress_04\/wp-json\/wp\/v2\/product"}],"about":[{"href":"https:\/\/www.taller-palabras.com\/WordPress_04\/wp-json\/wp\/v2\/types\/product"}],"wp:featuredmedia":[{"embeddable":true,"href":"https:\/\/www.taller-palabras.com\/WordPress_04\/wp-json\/wp\/v2\/media\/12190"}],"wp:attachment":[{"href":"https:\/\/www.taller-palabras.com\/WordPress_04\/wp-json\/wp\/v2\/media?parent=12185"}],"wp:term":[{"taxonomy":"product_brand","embeddable":true,"href":"https:\/\/www.taller-palabras.com\/WordPress_04\/wp-json\/wp\/v2\/product_brand?post=12185"},{"taxonomy":"product_cat","embeddable":true,"href":"https:\/\/www.taller-palabras.com\/WordPress_04\/wp-json\/wp\/v2\/product_cat?post=12185"},{"taxonomy":"product_tag","embeddable":true,"href":"https:\/\/www.taller-palabras.com\/WordPress_04\/wp-json\/wp\/v2\/product_tag?post=12185"}],"curies":[{"name":"wp","href":"https:\/\/api.w.org\/{rel}","templated":true}]}}