{"id":12198,"date":"2022-03-06T10:07:33","date_gmt":"2022-03-06T13:07:33","guid":{"rendered":"https:\/\/www.taller-palabras.com\/WordPress_04\/?post_type=product&#038;p=12198"},"modified":"2026-03-22T13:13:51","modified_gmt":"2026-03-22T16:13:51","slug":"el-arte-de-la-novela-milan-kundera-ebook","status":"publish","type":"product","link":"https:\/\/www.taller-palabras.com\/WordPress_04\/producto\/el-arte-de-la-novela-milan-kundera-ebook","title":{"rendered":"El arte de la novela  &#8211; Milan Kundera \/ebook"},"content":{"rendered":"<figure id=\"attachment_5287\" aria-describedby=\"caption-attachment-5287\" style=\"width: 150px\" class=\"wp-caption alignleft\"><img loading=\"lazy\" decoding=\"async\" class=\"wp-image-5287 size-thumbnail\" src=\"https:\/\/www.taller-palabras.com\/WordPress_04\/wp-content\/uploads\/2022\/03\/MianKundera-150x150.jpg\" alt=\"\" width=\"150\" height=\"150\" srcset=\"https:\/\/www.taller-palabras.com\/WordPress_04\/wp-content\/uploads\/2022\/03\/MianKundera-150x150.jpg 150w, https:\/\/www.taller-palabras.com\/WordPress_04\/wp-content\/uploads\/2022\/03\/MianKundera-100x100.jpg 100w, https:\/\/www.taller-palabras.com\/WordPress_04\/wp-content\/uploads\/2022\/03\/MianKundera.jpg 283w\" sizes=\"auto, (max-width: 150px) 100vw, 150px\" \/><figcaption id=\"caption-attachment-5287\" class=\"wp-caption-text\">Autor Milan Kundera<\/figcaption><\/figure>\n<p>\u00ab\u00bfDebo acaso insistir en que no tengo la m\u00e1s m\u00ednima ambici\u00f3n te\u00f3rica y que este libro no es sino la confesi\u00f3n de un \u201cpracticante\u201d? La obra de cada novelista contiene una visi\u00f3n impl\u00edcita de la historia de la novela, una idea de lo que es la novela: es esta idea de la novela, inherente a mis novelas, la que he procurado dejar hablar\u00bb.<br \/>\nEn estos siete textos relativamente independientes, pero vinculados en un \u00fanico ensayo, Milan Kundera expone su concepci\u00f3n personal de la novela europea (\u00abarte nacido de la risa de Dios\u00bb). \u00bfEst\u00e1 su historia en v\u00edas de terminarse? El caso es que hoy, en la \u00e9poca de las \u00abparadojas terminales\u00bb, la novela \u00abya no puede vivir en paz con el esp\u00edritu de nuestro tiempo: si a\u00fan quiere \u2018progresar\u2019 en tanto que la novela, no puede sino hacerlo en contra del progreso del mundo\u00bb.<br \/>\nUno de los textos est\u00e1 dedicado a Hermann Broch, otro a Franz Kafka, y, desde la primera hasta la \u00faltima l\u00ednea, la reflexi\u00f3n de Kundera es una constante referencia a los autores que constituyen los pilares de su \u00abhistoria personal de la novela\u00bb: Rabelais, Cervantes, Sterne, Diderot, Flaubert, Tolstoi, Musil, Gombrowicz. En dos di\u00e1logos, el autor habla de su propio arte (arte en el sentido casi artesanal de la palabra), de las distintas maneras de crear un \u00abego experimental\u00bb (personaje), de la polifon\u00eda, de la composici\u00f3n\u2026<\/p>\n","protected":false},"excerpt":{"rendered":"<p>\u00ab\u00bfDebo acaso insistir en que no tengo la m\u00e1s m\u00ednima ambici\u00f3n te\u00f3rica y que este libro no es sino la confesi\u00f3n de un \u201cpracticante\u201d? La obra de cada novelista contiene una visi\u00f3n impl\u00edcita de la historia de la novela, una idea de lo que es la novela: es esta idea de la novela, inherente a [&hellip;]<\/p>\n","protected":false},"featured_media":12201,"template":"","meta":[],"product_brand":[],"product_cat":[25],"product_tag":[54,1668,45,732],"class_list":{"0":"post-12198","1":"product","2":"type-product","3":"status-publish","4":"has-post-thumbnail","6":"product_cat-libros-digitales-ebooks","7":"product_tag-descargar-ebook","8":"product_tag-el-arte-de-la-novela","9":"product_tag-mejor-novela","10":"product_tag-milan-kundera","12":"first","13":"instock","14":"shipping-taxable","15":"purchasable","16":"product-type-variable","17":"has-default-attributes"},"_links":{"self":[{"href":"https:\/\/www.taller-palabras.com\/WordPress_04\/wp-json\/wp\/v2\/product\/12198","targetHints":{"allow":["GET"]}}],"collection":[{"href":"https:\/\/www.taller-palabras.com\/WordPress_04\/wp-json\/wp\/v2\/product"}],"about":[{"href":"https:\/\/www.taller-palabras.com\/WordPress_04\/wp-json\/wp\/v2\/types\/product"}],"wp:featuredmedia":[{"embeddable":true,"href":"https:\/\/www.taller-palabras.com\/WordPress_04\/wp-json\/wp\/v2\/media\/12201"}],"wp:attachment":[{"href":"https:\/\/www.taller-palabras.com\/WordPress_04\/wp-json\/wp\/v2\/media?parent=12198"}],"wp:term":[{"taxonomy":"product_brand","embeddable":true,"href":"https:\/\/www.taller-palabras.com\/WordPress_04\/wp-json\/wp\/v2\/product_brand?post=12198"},{"taxonomy":"product_cat","embeddable":true,"href":"https:\/\/www.taller-palabras.com\/WordPress_04\/wp-json\/wp\/v2\/product_cat?post=12198"},{"taxonomy":"product_tag","embeddable":true,"href":"https:\/\/www.taller-palabras.com\/WordPress_04\/wp-json\/wp\/v2\/product_tag?post=12198"}],"curies":[{"name":"wp","href":"https:\/\/api.w.org\/{rel}","templated":true}]}}