{"id":12205,"date":"2021-09-05T11:27:35","date_gmt":"2021-09-05T14:27:35","guid":{"rendered":"https:\/\/www.taller-palabras.com\/WordPress_04\/?post_type=product&#038;p=12205"},"modified":"2026-02-04T12:16:13","modified_gmt":"2026-02-04T15:16:13","slug":"seis-propuestas-para-el-proximo-milenio-italo-calvino-ebook","status":"publish","type":"product","link":"https:\/\/www.taller-palabras.com\/WordPress_04\/producto\/seis-propuestas-para-el-proximo-milenio-italo-calvino-ebook","title":{"rendered":"Seis propuestas para el pr\u00f3ximo milenio &#8211; Italo Calvino \/ebook"},"content":{"rendered":"<figure id=\"attachment_2173\" aria-describedby=\"caption-attachment-2173\" style=\"width: 150px\" class=\"wp-caption alignleft\"><img loading=\"lazy\" decoding=\"async\" class=\"wp-image-2173 size-thumbnail\" src=\"https:\/\/www.taller-palabras.com\/WordPress_04\/wp-content\/uploads\/2020\/06\/ItaloCalvino-150x150.jpg\" alt=\"\" width=\"150\" height=\"150\" srcset=\"https:\/\/www.taller-palabras.com\/WordPress_04\/wp-content\/uploads\/2020\/06\/ItaloCalvino-150x150.jpg 150w, https:\/\/www.taller-palabras.com\/WordPress_04\/wp-content\/uploads\/2020\/06\/ItaloCalvino-324x324.jpg 324w, https:\/\/www.taller-palabras.com\/WordPress_04\/wp-content\/uploads\/2020\/06\/ItaloCalvino-100x100.jpg 100w\" sizes=\"auto, (max-width: 150px) 100vw, 150px\" \/><figcaption id=\"caption-attachment-2173\" class=\"wp-caption-text\">Autor Italo Calvino<\/figcaption><\/figure>\n<p>En junio de 1984 Italo Calvino fue invitado a ocupar la c\u00e1tedra de las Charles Eliot Norton Poetry Lectures en la Universidad de Harvard, Massachusetts, durante el curso 1985-1986. El autor prepar\u00f3 un ciclo de conferencias eligiendo como tema los valores literarios que \u00e9l m\u00e1s apreciaba y que habr\u00edan de conservarse en el nuevo milenio, aunque nunca lleg\u00f3 a impartirlas, pues falleci\u00f3 en Italia una semana antes de su partida a EE.UU. \u00abEl milenio que est\u00e1 por terminar ha asistido al nacimiento y a la expansi\u00f3n de las lenguas modernas de Occidente y de las literaturas que han explorado las posibilidades expresivas y cognoscitivas e imaginativas de esas lenguas. Ha sido tambi\u00e9n el milenio del libro, dado que ha visto c\u00f3mo el objeto libro adquir\u00eda la forma que nos es familiar. La se\u00f1al de que el milenio est\u00e1 por concluir tal vez sea la frecuencia con que nos interrogamos sobre la suerte de la literatura y del libro en la era tecnol\u00f3gica llamada postindustrial. No voy a aventurarme en previsiones de este tipo. Mi fe en el futuro de la literatura consiste en saber que hay cosas que s\u00f3lo la literatura, con sus medios espec\u00edficos, puede dar. Quisiera, pues, dedicar estas conferencias a algunos valores o cualidades o especificidades de la literatura que me son particularmente caros, tratando de situarlos en la perspectiva del nuevo milenio.\u00bb<\/p>\n<p>Italo Calvino<\/p>\n<p>&nbsp;<\/p>\n","protected":false},"excerpt":{"rendered":"<p>En junio de 1984 Italo Calvino fue invitado a ocupar la c\u00e1tedra de las Charles Eliot Norton Poetry Lectures en la Universidad de Harvard, Massachusetts, durante el curso 1985-1986. El autor prepar\u00f3 un ciclo de conferencias eligiendo como tema los valores literarios que \u00e9l m\u00e1s apreciaba y que habr\u00edan de conservarse en el nuevo milenio, [&hellip;]<\/p>\n","protected":false},"featured_media":12208,"template":"","meta":[],"product_brand":[],"product_cat":[25],"product_tag":[54,222,45,1669],"class_list":{"0":"post-12205","1":"product","2":"type-product","3":"status-publish","4":"has-post-thumbnail","6":"product_cat-libros-digitales-ebooks","7":"product_tag-descargar-ebook","8":"product_tag-italo-calvino","9":"product_tag-mejor-novela","10":"product_tag-seis-propuestas-para-el-proximo-milenio","12":"first","13":"instock","14":"shipping-taxable","15":"purchasable","16":"product-type-variable","17":"has-default-attributes"},"_links":{"self":[{"href":"https:\/\/www.taller-palabras.com\/WordPress_04\/wp-json\/wp\/v2\/product\/12205","targetHints":{"allow":["GET"]}}],"collection":[{"href":"https:\/\/www.taller-palabras.com\/WordPress_04\/wp-json\/wp\/v2\/product"}],"about":[{"href":"https:\/\/www.taller-palabras.com\/WordPress_04\/wp-json\/wp\/v2\/types\/product"}],"wp:featuredmedia":[{"embeddable":true,"href":"https:\/\/www.taller-palabras.com\/WordPress_04\/wp-json\/wp\/v2\/media\/12208"}],"wp:attachment":[{"href":"https:\/\/www.taller-palabras.com\/WordPress_04\/wp-json\/wp\/v2\/media?parent=12205"}],"wp:term":[{"taxonomy":"product_brand","embeddable":true,"href":"https:\/\/www.taller-palabras.com\/WordPress_04\/wp-json\/wp\/v2\/product_brand?post=12205"},{"taxonomy":"product_cat","embeddable":true,"href":"https:\/\/www.taller-palabras.com\/WordPress_04\/wp-json\/wp\/v2\/product_cat?post=12205"},{"taxonomy":"product_tag","embeddable":true,"href":"https:\/\/www.taller-palabras.com\/WordPress_04\/wp-json\/wp\/v2\/product_tag?post=12205"}],"curies":[{"name":"wp","href":"https:\/\/api.w.org\/{rel}","templated":true}]}}