{"id":12214,"date":"2026-02-04T12:16:45","date_gmt":"2026-02-04T15:16:45","guid":{"rendered":"https:\/\/www.taller-palabras.com\/WordPress_04\/?post_type=product&#038;p=12214"},"modified":"2026-02-04T12:23:42","modified_gmt":"2026-02-04T15:23:42","slug":"felicidad-y-otros-cuentos-katherine-mansfield-ebook","status":"publish","type":"product","link":"https:\/\/www.taller-palabras.com\/WordPress_04\/producto\/felicidad-y-otros-cuentos-katherine-mansfield-ebook","title":{"rendered":"Felicidad y otros cuentos &#8211; Katherine Mansfield \/ebook"},"content":{"rendered":"<figure id=\"attachment_12218\" aria-describedby=\"caption-attachment-12218\" style=\"width: 150px\" class=\"wp-caption alignleft\"><img loading=\"lazy\" decoding=\"async\" class=\"wp-image-12218 size-thumbnail\" src=\"https:\/\/www.taller-palabras.com\/WordPress_04\/wp-content\/uploads\/2026\/02\/Katherine-Mansfield-150x150.jpg\" alt=\"\" width=\"150\" height=\"150\" srcset=\"https:\/\/www.taller-palabras.com\/WordPress_04\/wp-content\/uploads\/2026\/02\/Katherine-Mansfield-150x150.jpg 150w, https:\/\/www.taller-palabras.com\/WordPress_04\/wp-content\/uploads\/2026\/02\/Katherine-Mansfield-100x100.jpg 100w, https:\/\/www.taller-palabras.com\/WordPress_04\/wp-content\/uploads\/2026\/02\/Katherine-Mansfield.jpg 218w\" sizes=\"auto, (max-width: 150px) 100vw, 150px\" \/><figcaption id=\"caption-attachment-12218\" class=\"wp-caption-text\">Autora Katherine Mansfield<\/figcaption><\/figure>\n<p>Felicidad y otros cuentos de Katherine Mansfield re\u00fane relatos magistrales que exploran la psicolog\u00eda humana, la soledad espiritual y las convenciones sociales de la clase alta con iron\u00eda y simbolismo. El cuento hom\u00f3nimo, \u00abFelicidad\u00bb, narra c\u00f3mo Bertha Young, en un estado de euforia, ve su vida perfecta desmoronarse al descubrir la infidelidad de su esposo. Esta colecci\u00f3n destaca por el uso de met\u00e1foras, la observaci\u00f3n minuciosa y la capacidad de Mansfield para retratar la decepci\u00f3n y las expectativas de g\u00e9nero.<\/p>\n","protected":false},"excerpt":{"rendered":"<p>Felicidad y otros cuentos de Katherine Mansfield re\u00fane relatos magistrales que exploran la psicolog\u00eda humana, la soledad espiritual y las convenciones sociales de la clase alta con iron\u00eda y simbolismo. El cuento hom\u00f3nimo, \u00abFelicidad\u00bb, narra c\u00f3mo Bertha Young, en un estado de euforia, ve su vida perfecta desmoronarse al descubrir la infidelidad de su esposo. [&hellip;]<\/p>\n","protected":false},"featured_media":12217,"template":"","meta":[],"product_brand":[],"product_cat":[25],"product_tag":[54,1670,1173,1184],"class_list":{"0":"post-12214","1":"product","2":"type-product","3":"status-publish","4":"has-post-thumbnail","6":"product_cat-libros-digitales-ebooks","7":"product_tag-descargar-ebook","8":"product_tag-felicidad-y-otros-cuentos","9":"product_tag-katherine-mansfield","10":"product_tag-mejor-novelas","12":"first","13":"instock","14":"shipping-taxable","15":"purchasable","16":"product-type-variable","17":"has-default-attributes"},"_links":{"self":[{"href":"https:\/\/www.taller-palabras.com\/WordPress_04\/wp-json\/wp\/v2\/product\/12214","targetHints":{"allow":["GET"]}}],"collection":[{"href":"https:\/\/www.taller-palabras.com\/WordPress_04\/wp-json\/wp\/v2\/product"}],"about":[{"href":"https:\/\/www.taller-palabras.com\/WordPress_04\/wp-json\/wp\/v2\/types\/product"}],"wp:featuredmedia":[{"embeddable":true,"href":"https:\/\/www.taller-palabras.com\/WordPress_04\/wp-json\/wp\/v2\/media\/12217"}],"wp:attachment":[{"href":"https:\/\/www.taller-palabras.com\/WordPress_04\/wp-json\/wp\/v2\/media?parent=12214"}],"wp:term":[{"taxonomy":"product_brand","embeddable":true,"href":"https:\/\/www.taller-palabras.com\/WordPress_04\/wp-json\/wp\/v2\/product_brand?post=12214"},{"taxonomy":"product_cat","embeddable":true,"href":"https:\/\/www.taller-palabras.com\/WordPress_04\/wp-json\/wp\/v2\/product_cat?post=12214"},{"taxonomy":"product_tag","embeddable":true,"href":"https:\/\/www.taller-palabras.com\/WordPress_04\/wp-json\/wp\/v2\/product_tag?post=12214"}],"curies":[{"name":"wp","href":"https:\/\/api.w.org\/{rel}","templated":true}]}}