{"id":12228,"date":"2024-02-05T16:01:32","date_gmt":"2024-02-05T19:01:32","guid":{"rendered":"https:\/\/www.taller-palabras.com\/WordPress_04\/?post_type=product&#038;p=12228"},"modified":"2026-02-05T16:49:07","modified_gmt":"2026-02-05T19:49:07","slug":"saga-en-plena-noche-2-mikel-santiago-ebook","status":"publish","type":"product","link":"https:\/\/www.taller-palabras.com\/WordPress_04\/producto\/saga-en-plena-noche-2-mikel-santiago-ebook","title":{"rendered":"Saga: En plena noche (2) &#8211; Mikel Santiago \/ebook"},"content":{"rendered":"<p><img loading=\"lazy\" decoding=\"async\" class=\"wp-image-12224 size-full alignleft\" src=\"https:\/\/www.taller-palabras.com\/WordPress_04\/wp-content\/uploads\/2026\/02\/Mikel-Santiago.jpg\" alt=\"\" width=\"183\" height=\"183\" srcset=\"https:\/\/www.taller-palabras.com\/WordPress_04\/wp-content\/uploads\/2026\/02\/Mikel-Santiago.jpg 183w, https:\/\/www.taller-palabras.com\/WordPress_04\/wp-content\/uploads\/2026\/02\/Mikel-Santiago-150x150.jpg 150w, https:\/\/www.taller-palabras.com\/WordPress_04\/wp-content\/uploads\/2026\/02\/Mikel-Santiago-100x100.jpg 100w\" sizes=\"auto, (max-width: 183px) 100vw, 183px\" \/>Un grupo de rock. Un concierto. Una chica desaparecida. Han pasado m\u00e1s de veinte a\u00f1os, pero hay noches que nunca terminan. \u00bfPuede una noche marcar el destino de todos los que la vivieron? Han pasado m\u00e1s de veinte a\u00f1os desde que Diego Letamendia, estrella del rock en declive, actu\u00f3 por \u00faltima vez en su pueblo natal, Illumbe. Esa fue la noche del final de su banda y su grupo de amigos, y tambi\u00e9n la de la desaparici\u00f3n de Lorea, su novia. La polic\u00eda nunca logr\u00f3 esclarecer lo ocurrido con la chica, que fue vista saliendo a toda prisa de la sala de conciertos, como si huyera de algo o de alguien. Despu\u00e9s de aquello, Diego emprendi\u00f3 una carrera de \u00e9xitos en solitario y jam\u00e1s regres\u00f3 al pueblo. Cuando uno de los miembros de la banda muere en un extra\u00f1o incendio, Diego decide volver a Illumbe. Han pasado muchos a\u00f1os y el reencuentro con los antiguos amigos es dif\u00edcil: ninguno de ellos sigue siendo la persona que fue. Mientras, crece la sospecha de que el incendio no fue accidental. \u00bfEs posible que todo est\u00e9 relacionado y que, tanto tiempo despu\u00e9s, Diego pueda encontrar nuevas pistas sobre lo que pas\u00f3 con Lorea?<\/p>\n","protected":false},"excerpt":{"rendered":"<p>Un grupo de rock. Un concierto. Una chica desaparecida. Han pasado m\u00e1s de veinte a\u00f1os, pero hay noches que nunca terminan. \u00bfPuede una noche marcar el destino de todos los que la vivieron? Han pasado m\u00e1s de veinte a\u00f1os desde que Diego Letamendia, estrella del rock en declive, actu\u00f3 por \u00faltima vez en su pueblo [&hellip;]<\/p>\n","protected":false},"featured_media":12231,"template":"","meta":[],"product_brand":[],"product_cat":[25,47],"product_tag":[54,1673,1184,1671],"class_list":{"0":"post-12228","1":"product","2":"type-product","3":"status-publish","4":"has-post-thumbnail","6":"product_cat-libros-digitales-ebooks","7":"product_cat-libros-digitales-sagas","8":"product_tag-descargar-ebook","9":"product_tag-en-plena-noche","10":"product_tag-mejor-novelas","11":"product_tag-mikel-santiago","13":"first","14":"instock","15":"shipping-taxable","16":"purchasable","17":"product-type-variable","18":"has-default-attributes"},"_links":{"self":[{"href":"https:\/\/www.taller-palabras.com\/WordPress_04\/wp-json\/wp\/v2\/product\/12228","targetHints":{"allow":["GET"]}}],"collection":[{"href":"https:\/\/www.taller-palabras.com\/WordPress_04\/wp-json\/wp\/v2\/product"}],"about":[{"href":"https:\/\/www.taller-palabras.com\/WordPress_04\/wp-json\/wp\/v2\/types\/product"}],"wp:featuredmedia":[{"embeddable":true,"href":"https:\/\/www.taller-palabras.com\/WordPress_04\/wp-json\/wp\/v2\/media\/12231"}],"wp:attachment":[{"href":"https:\/\/www.taller-palabras.com\/WordPress_04\/wp-json\/wp\/v2\/media?parent=12228"}],"wp:term":[{"taxonomy":"product_brand","embeddable":true,"href":"https:\/\/www.taller-palabras.com\/WordPress_04\/wp-json\/wp\/v2\/product_brand?post=12228"},{"taxonomy":"product_cat","embeddable":true,"href":"https:\/\/www.taller-palabras.com\/WordPress_04\/wp-json\/wp\/v2\/product_cat?post=12228"},{"taxonomy":"product_tag","embeddable":true,"href":"https:\/\/www.taller-palabras.com\/WordPress_04\/wp-json\/wp\/v2\/product_tag?post=12228"}],"curies":[{"name":"wp","href":"https:\/\/api.w.org\/{rel}","templated":true}]}}