{"id":12237,"date":"2024-02-05T16:00:20","date_gmt":"2024-02-05T19:00:20","guid":{"rendered":"https:\/\/www.taller-palabras.com\/WordPress_04\/?post_type=product&#038;p=12237"},"modified":"2026-02-05T16:51:46","modified_gmt":"2026-02-05T19:51:46","slug":"saga-entre-los-muertos-3-mikel-santiago-ebook","status":"publish","type":"product","link":"https:\/\/www.taller-palabras.com\/WordPress_04\/producto\/saga-entre-los-muertos-3-mikel-santiago-ebook","title":{"rendered":"Saga: Entre los muertos (3) &#8211; Mikel Santiago \/ebook"},"content":{"rendered":"<p><img loading=\"lazy\" decoding=\"async\" class=\"wp-image-12224 size-full alignleft\" src=\"https:\/\/www.taller-palabras.com\/WordPress_04\/wp-content\/uploads\/2026\/02\/Mikel-Santiago.jpg\" alt=\"\" width=\"183\" height=\"183\" srcset=\"https:\/\/www.taller-palabras.com\/WordPress_04\/wp-content\/uploads\/2026\/02\/Mikel-Santiago.jpg 183w, https:\/\/www.taller-palabras.com\/WordPress_04\/wp-content\/uploads\/2026\/02\/Mikel-Santiago-150x150.jpg 150w, https:\/\/www.taller-palabras.com\/WordPress_04\/wp-content\/uploads\/2026\/02\/Mikel-Santiago-100x100.jpg 100w\" sizes=\"auto, (max-width: 183px) 100vw, 183px\" \/>Hay muertos que nunca descansan, y tal vez no deban hacerlo hasta que se les haga justicia. Nadie lo sabe mejor que Nerea Arruti, agente de la Ertzaintza en Illumbe, una mujer solitaria que arrastra tambi\u00e9n sus propios cad\u00e1veres y fantasmas del pasado. Una historia de amor prohibida, una muerte supuestamente accidental, una mansi\u00f3n con vistas al Cant\u00e1brico donde todos tienen algo que ocultar y un personaje misterioso conocido como el Cuervo cuyo nombre aparece como una sombra a lo largo de la novela. Estos son los ingredientes de una investigaci\u00f3n que se ir\u00e1 complicando p\u00e1gina tras p\u00e1gina y en la que Arruti, tal como descubrir\u00e1n pronto los lectores, ser\u00e1 mucho m\u00e1s que la agente encargada del caso.<\/p>\n","protected":false},"excerpt":{"rendered":"<p>Hay muertos que nunca descansan, y tal vez no deban hacerlo hasta que se les haga justicia. Nadie lo sabe mejor que Nerea Arruti, agente de la Ertzaintza en Illumbe, una mujer solitaria que arrastra tambi\u00e9n sus propios cad\u00e1veres y fantasmas del pasado. Una historia de amor prohibida, una muerte supuestamente accidental, una mansi\u00f3n con [&hellip;]<\/p>\n","protected":false},"featured_media":12240,"template":"","meta":[],"product_brand":[],"product_cat":[25,47],"product_tag":[54,1674,1184,1671],"class_list":{"0":"post-12237","1":"product","2":"type-product","3":"status-publish","4":"has-post-thumbnail","6":"product_cat-libros-digitales-ebooks","7":"product_cat-libros-digitales-sagas","8":"product_tag-descargar-ebook","9":"product_tag-entre-los-muertos","10":"product_tag-mejor-novelas","11":"product_tag-mikel-santiago","13":"first","14":"instock","15":"shipping-taxable","16":"purchasable","17":"product-type-variable","18":"has-default-attributes"},"_links":{"self":[{"href":"https:\/\/www.taller-palabras.com\/WordPress_04\/wp-json\/wp\/v2\/product\/12237","targetHints":{"allow":["GET"]}}],"collection":[{"href":"https:\/\/www.taller-palabras.com\/WordPress_04\/wp-json\/wp\/v2\/product"}],"about":[{"href":"https:\/\/www.taller-palabras.com\/WordPress_04\/wp-json\/wp\/v2\/types\/product"}],"wp:featuredmedia":[{"embeddable":true,"href":"https:\/\/www.taller-palabras.com\/WordPress_04\/wp-json\/wp\/v2\/media\/12240"}],"wp:attachment":[{"href":"https:\/\/www.taller-palabras.com\/WordPress_04\/wp-json\/wp\/v2\/media?parent=12237"}],"wp:term":[{"taxonomy":"product_brand","embeddable":true,"href":"https:\/\/www.taller-palabras.com\/WordPress_04\/wp-json\/wp\/v2\/product_brand?post=12237"},{"taxonomy":"product_cat","embeddable":true,"href":"https:\/\/www.taller-palabras.com\/WordPress_04\/wp-json\/wp\/v2\/product_cat?post=12237"},{"taxonomy":"product_tag","embeddable":true,"href":"https:\/\/www.taller-palabras.com\/WordPress_04\/wp-json\/wp\/v2\/product_tag?post=12237"}],"curies":[{"name":"wp","href":"https:\/\/api.w.org\/{rel}","templated":true}]}}