{"id":12242,"date":"2024-02-05T15:57:12","date_gmt":"2024-02-05T18:57:12","guid":{"rendered":"https:\/\/www.taller-palabras.com\/WordPress_04\/?post_type=product&#038;p=12242"},"modified":"2026-02-07T11:50:11","modified_gmt":"2026-02-07T14:50:11","slug":"la-chica-del-lago-mikel-santiago-ebook","status":"publish","type":"product","link":"https:\/\/www.taller-palabras.com\/WordPress_04\/producto\/la-chica-del-lago-mikel-santiago-ebook","title":{"rendered":"La chica del lago &#8211; Mikel Santiago \/ebook"},"content":{"rendered":"<p><img loading=\"lazy\" decoding=\"async\" class=\"wp-image-12224 size-full alignleft\" src=\"https:\/\/www.taller-palabras.com\/WordPress_04\/wp-content\/uploads\/2026\/02\/Mikel-Santiago.jpg\" alt=\"\" width=\"183\" height=\"183\" srcset=\"https:\/\/www.taller-palabras.com\/WordPress_04\/wp-content\/uploads\/2026\/02\/Mikel-Santiago.jpg 183w, https:\/\/www.taller-palabras.com\/WordPress_04\/wp-content\/uploads\/2026\/02\/Mikel-Santiago-150x150.jpg 150w, https:\/\/www.taller-palabras.com\/WordPress_04\/wp-content\/uploads\/2026\/02\/Mikel-Santiago-100x100.jpg 100w\" sizes=\"auto, (max-width: 183px) 100vw, 183px\" \/>Quintana Torres es una escritora de \u00e9xito y los medios la llaman \u00abla nueva reina del thriller\u00bb. Durante una firma de ejemplares en Bilbao, se le acerca un antiguo compa\u00f1ero del instituto y le entrega un misterioso sobre negro. Dentro hay una fotograf\u00eda del diario de Alba, la adolescente muerta en extra\u00f1as circunstancias cuya historia inspir\u00f3 la novela m\u00e1s conocida de Quintana: La chica del lago. Este hallazgo llevar\u00e1 a la escritora a cancelar su gira promocional y a regresar a la vieja casa de su padre en Urkizu, el peque\u00f1o pueblo de interior del Pa\u00eds Vasco donde ocurri\u00f3 todo. All\u00ed fue donde, durante la noche de San Juan de 1999, Alba desapareci\u00f3 para siempre y, con ella, ese enigm\u00e1tico diario que llevaba consigo a todas partes. A lo largo de una trama sin tregua, esta novela llevar\u00e1 al lector por distintos escenarios \u2014Bilbao, Madrid y Urkizu\u2014 tras los pasos de una protagonista que se enfrenta a un secreto oculto durante a\u00f1os.<\/p>\n","protected":false},"excerpt":{"rendered":"<p>Quintana Torres es una escritora de \u00e9xito y los medios la llaman \u00abla nueva reina del thriller\u00bb. Durante una firma de ejemplares en Bilbao, se le acerca un antiguo compa\u00f1ero del instituto y le entrega un misterioso sobre negro. Dentro hay una fotograf\u00eda del diario de Alba, la adolescente muerta en extra\u00f1as circunstancias cuya historia [&hellip;]<\/p>\n","protected":false},"featured_media":12247,"template":"","meta":[],"product_brand":[],"product_cat":[25],"product_tag":[54,1675,1184,1671],"class_list":{"0":"post-12242","1":"product","2":"type-product","3":"status-publish","4":"has-post-thumbnail","6":"product_cat-libros-digitales-ebooks","7":"product_tag-descargar-ebook","8":"product_tag-la-chica-del-lago","9":"product_tag-mejor-novelas","10":"product_tag-mikel-santiago","12":"first","13":"instock","14":"shipping-taxable","15":"purchasable","16":"product-type-variable","17":"has-default-attributes"},"_links":{"self":[{"href":"https:\/\/www.taller-palabras.com\/WordPress_04\/wp-json\/wp\/v2\/product\/12242","targetHints":{"allow":["GET"]}}],"collection":[{"href":"https:\/\/www.taller-palabras.com\/WordPress_04\/wp-json\/wp\/v2\/product"}],"about":[{"href":"https:\/\/www.taller-palabras.com\/WordPress_04\/wp-json\/wp\/v2\/types\/product"}],"wp:featuredmedia":[{"embeddable":true,"href":"https:\/\/www.taller-palabras.com\/WordPress_04\/wp-json\/wp\/v2\/media\/12247"}],"wp:attachment":[{"href":"https:\/\/www.taller-palabras.com\/WordPress_04\/wp-json\/wp\/v2\/media?parent=12242"}],"wp:term":[{"taxonomy":"product_brand","embeddable":true,"href":"https:\/\/www.taller-palabras.com\/WordPress_04\/wp-json\/wp\/v2\/product_brand?post=12242"},{"taxonomy":"product_cat","embeddable":true,"href":"https:\/\/www.taller-palabras.com\/WordPress_04\/wp-json\/wp\/v2\/product_cat?post=12242"},{"taxonomy":"product_tag","embeddable":true,"href":"https:\/\/www.taller-palabras.com\/WordPress_04\/wp-json\/wp\/v2\/product_tag?post=12242"}],"curies":[{"name":"wp","href":"https:\/\/api.w.org\/{rel}","templated":true}]}}