{"id":12249,"date":"2024-02-05T15:58:16","date_gmt":"2024-02-05T18:58:16","guid":{"rendered":"https:\/\/www.taller-palabras.com\/WordPress_04\/?post_type=product&#038;p=12249"},"modified":"2026-02-06T16:53:28","modified_gmt":"2026-02-06T19:53:28","slug":"el-hijo-olvidado-mikel-santiago-ebook","status":"publish","type":"product","link":"https:\/\/www.taller-palabras.com\/WordPress_04\/producto\/el-hijo-olvidado-mikel-santiago-ebook","title":{"rendered":"El hijo olvidado &#8211; Mikel Santiago \/ebook"},"content":{"rendered":"<p><img loading=\"lazy\" decoding=\"async\" class=\"wp-image-12224 size-full alignleft\" src=\"https:\/\/www.taller-palabras.com\/WordPress_04\/wp-content\/uploads\/2026\/02\/Mikel-Santiago.jpg\" alt=\"\" width=\"183\" height=\"183\" srcset=\"https:\/\/www.taller-palabras.com\/WordPress_04\/wp-content\/uploads\/2026\/02\/Mikel-Santiago.jpg 183w, https:\/\/www.taller-palabras.com\/WordPress_04\/wp-content\/uploads\/2026\/02\/Mikel-Santiago-150x150.jpg 150w, https:\/\/www.taller-palabras.com\/WordPress_04\/wp-content\/uploads\/2026\/02\/Mikel-Santiago-100x100.jpg 100w\" sizes=\"auto, (max-width: 183px) 100vw, 183px\" \/>Aitor Orizaola no pasa por su mejor momento. Mientras se recupera de la violenta resoluci\u00f3n de su \u00faltimo caso como agente de la Ertzaintza y se enfrenta a un expediente disciplinario, recibe una mala noticia. Su sobrino Denis, que de ni\u00f1o fue como un hijo para \u00e9l, ha sido acusado de asesinato. Pero algo huele a podrido y Orizaola, aunque oficialmente est\u00e9 de baja, no piensa quedarse de brazos cruzados. Denis parece haber sido v\u00edctima de una extra\u00f1a conspiraci\u00f3n. Una falsa acusaci\u00f3n, un misterioso suicidio, una poderosa familia con mucho que ocultar\u2026 Estas son algunas de las pistas que llevar\u00e1n a Orizaola, a lo largo de una lectura sin tregua, en busca de un secreto que se pierde en el laberinto de caminos de la Bizkaia profunda mientras lucha por resolver el caso m\u00e1s importante de su vida.<\/p>\n","protected":false},"excerpt":{"rendered":"<p>Aitor Orizaola no pasa por su mejor momento. Mientras se recupera de la violenta resoluci\u00f3n de su \u00faltimo caso como agente de la Ertzaintza y se enfrenta a un expediente disciplinario, recibe una mala noticia. Su sobrino Denis, que de ni\u00f1o fue como un hijo para \u00e9l, ha sido acusado de asesinato. Pero algo huele [&hellip;]<\/p>\n","protected":false},"featured_media":12252,"template":"","meta":[],"product_brand":[],"product_cat":[25],"product_tag":[54,1676,1184,1671],"class_list":{"0":"post-12249","1":"product","2":"type-product","3":"status-publish","4":"has-post-thumbnail","6":"product_cat-libros-digitales-ebooks","7":"product_tag-descargar-ebook","8":"product_tag-el-hijo-olvidado","9":"product_tag-mejor-novelas","10":"product_tag-mikel-santiago","12":"first","13":"instock","14":"shipping-taxable","15":"purchasable","16":"product-type-variable","17":"has-default-attributes"},"_links":{"self":[{"href":"https:\/\/www.taller-palabras.com\/WordPress_04\/wp-json\/wp\/v2\/product\/12249","targetHints":{"allow":["GET"]}}],"collection":[{"href":"https:\/\/www.taller-palabras.com\/WordPress_04\/wp-json\/wp\/v2\/product"}],"about":[{"href":"https:\/\/www.taller-palabras.com\/WordPress_04\/wp-json\/wp\/v2\/types\/product"}],"wp:featuredmedia":[{"embeddable":true,"href":"https:\/\/www.taller-palabras.com\/WordPress_04\/wp-json\/wp\/v2\/media\/12252"}],"wp:attachment":[{"href":"https:\/\/www.taller-palabras.com\/WordPress_04\/wp-json\/wp\/v2\/media?parent=12249"}],"wp:term":[{"taxonomy":"product_brand","embeddable":true,"href":"https:\/\/www.taller-palabras.com\/WordPress_04\/wp-json\/wp\/v2\/product_brand?post=12249"},{"taxonomy":"product_cat","embeddable":true,"href":"https:\/\/www.taller-palabras.com\/WordPress_04\/wp-json\/wp\/v2\/product_cat?post=12249"},{"taxonomy":"product_tag","embeddable":true,"href":"https:\/\/www.taller-palabras.com\/WordPress_04\/wp-json\/wp\/v2\/product_tag?post=12249"}],"curies":[{"name":"wp","href":"https:\/\/api.w.org\/{rel}","templated":true}]}}