{"id":12257,"date":"2024-02-05T15:59:21","date_gmt":"2024-02-05T18:59:21","guid":{"rendered":"https:\/\/www.taller-palabras.com\/WordPress_04\/?post_type=product&#038;p=12257"},"modified":"2026-02-07T12:03:09","modified_gmt":"2026-02-07T15:03:09","slug":"la-ultima-noche-en-tremore-beach-mikel-santiago-ebook","status":"publish","type":"product","link":"https:\/\/www.taller-palabras.com\/WordPress_04\/producto\/la-ultima-noche-en-tremore-beach-mikel-santiago-ebook","title":{"rendered":"La \u00faltima noche en Tremore Beach &#8211; Mikel Santiago \/ebook"},"content":{"rendered":"<p><img loading=\"lazy\" decoding=\"async\" class=\"wp-image-12224 size-full alignleft\" src=\"https:\/\/www.taller-palabras.com\/WordPress_04\/wp-content\/uploads\/2026\/02\/Mikel-Santiago.jpg\" alt=\"\" width=\"183\" height=\"183\" srcset=\"https:\/\/www.taller-palabras.com\/WordPress_04\/wp-content\/uploads\/2026\/02\/Mikel-Santiago.jpg 183w, https:\/\/www.taller-palabras.com\/WordPress_04\/wp-content\/uploads\/2026\/02\/Mikel-Santiago-150x150.jpg 150w, https:\/\/www.taller-palabras.com\/WordPress_04\/wp-content\/uploads\/2026\/02\/Mikel-Santiago-100x100.jpg 100w\" sizes=\"auto, (max-width: 183px) 100vw, 183px\" \/>Un compositor que ha perdido la inspiraci\u00f3n.<br \/>\nUna casa aislada en una playa irlandesa.<br \/>\nUna noche de tormenta que puede cambiarlo todo.<br \/>\nPeter Harper es un prestigioso compositor de bandas sonoras que, tras un traum\u00e1tico divorcio, se refugia en un rinc\u00f3n perdido de la costa de Irlanda para recuperar la inspiraci\u00f3n. La casa de Tremore Beach, aislada en una enorme y solitaria playa, parece el lugar indicado para lograrlo. Todo parece perfecto\u2026 hasta que llega la noche de la gran tormenta.<\/p>\n","protected":false},"excerpt":{"rendered":"<p>Un compositor que ha perdido la inspiraci\u00f3n. Una casa aislada en una playa irlandesa. Una noche de tormenta que puede cambiarlo todo. Peter Harper es un prestigioso compositor de bandas sonoras que, tras un traum\u00e1tico divorcio, se refugia en un rinc\u00f3n perdido de la costa de Irlanda para recuperar la inspiraci\u00f3n. La casa de Tremore [&hellip;]<\/p>\n","protected":false},"featured_media":12260,"template":"","meta":[],"product_brand":[],"product_cat":[25],"product_tag":[54,1677,1184,1671],"class_list":{"0":"post-12257","1":"product","2":"type-product","3":"status-publish","4":"has-post-thumbnail","6":"product_cat-libros-digitales-ebooks","7":"product_tag-descargar-ebook","8":"product_tag-la-ultima-noche-en-tremore-beach","9":"product_tag-mejor-novelas","10":"product_tag-mikel-santiago","12":"first","13":"instock","14":"shipping-taxable","15":"purchasable","16":"product-type-variable","17":"has-default-attributes"},"_links":{"self":[{"href":"https:\/\/www.taller-palabras.com\/WordPress_04\/wp-json\/wp\/v2\/product\/12257","targetHints":{"allow":["GET"]}}],"collection":[{"href":"https:\/\/www.taller-palabras.com\/WordPress_04\/wp-json\/wp\/v2\/product"}],"about":[{"href":"https:\/\/www.taller-palabras.com\/WordPress_04\/wp-json\/wp\/v2\/types\/product"}],"wp:featuredmedia":[{"embeddable":true,"href":"https:\/\/www.taller-palabras.com\/WordPress_04\/wp-json\/wp\/v2\/media\/12260"}],"wp:attachment":[{"href":"https:\/\/www.taller-palabras.com\/WordPress_04\/wp-json\/wp\/v2\/media?parent=12257"}],"wp:term":[{"taxonomy":"product_brand","embeddable":true,"href":"https:\/\/www.taller-palabras.com\/WordPress_04\/wp-json\/wp\/v2\/product_brand?post=12257"},{"taxonomy":"product_cat","embeddable":true,"href":"https:\/\/www.taller-palabras.com\/WordPress_04\/wp-json\/wp\/v2\/product_cat?post=12257"},{"taxonomy":"product_tag","embeddable":true,"href":"https:\/\/www.taller-palabras.com\/WordPress_04\/wp-json\/wp\/v2\/product_tag?post=12257"}],"curies":[{"name":"wp","href":"https:\/\/api.w.org\/{rel}","templated":true}]}}