{"id":12265,"date":"2026-02-15T10:26:26","date_gmt":"2026-02-15T13:26:26","guid":{"rendered":"https:\/\/www.taller-palabras.com\/WordPress_04\/?post_type=product&#038;p=12265"},"modified":"2026-02-15T10:36:56","modified_gmt":"2026-02-15T13:36:56","slug":"cartas-a-un-joven-poeta-rainer-maria-rilke-ebook","status":"publish","type":"product","link":"https:\/\/www.taller-palabras.com\/WordPress_04\/producto\/cartas-a-un-joven-poeta-rainer-maria-rilke-ebook","title":{"rendered":"Cartas a un joven poeta &#8211; Rainer Maria Rilke  \/ebook"},"content":{"rendered":"<figure id=\"attachment_12269\" aria-describedby=\"caption-attachment-12269\" style=\"width: 150px\" class=\"wp-caption alignleft\"><img loading=\"lazy\" decoding=\"async\" class=\"wp-image-12269 size-thumbnail\" src=\"https:\/\/www.taller-palabras.com\/WordPress_04\/wp-content\/uploads\/2026\/02\/Rainer-Maria-Rilke-150x150.jpg\" alt=\"\" width=\"150\" height=\"150\" srcset=\"https:\/\/www.taller-palabras.com\/WordPress_04\/wp-content\/uploads\/2026\/02\/Rainer-Maria-Rilke-150x150.jpg 150w, https:\/\/www.taller-palabras.com\/WordPress_04\/wp-content\/uploads\/2026\/02\/Rainer-Maria-Rilke-100x100.jpg 100w, https:\/\/www.taller-palabras.com\/WordPress_04\/wp-content\/uploads\/2026\/02\/Rainer-Maria-Rilke.jpg 262w\" sizes=\"auto, (max-width: 150px) 100vw, 150px\" \/><figcaption id=\"caption-attachment-12269\" class=\"wp-caption-text\">Autor Rainer Maria Rilke<\/figcaption><\/figure>\n<p>En la primera obra que presentamos en esta edici\u00f3n, Cartas a un joven poeta, Franz Xaver Kappus, un joven con voluntad de escritor, env\u00eda sus mejores versos a un artista consagrado, Rainer Maria Rilke, solicitando su opini\u00f3n. En sus cartas de respuesta, Rilke no realiza una cr\u00edtica literaria sino que se adentra en la esencia misma de la poes\u00eda y del arte: por qu\u00e9 escribir, por qu\u00e9 crear, qu\u00e9 y c\u00f3mo buscar. La soledad y el sufrimiento como sustrato para el desarrollo del individuo. Un di\u00e1logo \u00edntimo que cobra nueva vida en las Eleg\u00edas de Duino que completan este volumen, diez poemas cuya tem\u00e1tica oscila permanentemente entre la vida y la muerte y la relaci\u00f3n del hombre con el mundo, y cuyo estilo l\u00edrico, sus simb\u00f3licas im\u00e1genes y reflexiones espirituales sit\u00faan a esta obra en la cumbre de la poes\u00eda universal.<\/p>\n","protected":false},"excerpt":{"rendered":"<p>En la primera obra que presentamos en esta edici\u00f3n, Cartas a un joven poeta, Franz Xaver Kappus, un joven con voluntad de escritor, env\u00eda sus mejores versos a un artista consagrado, Rainer Maria Rilke, solicitando su opini\u00f3n. En sus cartas de respuesta, Rilke no realiza una cr\u00edtica literaria sino que se adentra en la esencia [&hellip;]<\/p>\n","protected":false},"featured_media":12273,"template":"","meta":[],"product_brand":[],"product_cat":[25],"product_tag":[1679,54,1184,1678],"class_list":{"0":"post-12265","1":"product","2":"type-product","3":"status-publish","4":"has-post-thumbnail","6":"product_cat-libros-digitales-ebooks","7":"product_tag-cartas-a-un-joven-poeta","8":"product_tag-descargar-ebook","9":"product_tag-mejor-novelas","10":"product_tag-rainer-maria-rilke","12":"first","13":"instock","14":"shipping-taxable","15":"purchasable","16":"product-type-variable","17":"has-default-attributes"},"_links":{"self":[{"href":"https:\/\/www.taller-palabras.com\/WordPress_04\/wp-json\/wp\/v2\/product\/12265","targetHints":{"allow":["GET"]}}],"collection":[{"href":"https:\/\/www.taller-palabras.com\/WordPress_04\/wp-json\/wp\/v2\/product"}],"about":[{"href":"https:\/\/www.taller-palabras.com\/WordPress_04\/wp-json\/wp\/v2\/types\/product"}],"wp:featuredmedia":[{"embeddable":true,"href":"https:\/\/www.taller-palabras.com\/WordPress_04\/wp-json\/wp\/v2\/media\/12273"}],"wp:attachment":[{"href":"https:\/\/www.taller-palabras.com\/WordPress_04\/wp-json\/wp\/v2\/media?parent=12265"}],"wp:term":[{"taxonomy":"product_brand","embeddable":true,"href":"https:\/\/www.taller-palabras.com\/WordPress_04\/wp-json\/wp\/v2\/product_brand?post=12265"},{"taxonomy":"product_cat","embeddable":true,"href":"https:\/\/www.taller-palabras.com\/WordPress_04\/wp-json\/wp\/v2\/product_cat?post=12265"},{"taxonomy":"product_tag","embeddable":true,"href":"https:\/\/www.taller-palabras.com\/WordPress_04\/wp-json\/wp\/v2\/product_tag?post=12265"}],"curies":[{"name":"wp","href":"https:\/\/api.w.org\/{rel}","templated":true}]}}