{"id":12281,"date":"2026-02-15T10:47:57","date_gmt":"2026-02-15T13:47:57","guid":{"rendered":"https:\/\/www.taller-palabras.com\/WordPress_04\/?post_type=product&#038;p=12281"},"modified":"2026-02-15T10:51:44","modified_gmt":"2026-02-15T13:51:44","slug":"hablar-solos-andres-neuman-ebook","status":"publish","type":"product","link":"https:\/\/www.taller-palabras.com\/WordPress_04\/producto\/hablar-solos-andres-neuman-ebook","title":{"rendered":"Hablar solos &#8211; Andr\u00e9s Neuman  \/ebook"},"content":{"rendered":"<figure id=\"attachment_12285\" aria-describedby=\"caption-attachment-12285\" style=\"width: 150px\" class=\"wp-caption alignleft\"><img loading=\"lazy\" decoding=\"async\" class=\"wp-image-12285 size-thumbnail\" src=\"https:\/\/www.taller-palabras.com\/WordPress_04\/wp-content\/uploads\/2026\/02\/Andres-Neuman-150x150.jpg\" alt=\"\" width=\"150\" height=\"150\" srcset=\"https:\/\/www.taller-palabras.com\/WordPress_04\/wp-content\/uploads\/2026\/02\/Andres-Neuman-150x150.jpg 150w, https:\/\/www.taller-palabras.com\/WordPress_04\/wp-content\/uploads\/2026\/02\/Andres-Neuman-100x100.jpg 100w, https:\/\/www.taller-palabras.com\/WordPress_04\/wp-content\/uploads\/2026\/02\/Andres-Neuman.jpg 283w\" sizes=\"auto, (max-width: 150px) 100vw, 150px\" \/><figcaption id=\"caption-attachment-12285\" class=\"wp-caption-text\">Autor Andr\u00e9s Neuman<\/figcaption><\/figure>\n<p>Un viaje. Dos tri\u00e1ngulos. Tres voces. Una vuelta de tuerca matriarcal a la road movie: padre e hijo salen a la carretera juntos, por primera y quiz\u00e1s \u00faltima vez; mientras la madre toma la palabra y emprende por s\u00ed misma una segunda exploraci\u00f3n, incluso m\u00e1s arriesgada. Lito acaba de cumplir diez a\u00f1os y sue\u00f1a con camiones. Mario est\u00e1 enfermo y tiene deudas con su memoria. Antes de que sea tarde, ambos inician un decisivo viaje en el que compartir\u00e1n mucho m\u00e1s que tiempo y espacio. Acosada por la idea de la p\u00e9rdida, Elena se sumerge en una cat\u00e1rtica aventura capaz de desafiar sus l\u00edmites morales. Adicta a la lectura, no dejar\u00e1 de toparse con su propia vida en los libros, o viceversa. Alternando ternura y crudeza, Hablar solos se desplaza de la infancia a la perversi\u00f3n, de la familia al duelo. Una novela perturbadora que indaga en las relaciones entre T\u00e1natos y Eros, planteando una pregunta de profundas consecuencias: \u00bfc\u00f3mo afecta la enfermedad a nuestra forma de leer y de vivir el sexo?<\/p>\n","protected":false},"excerpt":{"rendered":"<p>Un viaje. Dos tri\u00e1ngulos. Tres voces. Una vuelta de tuerca matriarcal a la road movie: padre e hijo salen a la carretera juntos, por primera y quiz\u00e1s \u00faltima vez; mientras la madre toma la palabra y emprende por s\u00ed misma una segunda exploraci\u00f3n, incluso m\u00e1s arriesgada. Lito acaba de cumplir diez a\u00f1os y sue\u00f1a con [&hellip;]<\/p>\n","protected":false},"featured_media":12284,"template":"","meta":[],"product_brand":[],"product_cat":[25],"product_tag":[1681,54,1682,1184],"class_list":{"0":"post-12281","1":"product","2":"type-product","3":"status-publish","4":"has-post-thumbnail","6":"product_cat-libros-digitales-ebooks","7":"product_tag-andres-neuman","8":"product_tag-descargar-ebook","9":"product_tag-hablar-solos","10":"product_tag-mejor-novelas","12":"first","13":"instock","14":"shipping-taxable","15":"purchasable","16":"product-type-variable","17":"has-default-attributes"},"_links":{"self":[{"href":"https:\/\/www.taller-palabras.com\/WordPress_04\/wp-json\/wp\/v2\/product\/12281","targetHints":{"allow":["GET"]}}],"collection":[{"href":"https:\/\/www.taller-palabras.com\/WordPress_04\/wp-json\/wp\/v2\/product"}],"about":[{"href":"https:\/\/www.taller-palabras.com\/WordPress_04\/wp-json\/wp\/v2\/types\/product"}],"wp:featuredmedia":[{"embeddable":true,"href":"https:\/\/www.taller-palabras.com\/WordPress_04\/wp-json\/wp\/v2\/media\/12284"}],"wp:attachment":[{"href":"https:\/\/www.taller-palabras.com\/WordPress_04\/wp-json\/wp\/v2\/media?parent=12281"}],"wp:term":[{"taxonomy":"product_brand","embeddable":true,"href":"https:\/\/www.taller-palabras.com\/WordPress_04\/wp-json\/wp\/v2\/product_brand?post=12281"},{"taxonomy":"product_cat","embeddable":true,"href":"https:\/\/www.taller-palabras.com\/WordPress_04\/wp-json\/wp\/v2\/product_cat?post=12281"},{"taxonomy":"product_tag","embeddable":true,"href":"https:\/\/www.taller-palabras.com\/WordPress_04\/wp-json\/wp\/v2\/product_tag?post=12281"}],"curies":[{"name":"wp","href":"https:\/\/api.w.org\/{rel}","templated":true}]}}