{"id":12297,"date":"2022-06-19T17:23:55","date_gmt":"2022-06-19T20:23:55","guid":{"rendered":"https:\/\/www.taller-palabras.com\/WordPress_04\/?post_type=product&#038;p=12297"},"modified":"2026-02-22T11:32:48","modified_gmt":"2026-02-22T14:32:48","slug":"este-dolor-no-es-mio-mark-wolynn-ebook","status":"publish","type":"product","link":"https:\/\/www.taller-palabras.com\/WordPress_04\/producto\/este-dolor-no-es-mio-mark-wolynn-ebook","title":{"rendered":"Este dolor no es m\u00edo &#8211; Mark Wolynn \/ebook"},"content":{"rendered":"<figure id=\"attachment_12303\" aria-describedby=\"caption-attachment-12303\" style=\"width: 150px\" class=\"wp-caption alignleft\"><img loading=\"lazy\" decoding=\"async\" class=\"wp-image-12303 size-thumbnail\" src=\"https:\/\/www.taller-palabras.com\/WordPress_04\/wp-content\/uploads\/2026\/02\/Mark-Wolynn-150x150.jpg\" alt=\"\" width=\"150\" height=\"150\" srcset=\"https:\/\/www.taller-palabras.com\/WordPress_04\/wp-content\/uploads\/2026\/02\/Mark-Wolynn-150x150.jpg 150w, https:\/\/www.taller-palabras.com\/WordPress_04\/wp-content\/uploads\/2026\/02\/Mark-Wolynn-100x100.jpg 100w, https:\/\/www.taller-palabras.com\/WordPress_04\/wp-content\/uploads\/2026\/02\/Mark-Wolynn.jpg 283w\" sizes=\"auto, (max-width: 150px) 100vw, 150px\" \/><figcaption id=\"caption-attachment-12303\" class=\"wp-caption-text\">Autor Mark Wolynn<\/figcaption><\/figure>\n<p>Este libro muestra c\u00f3mo los traumas de nuestros padres, abuelos e incluso bisabuelos pueden vivir en nuestra depresi\u00f3n, ansiedad, miedos, fobias, pensamientos obsesivos y s\u00edntomas f\u00edsicos inexplicables, lo que los cient\u00edficos ahora llaman \u201cTEPT secundario\u201d. Documentando las \u00faltimas investigaciones epigen\u00e9ticas (c\u00f3mo se transmiten los recuerdos traum\u00e1ticos a trav\u00e9s de cambios qu\u00edmicos en el ADN) y los \u00faltimos avances en neurociencia y la ciencia del lenguaje. Depresi\u00f3n. Ansiedad. Dolor cr\u00f3nico. Pensamientos obsesivos. Las ra\u00edces de estas dificultades pueden no haberse originado con nosotros, sino con nuestros padres, abuelos o incluso bisabuelos. Como pionero en el campo del trauma familiar heredado, Mark Wolynn ha ayudado a las personas durante m\u00e1s de treinta a\u00f1os a romper patrones de sufrimiento de larga data. Ahora usted tambi\u00e9n puede romper esos patrones: \u00abEste dolor no es m\u00edo\u00bb, un libro con ejercicios, ofrece una gu\u00eda pragm\u00e1tica y f\u00e1cil de seguir para su m\u00e9todo: el Enfoque del Lenguaje Central. A trav\u00e9s de una serie de ejercicios experienciales, indicaciones que invitan a la reflexi\u00f3n y pr\u00e1cticas basadas en la neurociencia, puede descubrir que los s\u00edntomas que ha sufrido con toda su vida son realmente solo fragmentos de trauma no resuelto en su historia familiar. Este libro de ejercicios es una experiencia transformadora que le ense\u00f1ar\u00e1 c\u00f3mo sanar el pasado, reconectarse con usted mismo y reclamar su vida, salud y vitalidad.<\/p>\n","protected":false},"excerpt":{"rendered":"<p>Este libro muestra c\u00f3mo los traumas de nuestros padres, abuelos e incluso bisabuelos pueden vivir en nuestra depresi\u00f3n, ansiedad, miedos, fobias, pensamientos obsesivos y s\u00edntomas f\u00edsicos inexplicables, lo que los cient\u00edficos ahora llaman \u201cTEPT secundario\u201d. Documentando las \u00faltimas investigaciones epigen\u00e9ticas (c\u00f3mo se transmiten los recuerdos traum\u00e1ticos a trav\u00e9s de cambios qu\u00edmicos en el ADN) y [&hellip;]<\/p>\n","protected":false},"featured_media":12302,"template":"","meta":[],"product_brand":[],"product_cat":[25],"product_tag":[54,1686,1685,45],"class_list":{"0":"post-12297","1":"product","2":"type-product","3":"status-publish","4":"has-post-thumbnail","6":"product_cat-libros-digitales-ebooks","7":"product_tag-descargar-ebook","8":"product_tag-este-dolor-no-es-mio","9":"product_tag-mark-wolynn","10":"product_tag-mejor-novela","12":"first","13":"instock","14":"shipping-taxable","15":"purchasable","16":"product-type-variable","17":"has-default-attributes"},"_links":{"self":[{"href":"https:\/\/www.taller-palabras.com\/WordPress_04\/wp-json\/wp\/v2\/product\/12297","targetHints":{"allow":["GET"]}}],"collection":[{"href":"https:\/\/www.taller-palabras.com\/WordPress_04\/wp-json\/wp\/v2\/product"}],"about":[{"href":"https:\/\/www.taller-palabras.com\/WordPress_04\/wp-json\/wp\/v2\/types\/product"}],"wp:featuredmedia":[{"embeddable":true,"href":"https:\/\/www.taller-palabras.com\/WordPress_04\/wp-json\/wp\/v2\/media\/12302"}],"wp:attachment":[{"href":"https:\/\/www.taller-palabras.com\/WordPress_04\/wp-json\/wp\/v2\/media?parent=12297"}],"wp:term":[{"taxonomy":"product_brand","embeddable":true,"href":"https:\/\/www.taller-palabras.com\/WordPress_04\/wp-json\/wp\/v2\/product_brand?post=12297"},{"taxonomy":"product_cat","embeddable":true,"href":"https:\/\/www.taller-palabras.com\/WordPress_04\/wp-json\/wp\/v2\/product_cat?post=12297"},{"taxonomy":"product_tag","embeddable":true,"href":"https:\/\/www.taller-palabras.com\/WordPress_04\/wp-json\/wp\/v2\/product_tag?post=12297"}],"curies":[{"name":"wp","href":"https:\/\/api.w.org\/{rel}","templated":true}]}}