{"id":12307,"date":"2025-12-13T10:51:05","date_gmt":"2025-12-13T13:51:05","guid":{"rendered":"https:\/\/www.taller-palabras.com\/WordPress_04\/?post_type=product&#038;p=12307"},"modified":"2026-03-04T11:02:31","modified_gmt":"2026-03-04T14:02:31","slug":"viajo-sola-samuel-bjork-ebook","status":"publish","type":"product","link":"https:\/\/www.taller-palabras.com\/WordPress_04\/producto\/viajo-sola-samuel-bjork-ebook","title":{"rendered":"Viajo Sola &#8211; Samuel Bj\u00f8rk \/ebook"},"content":{"rendered":"<figure id=\"attachment_12310\" aria-describedby=\"caption-attachment-12310\" style=\"width: 150px\" class=\"wp-caption alignleft\"><img loading=\"lazy\" decoding=\"async\" class=\"wp-image-12310 size-thumbnail\" src=\"https:\/\/www.taller-palabras.com\/WordPress_04\/wp-content\/uploads\/2026\/03\/Samuel-Bjork-150x150.jpg\" alt=\"\" width=\"150\" height=\"150\" srcset=\"https:\/\/www.taller-palabras.com\/WordPress_04\/wp-content\/uploads\/2026\/03\/Samuel-Bjork-150x150.jpg 150w, https:\/\/www.taller-palabras.com\/WordPress_04\/wp-content\/uploads\/2026\/03\/Samuel-Bjork-100x100.jpg 100w, https:\/\/www.taller-palabras.com\/WordPress_04\/wp-content\/uploads\/2026\/03\/Samuel-Bjork.jpg 183w\" sizes=\"auto, (max-width: 150px) 100vw, 150px\" \/><figcaption id=\"caption-attachment-12310\" class=\"wp-caption-text\">Autor Samuel Bj\u00f8rk<\/figcaption><\/figure>\n<p>Un hombre sale a pasear con su perro para recuperarse de la resaca y de su cargo de conciencia. De repente el perro sale corriendo entre los \u00e1rboles. All\u00ed el hombre descubre a una ni\u00f1a que cuelga de un \u00e1rbol, balance\u00e1ndose sobre el suelo. Con una mochila escolar en la espalda y un cartel alrededor del cuello que dice \u00abViajo sola\u00bb. El inspector de polic\u00eda Holger Munch se encarga del caso y no tarda en darse cuenta de que va a necesitar la ayuda de su ex-colega Mia Kr\u00fcger. Sin embargo, Mia, que siempre hab\u00eda sido una chica sana, ahora parece estar enferma. Realmente enferma. Holger Munch acude a su casa para pedirle que vuelva al servicio activo. No tiene ni la m\u00e1s remota idea de lo que les espera. Suspense en la mejor tradici\u00f3n del g\u00e9nero polic\u00edaco escandinavo. Nominado al Premio de los Libreros Noruegos. Entre los m\u00e1s vendidos de Noruega en 2014.<\/p>\n","protected":false},"excerpt":{"rendered":"<p>Un hombre sale a pasear con su perro para recuperarse de la resaca y de su cargo de conciencia. De repente el perro sale corriendo entre los \u00e1rboles. All\u00ed el hombre descubre a una ni\u00f1a que cuelga de un \u00e1rbol, balance\u00e1ndose sobre el suelo. Con una mochila escolar en la espalda y un cartel alrededor [&hellip;]<\/p>\n","protected":false},"featured_media":12311,"template":"","meta":[],"product_brand":[],"product_cat":[25],"product_tag":[54,1184,1687,1688],"class_list":{"0":"post-12307","1":"product","2":"type-product","3":"status-publish","4":"has-post-thumbnail","6":"product_cat-libros-digitales-ebooks","7":"product_tag-descargar-ebook","8":"product_tag-mejor-novelas","9":"product_tag-samuel-bjork","10":"product_tag-viajo-sola","12":"first","13":"instock","14":"shipping-taxable","15":"purchasable","16":"product-type-variable","17":"has-default-attributes"},"_links":{"self":[{"href":"https:\/\/www.taller-palabras.com\/WordPress_04\/wp-json\/wp\/v2\/product\/12307","targetHints":{"allow":["GET"]}}],"collection":[{"href":"https:\/\/www.taller-palabras.com\/WordPress_04\/wp-json\/wp\/v2\/product"}],"about":[{"href":"https:\/\/www.taller-palabras.com\/WordPress_04\/wp-json\/wp\/v2\/types\/product"}],"wp:featuredmedia":[{"embeddable":true,"href":"https:\/\/www.taller-palabras.com\/WordPress_04\/wp-json\/wp\/v2\/media\/12311"}],"wp:attachment":[{"href":"https:\/\/www.taller-palabras.com\/WordPress_04\/wp-json\/wp\/v2\/media?parent=12307"}],"wp:term":[{"taxonomy":"product_brand","embeddable":true,"href":"https:\/\/www.taller-palabras.com\/WordPress_04\/wp-json\/wp\/v2\/product_brand?post=12307"},{"taxonomy":"product_cat","embeddable":true,"href":"https:\/\/www.taller-palabras.com\/WordPress_04\/wp-json\/wp\/v2\/product_cat?post=12307"},{"taxonomy":"product_tag","embeddable":true,"href":"https:\/\/www.taller-palabras.com\/WordPress_04\/wp-json\/wp\/v2\/product_tag?post=12307"}],"curies":[{"name":"wp","href":"https:\/\/api.w.org\/{rel}","templated":true}]}}