{"id":12315,"date":"2024-03-04T13:34:54","date_gmt":"2024-03-04T16:34:54","guid":{"rendered":"https:\/\/www.taller-palabras.com\/WordPress_04\/?post_type=product&#038;p=12315"},"modified":"2026-03-04T13:41:49","modified_gmt":"2026-03-04T16:41:49","slug":"el-susurro-del-fuego-javier-castillo-ebook","status":"publish","type":"product","link":"https:\/\/www.taller-palabras.com\/WordPress_04\/producto\/el-susurro-del-fuego-javier-castillo-ebook","title":{"rendered":"El susurro del fuego &#8211; Javier Castillo  \/ebook"},"content":{"rendered":"<figure id=\"attachment_12319\" aria-describedby=\"caption-attachment-12319\" style=\"width: 150px\" class=\"wp-caption alignleft\"><img loading=\"lazy\" decoding=\"async\" class=\"wp-image-12319 size-thumbnail\" src=\"https:\/\/www.taller-palabras.com\/WordPress_04\/wp-content\/uploads\/2026\/03\/javier-castillo-150x150.jpg\" alt=\"\" width=\"150\" height=\"150\" srcset=\"https:\/\/www.taller-palabras.com\/WordPress_04\/wp-content\/uploads\/2026\/03\/javier-castillo-150x150.jpg 150w, https:\/\/www.taller-palabras.com\/WordPress_04\/wp-content\/uploads\/2026\/03\/javier-castillo-100x100.jpg 100w, https:\/\/www.taller-palabras.com\/WordPress_04\/wp-content\/uploads\/2026\/03\/javier-castillo.jpg 283w\" sizes=\"auto, (max-width: 150px) 100vw, 150px\" \/><figcaption id=\"caption-attachment-12319\" class=\"wp-caption-text\">Autor Javier Castillo<\/figcaption><\/figure>\n<p>Un crimen sin respuesta.<br \/>\nDos hermanos que ans\u00edan celebrar la vida.<br \/>\n\u00bfQu\u00e9 le sucedi\u00f3 a Laura Ardoz? Tenerife, 2019. Mario y Laura Ardoz, hermanos mellizos, visitan las islas Canarias: \u00e9l acaba de recibir su \u00faltima sesi\u00f3n de quimioterapia; ella cree que ese viaje es la mejor manera de volver a empezar tras el c\u00e1ncer. Pero Mario sufre una reca\u00edda que lo mantiene ingresado en el hospital un par de d\u00edas. A su salida descubre que su hermana ha desaparecido y su m\u00f3vil la ubica en un paraje desolado por la lava. Se inicia as\u00ed una b\u00fasqueda contrarreloj y una lucha con el fuego que parece abrirse bajo sus pies. El escritor Javier Castillo, fen\u00f3meno de \u00e9xito mundial con m\u00e1s de 2.500.000 ejemplares vendidos, vuelve a agitar los cimientos del thriller con una novela inspiradora y trascendental, una historia llena de misterio, amor y dolor que nos sacude, nos despierta y nos sumerge sin respiro en un viaje profundo que nos hace reflexionar sobre las huellas que dejamos en los dem\u00e1s. \u00bfPuede la muerte avivar la llama de nuestra vida?<\/p>\n","protected":false},"excerpt":{"rendered":"<p>Un crimen sin respuesta. Dos hermanos que ans\u00edan celebrar la vida. \u00bfQu\u00e9 le sucedi\u00f3 a Laura Ardoz? Tenerife, 2019. Mario y Laura Ardoz, hermanos mellizos, visitan las islas Canarias: \u00e9l acaba de recibir su \u00faltima sesi\u00f3n de quimioterapia; ella cree que ese viaje es la mejor manera de volver a empezar tras el c\u00e1ncer. Pero [&hellip;]<\/p>\n","protected":false},"featured_media":12318,"template":"","meta":[],"product_brand":[],"product_cat":[25],"product_tag":[54,1690,1689,1184],"class_list":{"0":"post-12315","1":"product","2":"type-product","3":"status-publish","4":"has-post-thumbnail","6":"product_cat-libros-digitales-ebooks","7":"product_tag-descargar-ebook","8":"product_tag-el-susurro-del-fuego","9":"product_tag-javier-castillo","10":"product_tag-mejor-novelas","12":"first","13":"instock","14":"shipping-taxable","15":"purchasable","16":"product-type-variable","17":"has-default-attributes"},"_links":{"self":[{"href":"https:\/\/www.taller-palabras.com\/WordPress_04\/wp-json\/wp\/v2\/product\/12315","targetHints":{"allow":["GET"]}}],"collection":[{"href":"https:\/\/www.taller-palabras.com\/WordPress_04\/wp-json\/wp\/v2\/product"}],"about":[{"href":"https:\/\/www.taller-palabras.com\/WordPress_04\/wp-json\/wp\/v2\/types\/product"}],"wp:featuredmedia":[{"embeddable":true,"href":"https:\/\/www.taller-palabras.com\/WordPress_04\/wp-json\/wp\/v2\/media\/12318"}],"wp:attachment":[{"href":"https:\/\/www.taller-palabras.com\/WordPress_04\/wp-json\/wp\/v2\/media?parent=12315"}],"wp:term":[{"taxonomy":"product_brand","embeddable":true,"href":"https:\/\/www.taller-palabras.com\/WordPress_04\/wp-json\/wp\/v2\/product_brand?post=12315"},{"taxonomy":"product_cat","embeddable":true,"href":"https:\/\/www.taller-palabras.com\/WordPress_04\/wp-json\/wp\/v2\/product_cat?post=12315"},{"taxonomy":"product_tag","embeddable":true,"href":"https:\/\/www.taller-palabras.com\/WordPress_04\/wp-json\/wp\/v2\/product_tag?post=12315"}],"curies":[{"name":"wp","href":"https:\/\/api.w.org\/{rel}","templated":true}]}}