{"id":12341,"date":"2026-03-13T10:26:07","date_gmt":"2026-03-13T13:26:07","guid":{"rendered":"https:\/\/www.taller-palabras.com\/WordPress_04\/?post_type=product&#038;p=12341"},"modified":"2026-03-13T10:49:44","modified_gmt":"2026-03-13T13:49:44","slug":"saga-los-diarios-de-emilio-renzi-3-ricardo-piglia-ebook","status":"publish","type":"product","link":"https:\/\/www.taller-palabras.com\/WordPress_04\/producto\/saga-los-diarios-de-emilio-renzi-3-ricardo-piglia-ebook","title":{"rendered":"Saga: Los diarios de Emilio Renzi 3 &#8211; Ricardo Piglia  \/ebook"},"content":{"rendered":"<figure id=\"attachment_12344\" aria-describedby=\"caption-attachment-12344\" style=\"width: 150px\" class=\"wp-caption alignleft\"><img loading=\"lazy\" decoding=\"async\" class=\"wp-image-12344 size-thumbnail\" src=\"https:\/\/www.taller-palabras.com\/WordPress_04\/wp-content\/uploads\/2026\/03\/Ricardo-Piglia-150x150.jpg\" alt=\"\" width=\"150\" height=\"150\" srcset=\"https:\/\/www.taller-palabras.com\/WordPress_04\/wp-content\/uploads\/2026\/03\/Ricardo-Piglia-150x150.jpg 150w, https:\/\/www.taller-palabras.com\/WordPress_04\/wp-content\/uploads\/2026\/03\/Ricardo-Piglia-100x100.jpg 100w, https:\/\/www.taller-palabras.com\/WordPress_04\/wp-content\/uploads\/2026\/03\/Ricardo-Piglia.jpg 300w\" sizes=\"auto, (max-width: 150px) 100vw, 150px\" \/><figcaption id=\"caption-attachment-12344\" class=\"wp-caption-text\">Autor Ricardo Piglia<\/figcaption><\/figure>\n<p>\u00abUn d\u00eda en la vida\u00bb culmina la publicaci\u00f3n de Los diarios de Emilio Renzi, que ponen un broche de oro a la producci\u00f3n literaria de uno de los escritores fundamentales de las letras latinoamericanas. Esta \u00faltima entrega completa el autorretrato de Piglia a trav\u00e9s del personaje interpuesto de su \u00e1lter ego. Sigue aqu\u00ed la exploraci\u00f3n de un periplo vital y creativo, la indagaci\u00f3n en la escritura y sus mecanismos, la reflexi\u00f3n sobre la literatura a trav\u00e9s de lecturas muy diversas. Y asoman encuentros, pel\u00edculas, la convulsa situaci\u00f3n pol\u00edtica argentina, la tarea profesoral en Estados Unidos\u2026 Este volumen se divide en tres bloques: el primero, \u00abLos a\u00f1os de la peste\u00bb, es la \u00faltima parte de los diarios de Renzi, fechada entre 1976 y 1982; el segundo, \u00abUn d\u00eda en la vida\u00bb, es una narraci\u00f3n en la que Renzi cede la palabra y se convierte en personaje contado en tercera persona, y el tercero, \u00abD\u00edas sin fecha\u00bb, re\u00fane anotaciones de los \u00faltimos a\u00f1os, en las que se evocan instantes de felicidad, la \u00faltima clase en Princeton y la aparici\u00f3n de la enfermedad que de modo lento pero implacable impone su ley. Se cierra, pues, de forma ya p\u00f3stuma la aventura literaria de Emilio Renzi. Con ella Ricardo Piglia deja escrita una obra diar\u00edstica destinada a convertirse en un cl\u00e1sico imprescindible del g\u00e9nero en lengua castellana, que desde la publicaci\u00f3n del primer volumen ha generado la reacci\u00f3n entusiasta de lectores y cr\u00edticos.<\/p>\n","protected":false},"excerpt":{"rendered":"<p>\u00abUn d\u00eda en la vida\u00bb culmina la publicaci\u00f3n de Los diarios de Emilio Renzi, que ponen un broche de oro a la producci\u00f3n literaria de uno de los escritores fundamentales de las letras latinoamericanas. Esta \u00faltima entrega completa el autorretrato de Piglia a trav\u00e9s del personaje interpuesto de su \u00e1lter ego. Sigue aqu\u00ed la exploraci\u00f3n [&hellip;]<\/p>\n","protected":false},"featured_media":12346,"template":"","meta":[],"product_brand":[],"product_cat":[25,47],"product_tag":[54,1696,1184,1695,1697],"class_list":{"0":"post-12341","1":"product","2":"type-product","3":"status-publish","4":"has-post-thumbnail","6":"product_cat-libros-digitales-ebooks","7":"product_cat-libros-digitales-sagas","8":"product_tag-descargar-ebook","9":"product_tag-los-diarios-de-emilio-renzi","10":"product_tag-mejor-novelas","11":"product_tag-ricardo-piglia","12":"product_tag-un-dia-en-la-vida","14":"first","15":"instock","16":"shipping-taxable","17":"purchasable","18":"product-type-variable","19":"has-default-attributes"},"_links":{"self":[{"href":"https:\/\/www.taller-palabras.com\/WordPress_04\/wp-json\/wp\/v2\/product\/12341","targetHints":{"allow":["GET"]}}],"collection":[{"href":"https:\/\/www.taller-palabras.com\/WordPress_04\/wp-json\/wp\/v2\/product"}],"about":[{"href":"https:\/\/www.taller-palabras.com\/WordPress_04\/wp-json\/wp\/v2\/types\/product"}],"wp:featuredmedia":[{"embeddable":true,"href":"https:\/\/www.taller-palabras.com\/WordPress_04\/wp-json\/wp\/v2\/media\/12346"}],"wp:attachment":[{"href":"https:\/\/www.taller-palabras.com\/WordPress_04\/wp-json\/wp\/v2\/media?parent=12341"}],"wp:term":[{"taxonomy":"product_brand","embeddable":true,"href":"https:\/\/www.taller-palabras.com\/WordPress_04\/wp-json\/wp\/v2\/product_brand?post=12341"},{"taxonomy":"product_cat","embeddable":true,"href":"https:\/\/www.taller-palabras.com\/WordPress_04\/wp-json\/wp\/v2\/product_cat?post=12341"},{"taxonomy":"product_tag","embeddable":true,"href":"https:\/\/www.taller-palabras.com\/WordPress_04\/wp-json\/wp\/v2\/product_tag?post=12341"}],"curies":[{"name":"wp","href":"https:\/\/api.w.org\/{rel}","templated":true}]}}