{"id":12349,"date":"2026-03-13T10:27:11","date_gmt":"2026-03-13T13:27:11","guid":{"rendered":"https:\/\/www.taller-palabras.com\/WordPress_04\/?post_type=product&#038;p=12349"},"modified":"2026-03-13T11:04:46","modified_gmt":"2026-03-13T14:04:46","slug":"saga-los-diarios-de-emilio-renzi-2-ricardo-piglia-ebook","status":"publish","type":"product","link":"https:\/\/www.taller-palabras.com\/WordPress_04\/producto\/saga-los-diarios-de-emilio-renzi-2-ricardo-piglia-ebook","title":{"rendered":"Saga: Los diarios de Emilio Renzi 2 &#8211; Ricardo Piglia  \/ebook"},"content":{"rendered":"<figure id=\"attachment_12344\" aria-describedby=\"caption-attachment-12344\" style=\"width: 150px\" class=\"wp-caption alignleft\"><img loading=\"lazy\" decoding=\"async\" class=\"wp-image-12344 size-thumbnail\" src=\"https:\/\/www.taller-palabras.com\/WordPress_04\/wp-content\/uploads\/2026\/03\/Ricardo-Piglia-150x150.jpg\" alt=\"\" width=\"150\" height=\"150\" srcset=\"https:\/\/www.taller-palabras.com\/WordPress_04\/wp-content\/uploads\/2026\/03\/Ricardo-Piglia-150x150.jpg 150w, https:\/\/www.taller-palabras.com\/WordPress_04\/wp-content\/uploads\/2026\/03\/Ricardo-Piglia-100x100.jpg 100w, https:\/\/www.taller-palabras.com\/WordPress_04\/wp-content\/uploads\/2026\/03\/Ricardo-Piglia.jpg 300w\" sizes=\"auto, (max-width: 150px) 100vw, 150px\" \/><figcaption id=\"caption-attachment-12344\" class=\"wp-caption-text\">Autor Ricardo Piglia<\/figcaption><\/figure>\n<p>Este segundo volumen, \u00abLos a\u00f1os felices\u00bb, de Los diarios de Emilio Renzi, recorre el periodo que va de 1968 a 1975. Si en el anterior asist\u00edamos a la forja del escritor en ciernes, aqu\u00ed se desarrolla su carrera en el mundo de las letras argentinas con la direcci\u00f3n de una revista, los trabajos editoriales, los art\u00edculos, los cursos y conferencias. La pasi\u00f3n, la obsesi\u00f3n por la literatura se materializa en ideas y esbozos para cuentos y novelas, lecturas, encuentros con escritores consagrados \u2014Borges, Puig, Roa Bastos, Pi\u00f1era\u2026\u2014 y compa\u00f1eros de generaci\u00f3n, reflexiones sobre la escritura y sobre la obra de autores cl\u00e1sicos y novelistas policiacos, descubrimientos, b\u00fasquedas y deslumbramientos.<br \/>\nY as\u00ed, este nuevo volumen de los diarios de Emilio Renzi sigue explorando las vivencias, las incertidumbres y las reflexiones literarias de un escritor y da forma, en palabras del autor, a \u00abla novela de una vida\u00bb.<\/p>\n","protected":false},"excerpt":{"rendered":"<p>Este segundo volumen, \u00abLos a\u00f1os felices\u00bb, de Los diarios de Emilio Renzi, recorre el periodo que va de 1968 a 1975. Si en el anterior asist\u00edamos a la forja del escritor en ciernes, aqu\u00ed se desarrolla su carrera en el mundo de las letras argentinas con la direcci\u00f3n de una revista, los trabajos editoriales, los [&hellip;]<\/p>\n","protected":false},"featured_media":12352,"template":"","meta":[],"product_brand":[],"product_cat":[25,47],"product_tag":[54,1698,1696,1184,1695],"class_list":{"0":"post-12349","1":"product","2":"type-product","3":"status-publish","4":"has-post-thumbnail","6":"product_cat-libros-digitales-ebooks","7":"product_cat-libros-digitales-sagas","8":"product_tag-descargar-ebook","9":"product_tag-los-anos-felices","10":"product_tag-los-diarios-de-emilio-renzi","11":"product_tag-mejor-novelas","12":"product_tag-ricardo-piglia","14":"first","15":"instock","16":"shipping-taxable","17":"purchasable","18":"product-type-variable","19":"has-default-attributes"},"_links":{"self":[{"href":"https:\/\/www.taller-palabras.com\/WordPress_04\/wp-json\/wp\/v2\/product\/12349","targetHints":{"allow":["GET"]}}],"collection":[{"href":"https:\/\/www.taller-palabras.com\/WordPress_04\/wp-json\/wp\/v2\/product"}],"about":[{"href":"https:\/\/www.taller-palabras.com\/WordPress_04\/wp-json\/wp\/v2\/types\/product"}],"wp:featuredmedia":[{"embeddable":true,"href":"https:\/\/www.taller-palabras.com\/WordPress_04\/wp-json\/wp\/v2\/media\/12352"}],"wp:attachment":[{"href":"https:\/\/www.taller-palabras.com\/WordPress_04\/wp-json\/wp\/v2\/media?parent=12349"}],"wp:term":[{"taxonomy":"product_brand","embeddable":true,"href":"https:\/\/www.taller-palabras.com\/WordPress_04\/wp-json\/wp\/v2\/product_brand?post=12349"},{"taxonomy":"product_cat","embeddable":true,"href":"https:\/\/www.taller-palabras.com\/WordPress_04\/wp-json\/wp\/v2\/product_cat?post=12349"},{"taxonomy":"product_tag","embeddable":true,"href":"https:\/\/www.taller-palabras.com\/WordPress_04\/wp-json\/wp\/v2\/product_tag?post=12349"}],"curies":[{"name":"wp","href":"https:\/\/api.w.org\/{rel}","templated":true}]}}