{"id":12355,"date":"2026-03-13T10:28:54","date_gmt":"2026-03-13T13:28:54","guid":{"rendered":"https:\/\/www.taller-palabras.com\/WordPress_04\/?post_type=product&#038;p=12355"},"modified":"2026-03-13T11:02:51","modified_gmt":"2026-03-13T14:02:51","slug":"saga-los-diarios-de-emilio-renzi-1-ricardo-piglia-ebook","status":"publish","type":"product","link":"https:\/\/www.taller-palabras.com\/WordPress_04\/producto\/saga-los-diarios-de-emilio-renzi-1-ricardo-piglia-ebook","title":{"rendered":"Saga: Los diarios de Emilio Renzi 1 &#8211; Ricardo Piglia  \/ebook"},"content":{"rendered":"<figure id=\"attachment_12344\" aria-describedby=\"caption-attachment-12344\" style=\"width: 150px\" class=\"wp-caption alignleft\"><img loading=\"lazy\" decoding=\"async\" class=\"wp-image-12344 size-thumbnail\" src=\"https:\/\/www.taller-palabras.com\/WordPress_04\/wp-content\/uploads\/2026\/03\/Ricardo-Piglia-150x150.jpg\" alt=\"\" width=\"150\" height=\"150\" srcset=\"https:\/\/www.taller-palabras.com\/WordPress_04\/wp-content\/uploads\/2026\/03\/Ricardo-Piglia-150x150.jpg 150w, https:\/\/www.taller-palabras.com\/WordPress_04\/wp-content\/uploads\/2026\/03\/Ricardo-Piglia-100x100.jpg 100w, https:\/\/www.taller-palabras.com\/WordPress_04\/wp-content\/uploads\/2026\/03\/Ricardo-Piglia.jpg 300w\" sizes=\"auto, (max-width: 150px) 100vw, 150px\" \/><figcaption id=\"caption-attachment-12344\" class=\"wp-caption-text\">Autor Ricardo Piglia<\/figcaption><\/figure>\n<p>Primer volumen, \u00abA\u00f1os de formaci\u00f3n\u00bb. Los lectores de Ricardo Piglia conocen sin duda a Emilio Renzi, escritor y alter ego que aparece y reaparece en sus novelas, en ocasiones fugazmente, en otras con mayor protagonismo. \u00bfDe d\u00f3nde surge Renzi? De un juego de espejos que arranca del nombre completo del autor: Ricardo Emilio Piglia Renzi. Y ahora lo lleva un paso m\u00e1s all\u00e1 con estos diarios que publica Piglia y firma Renzi. Tras una espl\u00e9ndida carrera literaria que incluye novelas y cuentos fundamentales de las letras argentinas contempor\u00e1neas y varios vol\u00famenes de ensayos igualmente imprescindibles, el autor vuelve la vista atr\u00e1s y rescata los diarios escritos a lo largo de m\u00e1s de medio siglo, entre 1957 y 2015, a los que se incorporan tambi\u00e9n algunos relatos y ensayos directamente vinculados con ellos. Este monumental proyecto se publicar\u00e1 en tres vol\u00famenes: A\u00f1os de formaci\u00f3n, Los a\u00f1os felices y Un d\u00eda en la vida, de los que el lector tiene en sus manos el primero, que cubre los a\u00f1os que van de 1957 a 1967 y arranca por tanto con un escritor en ciernes que tiene apenas dieciocho a\u00f1os.<\/p>\n","protected":false},"excerpt":{"rendered":"<p>Primer volumen, \u00abA\u00f1os de formaci\u00f3n\u00bb. Los lectores de Ricardo Piglia conocen sin duda a Emilio Renzi, escritor y alter ego que aparece y reaparece en sus novelas, en ocasiones fugazmente, en otras con mayor protagonismo. \u00bfDe d\u00f3nde surge Renzi? De un juego de espejos que arranca del nombre completo del autor: Ricardo Emilio Piglia Renzi. [&hellip;]<\/p>\n","protected":false},"featured_media":12358,"template":"","meta":[],"product_brand":[],"product_cat":[25,47],"product_tag":[1699,54,1696,1184,1695],"class_list":{"0":"post-12355","1":"product","2":"type-product","3":"status-publish","4":"has-post-thumbnail","6":"product_cat-libros-digitales-ebooks","7":"product_cat-libros-digitales-sagas","8":"product_tag-anos-de-formacion","9":"product_tag-descargar-ebook","10":"product_tag-los-diarios-de-emilio-renzi","11":"product_tag-mejor-novelas","12":"product_tag-ricardo-piglia","14":"first","15":"instock","16":"shipping-taxable","17":"purchasable","18":"product-type-variable","19":"has-default-attributes"},"_links":{"self":[{"href":"https:\/\/www.taller-palabras.com\/WordPress_04\/wp-json\/wp\/v2\/product\/12355","targetHints":{"allow":["GET"]}}],"collection":[{"href":"https:\/\/www.taller-palabras.com\/WordPress_04\/wp-json\/wp\/v2\/product"}],"about":[{"href":"https:\/\/www.taller-palabras.com\/WordPress_04\/wp-json\/wp\/v2\/types\/product"}],"wp:featuredmedia":[{"embeddable":true,"href":"https:\/\/www.taller-palabras.com\/WordPress_04\/wp-json\/wp\/v2\/media\/12358"}],"wp:attachment":[{"href":"https:\/\/www.taller-palabras.com\/WordPress_04\/wp-json\/wp\/v2\/media?parent=12355"}],"wp:term":[{"taxonomy":"product_brand","embeddable":true,"href":"https:\/\/www.taller-palabras.com\/WordPress_04\/wp-json\/wp\/v2\/product_brand?post=12355"},{"taxonomy":"product_cat","embeddable":true,"href":"https:\/\/www.taller-palabras.com\/WordPress_04\/wp-json\/wp\/v2\/product_cat?post=12355"},{"taxonomy":"product_tag","embeddable":true,"href":"https:\/\/www.taller-palabras.com\/WordPress_04\/wp-json\/wp\/v2\/product_tag?post=12355"}],"curies":[{"name":"wp","href":"https:\/\/api.w.org\/{rel}","templated":true}]}}