{"id":12364,"date":"2021-08-01T11:45:52","date_gmt":"2021-08-01T14:45:52","guid":{"rendered":"https:\/\/www.taller-palabras.com\/WordPress_04\/?post_type=product&#038;p=12364"},"modified":"2026-03-22T13:06:07","modified_gmt":"2026-03-22T16:06:07","slug":"cartas-a-milena-franz-kafka-ebook","status":"publish","type":"product","link":"https:\/\/www.taller-palabras.com\/WordPress_04\/producto\/cartas-a-milena-franz-kafka-ebook","title":{"rendered":"Cartas a Milena- Franz Kafka \/ebook"},"content":{"rendered":"<figure id=\"attachment_2777\" aria-describedby=\"caption-attachment-2777\" style=\"width: 150px\" class=\"wp-caption alignleft\"><img loading=\"lazy\" decoding=\"async\" class=\"wp-image-2777 size-thumbnail\" src=\"https:\/\/www.taller-palabras.com\/WordPress_04\/wp-content\/uploads\/2020\/11\/FranzKafka-150x150.jpg\" alt=\"\" width=\"150\" height=\"150\" srcset=\"https:\/\/www.taller-palabras.com\/WordPress_04\/wp-content\/uploads\/2020\/11\/FranzKafka-150x150.jpg 150w, https:\/\/www.taller-palabras.com\/WordPress_04\/wp-content\/uploads\/2020\/11\/FranzKafka-100x100.jpg 100w, https:\/\/www.taller-palabras.com\/WordPress_04\/wp-content\/uploads\/2020\/11\/FranzKafka.jpg 283w\" sizes=\"auto, (max-width: 150px) 100vw, 150px\" \/><figcaption id=\"caption-attachment-2777\" class=\"wp-caption-text\">Autor Franz Kafka<\/figcaption><\/figure>\n<p>Kafka conoci\u00f3 a la periodista Milena Jesenska, en abril de 1920, durante un viaje a Praga. Se hallaba en un caf\u00e9 en compa\u00f1\u00eda de unos amigos comunes. Durante la conversaci\u00f3n, Milena le propuso traducir al checo dos de sus relatos. As\u00ed empez\u00f3 su relaci\u00f3n. Milena, mujer muy culta y de vivo temperamento, viv\u00eda en la Viena postimperial con su \u00abmatrimonio en lenta disoluci\u00f3n\u00bb; Kafka, lo hac\u00eda en Praga. Sus encuentros s\u00f3lo pod\u00edan ser espor\u00e1dicos. Las cartas ayudaron a superar la separaci\u00f3n y se convirtieron en documentos de una pasi\u00f3n que fue creciendo a lo largo del tiempo que dur\u00f3. \u00abCartas a Milena\u00bb re\u00fane la correspondencia que Kafka le dirigi\u00f3 a Milena Jesenska, entre 1920 y 1922. La primera carta comienza como una novela. Le\u00eddas todas juntas se convierten en una novela de amor apasionado y desesperado. Al margen de la poca frecuencia de sus encuentros, sus amores son esencialmente epistolares, como los de Werther o los de Kierkegaard. Las cartas no s\u00f3lo nos muestran la transici\u00f3n de una amistad que empieza por intereses literarios mutuos para convertirse en sentimental, sino que revela tambi\u00e9n de forma excepcional la sensibilidad e intimidad emocional del autor checo. Kafka muri\u00f3 en 1924, Milena veinte a\u00f1os despu\u00e9s, en el campo de concentraci\u00f3n de Ravensbr\u00fcck.<\/p>\n","protected":false},"excerpt":{"rendered":"<p>Kafka conoci\u00f3 a la periodista Milena Jesenska, en abril de 1920, durante un viaje a Praga. Se hallaba en un caf\u00e9 en compa\u00f1\u00eda de unos amigos comunes. Durante la conversaci\u00f3n, Milena le propuso traducir al checo dos de sus relatos. As\u00ed empez\u00f3 su relaci\u00f3n. Milena, mujer muy culta y de vivo temperamento, viv\u00eda en la [&hellip;]<\/p>\n","protected":false},"featured_media":12367,"template":"","meta":[],"product_brand":[],"product_cat":[25],"product_tag":[1700,54,328,225],"class_list":{"0":"post-12364","1":"product","2":"type-product","3":"status-publish","4":"has-post-thumbnail","6":"product_cat-libros-digitales-ebooks","7":"product_tag-cartas-a-milena","8":"product_tag-descargar-ebook","9":"product_tag-franz-kafka","10":"product_tag-mejores-novelas","12":"first","13":"instock","14":"shipping-taxable","15":"purchasable","16":"product-type-variable","17":"has-default-attributes"},"_links":{"self":[{"href":"https:\/\/www.taller-palabras.com\/WordPress_04\/wp-json\/wp\/v2\/product\/12364","targetHints":{"allow":["GET"]}}],"collection":[{"href":"https:\/\/www.taller-palabras.com\/WordPress_04\/wp-json\/wp\/v2\/product"}],"about":[{"href":"https:\/\/www.taller-palabras.com\/WordPress_04\/wp-json\/wp\/v2\/types\/product"}],"wp:featuredmedia":[{"embeddable":true,"href":"https:\/\/www.taller-palabras.com\/WordPress_04\/wp-json\/wp\/v2\/media\/12367"}],"wp:attachment":[{"href":"https:\/\/www.taller-palabras.com\/WordPress_04\/wp-json\/wp\/v2\/media?parent=12364"}],"wp:term":[{"taxonomy":"product_brand","embeddable":true,"href":"https:\/\/www.taller-palabras.com\/WordPress_04\/wp-json\/wp\/v2\/product_brand?post=12364"},{"taxonomy":"product_cat","embeddable":true,"href":"https:\/\/www.taller-palabras.com\/WordPress_04\/wp-json\/wp\/v2\/product_cat?post=12364"},{"taxonomy":"product_tag","embeddable":true,"href":"https:\/\/www.taller-palabras.com\/WordPress_04\/wp-json\/wp\/v2\/product_tag?post=12364"}],"curies":[{"name":"wp","href":"https:\/\/api.w.org\/{rel}","templated":true}]}}