{"id":12372,"date":"2018-10-08T12:18:37","date_gmt":"2018-10-08T15:18:37","guid":{"rendered":"https:\/\/www.taller-palabras.com\/WordPress_04\/?post_type=product&#038;p=12372"},"modified":"2026-03-23T11:41:03","modified_gmt":"2026-03-23T14:41:03","slug":"la-cancion-del-mar-gloria-v-casanas-ebook","status":"publish","type":"product","link":"https:\/\/www.taller-palabras.com\/WordPress_04\/producto\/la-cancion-del-mar-gloria-v-casanas-ebook","title":{"rendered":"La canci\u00f3n del mar &#8211; Gloria V. Casa\u00f1as \/ebook"},"content":{"rendered":"<figure id=\"attachment_124\" aria-describedby=\"caption-attachment-124\" style=\"width: 150px\" class=\"wp-caption alignleft\"><img loading=\"lazy\" decoding=\"async\" class=\"wp-image-124 size-thumbnail\" src=\"https:\/\/www.taller-palabras.com\/WordPress_04\/wp-content\/uploads\/2018\/10\/Gloria-V.-Casanas-150x150.jpg\" alt=\"\" width=\"150\" height=\"150\" srcset=\"https:\/\/www.taller-palabras.com\/WordPress_04\/wp-content\/uploads\/2018\/10\/Gloria-V.-Casanas-150x150.jpg 150w, https:\/\/www.taller-palabras.com\/WordPress_04\/wp-content\/uploads\/2018\/10\/Gloria-V.-Casanas-100x100.jpg 100w\" sizes=\"auto, (max-width: 150px) 100vw, 150px\" \/><figcaption id=\"caption-attachment-124\" class=\"wp-caption-text\">Autora Gloria V. Casa\u00f1as.<\/figcaption><\/figure>\n<p>Una mujer fuera de \u00e9poca, un esp\u00edritu libre como las olas que rebasan las rocas del cabo. Una novela encantadora enmarcada en la d\u00e9cada que marc\u00f3 el rumbo del pa\u00eds y unos personajes entra\u00f1ables que viven el v\u00e9rtigo que convirti\u00f3 a Buenos Aires y a Mar del Plata en escenario privilegiado de la vida argentina. Mar del Plata es poco m\u00e1s que un descampado al comenzar la d\u00e9cada de 1880, pero el empuje del gobernador y el entusiasmo de la aristocracia porte\u00f1a, que ans\u00eda contar con un sitio similar a Biarritz, Brighton o Deauville, har\u00e1n de la peque\u00f1a villa un refugio encantador.<br \/>\nEl encono ha nacido entre algunos anarquistas provenientes de Buenos Aires, y as\u00ed, las temporadas se deslizan en un mar de contrastes entre la vida elegante de algunos y la pobreza de otros. All\u00ed, en los cotillones del Hotel Bristol, los paseos bajo la luna, las tardes en la Rambla y las excursiones que propone el vicepresidente Pellegrini, alma mater de Mar del Plata, la vida pondr\u00e1 en una encrucijada a Violeta. Dividida entre el pasado que vuelve y un futuro tentador, la joven se debate entre sue\u00f1os y sensaciones inquietantes.<br \/>\nLa canci\u00f3n del mar es una novela mundana y salvaje, re\u00fane la distinci\u00f3n de la aristocracia y la sencillez de la vida de pueblo en un paraje agreste. Gloria V. Casa\u00f1as nos muestra c\u00f3mo la villa atl\u00e1ntica se ir\u00e1 convirtiendo, a lo largo de esta historia, en la perla de Sudam\u00e9rica. Y mientras nos deleita con personajes inolvidables, nos vuelve a demostrar que es una de las mejores escritoras latinoamericanas de hoy.<\/p>\n","protected":false},"excerpt":{"rendered":"<p>Una mujer fuera de \u00e9poca, un esp\u00edritu libre como las olas que rebasan las rocas del cabo. Una novela encantadora enmarcada en la d\u00e9cada que marc\u00f3 el rumbo del pa\u00eds y unos personajes entra\u00f1ables que viven el v\u00e9rtigo que convirti\u00f3 a Buenos Aires y a Mar del Plata en escenario privilegiado de la vida argentina. [&hellip;]<\/p>\n","protected":false},"featured_media":12375,"template":"","meta":[],"product_brand":[],"product_cat":[25],"product_tag":[54,58,1701,55],"class_list":{"0":"post-12372","1":"product","2":"type-product","3":"status-publish","4":"has-post-thumbnail","6":"product_cat-libros-digitales-ebooks","7":"product_tag-descargar-ebook","8":"product_tag-gloria-casanas","9":"product_tag-la-cancion-del-mar","10":"product_tag-novelas","12":"first","13":"instock","14":"shipping-taxable","15":"purchasable","16":"product-type-variable","17":"has-default-attributes"},"_links":{"self":[{"href":"https:\/\/www.taller-palabras.com\/WordPress_04\/wp-json\/wp\/v2\/product\/12372","targetHints":{"allow":["GET"]}}],"collection":[{"href":"https:\/\/www.taller-palabras.com\/WordPress_04\/wp-json\/wp\/v2\/product"}],"about":[{"href":"https:\/\/www.taller-palabras.com\/WordPress_04\/wp-json\/wp\/v2\/types\/product"}],"wp:featuredmedia":[{"embeddable":true,"href":"https:\/\/www.taller-palabras.com\/WordPress_04\/wp-json\/wp\/v2\/media\/12375"}],"wp:attachment":[{"href":"https:\/\/www.taller-palabras.com\/WordPress_04\/wp-json\/wp\/v2\/media?parent=12372"}],"wp:term":[{"taxonomy":"product_brand","embeddable":true,"href":"https:\/\/www.taller-palabras.com\/WordPress_04\/wp-json\/wp\/v2\/product_brand?post=12372"},{"taxonomy":"product_cat","embeddable":true,"href":"https:\/\/www.taller-palabras.com\/WordPress_04\/wp-json\/wp\/v2\/product_cat?post=12372"},{"taxonomy":"product_tag","embeddable":true,"href":"https:\/\/www.taller-palabras.com\/WordPress_04\/wp-json\/wp\/v2\/product_tag?post=12372"}],"curies":[{"name":"wp","href":"https:\/\/api.w.org\/{rel}","templated":true}]}}