{"id":12385,"date":"2018-10-08T12:17:10","date_gmt":"2018-10-08T15:17:10","guid":{"rendered":"https:\/\/www.taller-palabras.com\/WordPress_04\/?post_type=product&#038;p=12385"},"modified":"2026-03-25T11:48:26","modified_gmt":"2026-03-25T14:48:26","slug":"por-el-sendero-de-las-lagrimas-gloria-v-casanas-ebook","status":"publish","type":"product","link":"https:\/\/www.taller-palabras.com\/WordPress_04\/producto\/por-el-sendero-de-las-lagrimas-gloria-v-casanas-ebook","title":{"rendered":"Por el sendero de las l\u00e1grimas &#8211; Gloria V. Casa\u00f1as \/ebook"},"content":{"rendered":"<figure id=\"attachment_124\" aria-describedby=\"caption-attachment-124\" style=\"width: 150px\" class=\"wp-caption alignleft\"><img loading=\"lazy\" decoding=\"async\" class=\"wp-image-124 size-thumbnail\" src=\"https:\/\/www.taller-palabras.com\/WordPress_04\/wp-content\/uploads\/2018\/10\/Gloria-V.-Casanas-150x150.jpg\" alt=\"\" width=\"150\" height=\"150\" srcset=\"https:\/\/www.taller-palabras.com\/WordPress_04\/wp-content\/uploads\/2018\/10\/Gloria-V.-Casanas-150x150.jpg 150w, https:\/\/www.taller-palabras.com\/WordPress_04\/wp-content\/uploads\/2018\/10\/Gloria-V.-Casanas-100x100.jpg 100w\" sizes=\"auto, (max-width: 150px) 100vw, 150px\" \/><figcaption id=\"caption-attachment-124\" class=\"wp-caption-text\">Autora Gloria V. Casa\u00f1as.<\/figcaption><\/figure>\n<p>Jim Morris, sham\u00e1n del clan del Lobo entre los cherokee, parte de la Argentina, donde acaba de vengar la muerte de su padre, llevando con \u00e9l la prueba de su haza\u00f1a como trofeo. En el mismo barco que lo regresa a su tierra se topa con Claramar\u00eda La Rochelle, que tambi\u00e9n abandona el R\u00edo de la Plata obligada por razones familiares, y retorna a la plantaci\u00f3n de tabaco de su padre, en Virginia. Pero ella no es una mujer com\u00fan, es una novicia de la Orden de Nazaret, deseosa de ordenarse cuanto antes para satisfacer su vocaci\u00f3n de servicio. Circunstancias excepcionales la llevan a apoyarse en ese hombre enigm\u00e1tico y distante que la evade, al tiempo que permanece atento a sus necesidades. A pesar de no tener nada en com\u00fan, y aunque cada uno debe resolver sus propios asuntos, Clara y Jim se ven empujados a compartir un viaje que traspasar\u00e1 la frontera de lo geogr\u00e1fico y se convertir\u00e1 en una peregrinaci\u00f3n hacia el interior de sus corazones, donde las antiguas l\u00e1grimas que vertieron los cherokee volver\u00e1n a brotar, y exigir\u00e1n respuestas que ninguno de ellos se siente capaz de dar.<\/p>\n","protected":false},"excerpt":{"rendered":"<p>Jim Morris, sham\u00e1n del clan del Lobo entre los cherokee, parte de la Argentina, donde acaba de vengar la muerte de su padre, llevando con \u00e9l la prueba de su haza\u00f1a como trofeo. En el mismo barco que lo regresa a su tierra se topa con Claramar\u00eda La Rochelle, que tambi\u00e9n abandona el R\u00edo de [&hellip;]<\/p>\n","protected":false},"featured_media":12388,"template":"","meta":[],"product_brand":[],"product_cat":[25],"product_tag":[54,58,1701,55],"class_list":{"0":"post-12385","1":"product","2":"type-product","3":"status-publish","4":"has-post-thumbnail","6":"product_cat-libros-digitales-ebooks","7":"product_tag-descargar-ebook","8":"product_tag-gloria-casanas","9":"product_tag-la-cancion-del-mar","10":"product_tag-novelas","12":"first","13":"instock","14":"shipping-taxable","15":"purchasable","16":"product-type-variable","17":"has-default-attributes"},"_links":{"self":[{"href":"https:\/\/www.taller-palabras.com\/WordPress_04\/wp-json\/wp\/v2\/product\/12385","targetHints":{"allow":["GET"]}}],"collection":[{"href":"https:\/\/www.taller-palabras.com\/WordPress_04\/wp-json\/wp\/v2\/product"}],"about":[{"href":"https:\/\/www.taller-palabras.com\/WordPress_04\/wp-json\/wp\/v2\/types\/product"}],"wp:featuredmedia":[{"embeddable":true,"href":"https:\/\/www.taller-palabras.com\/WordPress_04\/wp-json\/wp\/v2\/media\/12388"}],"wp:attachment":[{"href":"https:\/\/www.taller-palabras.com\/WordPress_04\/wp-json\/wp\/v2\/media?parent=12385"}],"wp:term":[{"taxonomy":"product_brand","embeddable":true,"href":"https:\/\/www.taller-palabras.com\/WordPress_04\/wp-json\/wp\/v2\/product_brand?post=12385"},{"taxonomy":"product_cat","embeddable":true,"href":"https:\/\/www.taller-palabras.com\/WordPress_04\/wp-json\/wp\/v2\/product_cat?post=12385"},{"taxonomy":"product_tag","embeddable":true,"href":"https:\/\/www.taller-palabras.com\/WordPress_04\/wp-json\/wp\/v2\/product_tag?post=12385"}],"curies":[{"name":"wp","href":"https:\/\/api.w.org\/{rel}","templated":true}]}}