{"id":12398,"date":"2026-03-29T10:28:49","date_gmt":"2026-03-29T13:28:49","guid":{"rendered":"https:\/\/www.taller-palabras.com\/WordPress_04\/?post_type=product&#038;p=12398"},"modified":"2026-03-30T16:11:10","modified_gmt":"2026-03-30T19:11:10","slug":"la-interpretacion-de-los-suenos-sigmund-freud-ebook","status":"publish","type":"product","link":"https:\/\/www.taller-palabras.com\/WordPress_04\/producto\/la-interpretacion-de-los-suenos-sigmund-freud-ebook","title":{"rendered":"La interpretaci\u00f3n de los sue\u00f1os &#8211; Sigmund Freud  \/ebook"},"content":{"rendered":"<figure id=\"attachment_12401\" aria-describedby=\"caption-attachment-12401\" style=\"width: 150px\" class=\"wp-caption alignleft\"><img loading=\"lazy\" decoding=\"async\" class=\"wp-image-12401 size-thumbnail\" src=\"https:\/\/www.taller-palabras.com\/WordPress_04\/wp-content\/uploads\/2026\/03\/Sigmund-Freud-150x150.jpg\" alt=\"\" width=\"150\" height=\"150\" srcset=\"https:\/\/www.taller-palabras.com\/WordPress_04\/wp-content\/uploads\/2026\/03\/Sigmund-Freud-150x150.jpg 150w, https:\/\/www.taller-palabras.com\/WordPress_04\/wp-content\/uploads\/2026\/03\/Sigmund-Freud-100x100.jpg 100w, https:\/\/www.taller-palabras.com\/WordPress_04\/wp-content\/uploads\/2026\/03\/Sigmund-Freud.jpg 200w\" sizes=\"auto, (max-width: 150px) 100vw, 150px\" \/><figcaption id=\"caption-attachment-12401\" class=\"wp-caption-text\">Autor Sigmund Freud<\/figcaption><\/figure>\n<p>La primera edici\u00f3n de Die Traumdeutung (La interpretaci\u00f3n de los sue\u00f1os) se public\u00f3 unos d\u00edas antes del siglo, aunque en la portada constara ya la fecha \u00ab1900\u00bb. Es posible observar en esta peque\u00f1a licencia alg\u00fan indicio del valor inaugural que el mismo Freud, clarividente, reservaba a su obra cumbre. La primera edici\u00f3n tuvo una desastrosa acogida por parte del p\u00fablico y la cr\u00edtica. En una carta a su amigo Fliess, pocos d\u00edas despu\u00e9s de la publicaci\u00f3n del libro, el autor se lamentaba: \u00abNos hemos adelantado demasiado a nuestro tiempo\u2026\u00bb. No obstante era tambi\u00e9n consciente de que, de uno u otro modo, el enigma de los sue\u00f1os hab\u00eda sido por fin desvelado y que el destino de La interpretaci\u00f3n de los sue\u00f1os era convertirse inexorablemente, en la obra pionera del psicoan\u00e1lisis. Hoy es tambi\u00e9n una de las obras maestras de la literatura y el pensamiento del siglo XX. Los progresos cient\u00edficos alcanzados no han conseguido restar valor ni actualidad a la exposici\u00f3n freudiana de los temas on\u00edricos, aqu\u00ed presentada en la magistral traducci\u00f3n de Luis L\u00f3pez-Ballesteros y de Torres, que mereciera ya en 1923, un comentario elogioso del mismo Freud.<\/p>\n","protected":false},"excerpt":{"rendered":"<p>La primera edici\u00f3n de Die Traumdeutung (La interpretaci\u00f3n de los sue\u00f1os) se public\u00f3 unos d\u00edas antes del siglo, aunque en la portada constara ya la fecha \u00ab1900\u00bb. Es posible observar en esta peque\u00f1a licencia alg\u00fan indicio del valor inaugural que el mismo Freud, clarividente, reservaba a su obra cumbre. La primera edici\u00f3n tuvo una desastrosa [&hellip;]<\/p>\n","protected":false},"featured_media":12402,"template":"","meta":[],"product_brand":[],"product_cat":[25],"product_tag":[136,1704,55,1703],"class_list":{"0":"post-12398","1":"product","2":"type-product","3":"status-publish","4":"has-post-thumbnail","6":"product_cat-libros-digitales-ebooks","7":"product_tag-decargar-ebook","8":"product_tag-la-interpretacion-de-los-suenos","9":"product_tag-novelas","10":"product_tag-sigmund-freud","12":"first","13":"instock","14":"shipping-taxable","15":"purchasable","16":"product-type-variable","17":"has-default-attributes"},"_links":{"self":[{"href":"https:\/\/www.taller-palabras.com\/WordPress_04\/wp-json\/wp\/v2\/product\/12398","targetHints":{"allow":["GET"]}}],"collection":[{"href":"https:\/\/www.taller-palabras.com\/WordPress_04\/wp-json\/wp\/v2\/product"}],"about":[{"href":"https:\/\/www.taller-palabras.com\/WordPress_04\/wp-json\/wp\/v2\/types\/product"}],"wp:featuredmedia":[{"embeddable":true,"href":"https:\/\/www.taller-palabras.com\/WordPress_04\/wp-json\/wp\/v2\/media\/12402"}],"wp:attachment":[{"href":"https:\/\/www.taller-palabras.com\/WordPress_04\/wp-json\/wp\/v2\/media?parent=12398"}],"wp:term":[{"taxonomy":"product_brand","embeddable":true,"href":"https:\/\/www.taller-palabras.com\/WordPress_04\/wp-json\/wp\/v2\/product_brand?post=12398"},{"taxonomy":"product_cat","embeddable":true,"href":"https:\/\/www.taller-palabras.com\/WordPress_04\/wp-json\/wp\/v2\/product_cat?post=12398"},{"taxonomy":"product_tag","embeddable":true,"href":"https:\/\/www.taller-palabras.com\/WordPress_04\/wp-json\/wp\/v2\/product_tag?post=12398"}],"curies":[{"name":"wp","href":"https:\/\/api.w.org\/{rel}","templated":true}]}}