{"id":12407,"date":"2026-03-31T16:33:44","date_gmt":"2026-03-31T19:33:44","guid":{"rendered":"https:\/\/www.taller-palabras.com\/WordPress_04\/?post_type=product&#038;p=12407"},"modified":"2026-03-31T16:40:17","modified_gmt":"2026-03-31T19:40:17","slug":"casa-de-campo-jose-donoso-ebook","status":"publish","type":"product","link":"https:\/\/www.taller-palabras.com\/WordPress_04\/producto\/casa-de-campo-jose-donoso-ebook","title":{"rendered":"Casa de campo &#8211; Jos\u00e9 Donoso \/ebook"},"content":{"rendered":"<figure id=\"attachment_12410\" aria-describedby=\"caption-attachment-12410\" style=\"width: 150px\" class=\"wp-caption alignleft\"><img loading=\"lazy\" decoding=\"async\" class=\"wp-image-12410 size-thumbnail\" src=\"https:\/\/www.taller-palabras.com\/WordPress_04\/wp-content\/uploads\/2026\/03\/Jose-Donoso-150x150.jpg\" alt=\"\" width=\"150\" height=\"150\" srcset=\"https:\/\/www.taller-palabras.com\/WordPress_04\/wp-content\/uploads\/2026\/03\/Jose-Donoso-150x150.jpg 150w, https:\/\/www.taller-palabras.com\/WordPress_04\/wp-content\/uploads\/2026\/03\/Jose-Donoso-100x100.jpg 100w, https:\/\/www.taller-palabras.com\/WordPress_04\/wp-content\/uploads\/2026\/03\/Jose-Donoso.jpg 284w\" sizes=\"auto, (max-width: 150px) 100vw, 150px\" \/><figcaption id=\"caption-attachment-12410\" class=\"wp-caption-text\">Autor Jos\u00e9 Donoso<\/figcaption><\/figure>\n<p>Casa de Campo es la obra maestra de Donoso y tal vez, una de las grandes obras de la narrativa actual en lengua castellana. El horizonte cultural de la novela es complejo y por momentos fascinante. Donoso volc\u00f3 aqu\u00ed su conocimiento apasionado de la pintura, de la m\u00fasica, de la literatura, de la historia europea e hispanoamericana (\u2026) la voz del autor, el recurso al artificio narrativo, siempre est\u00e1n presentes. Hay un tejido denso, una verdadera selva de significados y de s\u00edmbolos. Casa de Campo, que fue publicada en el a\u00f1o 1978, se ha considerado, desde la perspectiva sociol\u00f3gico-literaria, como una alegor\u00eda pol\u00edtica de la dictadura en Chile durante la d\u00e9cada del 70\u00b4. Casa de campo nos presenta a la familia Ventura, una familia de terratenientes due\u00f1os de importantes minas de oro que llegan todos los veranos a Marulanda donde se encuentra esta gran casa de campo, donde los siete hermanos Ventura junto a sus hijos gozan de refinados lujos y son atendidos por un ej\u00e9rcito de sirvientes. Esta casa de campo, que aparece, lejos de la civilizaci\u00f3n, como un espejismo, guarda varios de los secretos de la familia Ventura. Es recurrente escuchar, de boca de los adultos de la familia la expresi\u00f3n \u201ccorrer el tupido velo\u201d, siempre frente a situaciones adversas o desagradables para ellos, que es mejor ignorar, no ver.<\/p>\n","protected":false},"excerpt":{"rendered":"<p>Casa de Campo es la obra maestra de Donoso y tal vez, una de las grandes obras de la narrativa actual en lengua castellana. El horizonte cultural de la novela es complejo y por momentos fascinante. Donoso volc\u00f3 aqu\u00ed su conocimiento apasionado de la pintura, de la m\u00fasica, de la literatura, de la historia europea [&hellip;]<\/p>\n","protected":false},"featured_media":12411,"template":"","meta":[],"product_brand":[1706],"product_cat":[25],"product_tag":[1708,136,1707,55],"class_list":{"0":"post-12407","1":"product","2":"type-product","3":"status-publish","4":"has-post-thumbnail","6":"product_brand-grupo1","7":"product_cat-libros-digitales-ebooks","8":"product_tag-casa-de-campo","9":"product_tag-decargar-ebook","10":"product_tag-jose-donoso","11":"product_tag-novelas","13":"first","14":"instock","15":"shipping-taxable","16":"purchasable","17":"product-type-variable","18":"has-default-attributes"},"_links":{"self":[{"href":"https:\/\/www.taller-palabras.com\/WordPress_04\/wp-json\/wp\/v2\/product\/12407","targetHints":{"allow":["GET"]}}],"collection":[{"href":"https:\/\/www.taller-palabras.com\/WordPress_04\/wp-json\/wp\/v2\/product"}],"about":[{"href":"https:\/\/www.taller-palabras.com\/WordPress_04\/wp-json\/wp\/v2\/types\/product"}],"wp:featuredmedia":[{"embeddable":true,"href":"https:\/\/www.taller-palabras.com\/WordPress_04\/wp-json\/wp\/v2\/media\/12411"}],"wp:attachment":[{"href":"https:\/\/www.taller-palabras.com\/WordPress_04\/wp-json\/wp\/v2\/media?parent=12407"}],"wp:term":[{"taxonomy":"product_brand","embeddable":true,"href":"https:\/\/www.taller-palabras.com\/WordPress_04\/wp-json\/wp\/v2\/product_brand?post=12407"},{"taxonomy":"product_cat","embeddable":true,"href":"https:\/\/www.taller-palabras.com\/WordPress_04\/wp-json\/wp\/v2\/product_cat?post=12407"},{"taxonomy":"product_tag","embeddable":true,"href":"https:\/\/www.taller-palabras.com\/WordPress_04\/wp-json\/wp\/v2\/product_tag?post=12407"}],"curies":[{"name":"wp","href":"https:\/\/api.w.org\/{rel}","templated":true}]}}