{"id":12421,"date":"2026-03-31T16:34:00","date_gmt":"2026-03-31T19:34:00","guid":{"rendered":"https:\/\/www.taller-palabras.com\/WordPress_04\/?post_type=product&#038;p=12421"},"modified":"2026-04-01T10:44:54","modified_gmt":"2026-04-01T13:44:54","slug":"el-obsceno-pajaro-de-la-noche-jose-donoso-ebook","status":"publish","type":"product","link":"https:\/\/www.taller-palabras.com\/WordPress_04\/producto\/el-obsceno-pajaro-de-la-noche-jose-donoso-ebook","title":{"rendered":"El obsceno p\u00e1jaro de la noche &#8211; Jos\u00e9 Donoso \/ebook"},"content":{"rendered":"<figure id=\"attachment_12410\" aria-describedby=\"caption-attachment-12410\" style=\"width: 150px\" class=\"wp-caption alignleft\"><img loading=\"lazy\" decoding=\"async\" class=\"wp-image-12410 size-thumbnail\" src=\"https:\/\/www.taller-palabras.com\/WordPress_04\/wp-content\/uploads\/2026\/03\/Jose-Donoso-150x150.jpg\" alt=\"\" width=\"150\" height=\"150\" srcset=\"https:\/\/www.taller-palabras.com\/WordPress_04\/wp-content\/uploads\/2026\/03\/Jose-Donoso-150x150.jpg 150w, https:\/\/www.taller-palabras.com\/WordPress_04\/wp-content\/uploads\/2026\/03\/Jose-Donoso-100x100.jpg 100w, https:\/\/www.taller-palabras.com\/WordPress_04\/wp-content\/uploads\/2026\/03\/Jose-Donoso.jpg 284w\" sizes=\"auto, (max-width: 150px) 100vw, 150px\" \/><figcaption id=\"caption-attachment-12410\" class=\"wp-caption-text\">Autor Jos\u00e9 Donoso<\/figcaption><\/figure>\n<p>En esta novela, considerada la obra cumbre de Jos\u00e9 Donoso, la voz que narra fluye infatigable de los labios del Mudito, como en un viaje desde el ser hacia la nada, elaborando un mundo destinado, por la maldici\u00f3n intr\u00ednseca de la existencia, al deterioro, la p\u00e9rdida o la confusi\u00f3n de cualquier identidad posible. Las viejas que pueblan la Casa de la Encarnaci\u00f3n de la Chimba y los monstruos de la Rinconada ilustran cada matiz de la desesperaci\u00f3n y cada uno de los \u00ednfimos placeres cotidianos, anudando siempre al ciego instinto de la vida un inextinguible terror ante lo oscuro, lo innombrable, lo que ya no tiene forma.<\/p>\n","protected":false},"excerpt":{"rendered":"<p>En esta novela, considerada la obra cumbre de Jos\u00e9 Donoso, la voz que narra fluye infatigable de los labios del Mudito, como en un viaje desde el ser hacia la nada, elaborando un mundo destinado, por la maldici\u00f3n intr\u00ednseca de la existencia, al deterioro, la p\u00e9rdida o la confusi\u00f3n de cualquier identidad posible. Las viejas [&hellip;]<\/p>\n","protected":false},"featured_media":12426,"template":"","meta":[],"product_brand":[1706],"product_cat":[25],"product_tag":[136,1710,1707,55],"class_list":{"0":"post-12421","1":"product","2":"type-product","3":"status-publish","4":"has-post-thumbnail","6":"product_brand-grupo1","7":"product_cat-libros-digitales-ebooks","8":"product_tag-decargar-ebook","9":"product_tag-el-obsceno-pajaro-de-la-noche","10":"product_tag-jose-donoso","11":"product_tag-novelas","13":"first","14":"instock","15":"shipping-taxable","16":"purchasable","17":"product-type-variable","18":"has-default-attributes"},"_links":{"self":[{"href":"https:\/\/www.taller-palabras.com\/WordPress_04\/wp-json\/wp\/v2\/product\/12421","targetHints":{"allow":["GET"]}}],"collection":[{"href":"https:\/\/www.taller-palabras.com\/WordPress_04\/wp-json\/wp\/v2\/product"}],"about":[{"href":"https:\/\/www.taller-palabras.com\/WordPress_04\/wp-json\/wp\/v2\/types\/product"}],"wp:featuredmedia":[{"embeddable":true,"href":"https:\/\/www.taller-palabras.com\/WordPress_04\/wp-json\/wp\/v2\/media\/12426"}],"wp:attachment":[{"href":"https:\/\/www.taller-palabras.com\/WordPress_04\/wp-json\/wp\/v2\/media?parent=12421"}],"wp:term":[{"taxonomy":"product_brand","embeddable":true,"href":"https:\/\/www.taller-palabras.com\/WordPress_04\/wp-json\/wp\/v2\/product_brand?post=12421"},{"taxonomy":"product_cat","embeddable":true,"href":"https:\/\/www.taller-palabras.com\/WordPress_04\/wp-json\/wp\/v2\/product_cat?post=12421"},{"taxonomy":"product_tag","embeddable":true,"href":"https:\/\/www.taller-palabras.com\/WordPress_04\/wp-json\/wp\/v2\/product_tag?post=12421"}],"curies":[{"name":"wp","href":"https:\/\/api.w.org\/{rel}","templated":true}]}}