{"id":12427,"date":"2021-04-01T12:06:56","date_gmt":"2021-04-01T15:06:56","guid":{"rendered":"https:\/\/www.taller-palabras.com\/WordPress_04\/?post_type=product&#038;p=12427"},"modified":"2026-04-01T12:13:26","modified_gmt":"2026-04-01T15:13:26","slug":"oficio-de-difuntos-arturo-uslar-pietri-ebook","status":"publish","type":"product","link":"https:\/\/www.taller-palabras.com\/WordPress_04\/producto\/oficio-de-difuntos-arturo-uslar-pietri-ebook","title":{"rendered":"Oficio de difuntos &#8211; Arturo Uslar Pietri \/ebook"},"content":{"rendered":"<figure id=\"attachment_12432\" aria-describedby=\"caption-attachment-12432\" style=\"width: 150px\" class=\"wp-caption alignleft\"><img loading=\"lazy\" decoding=\"async\" class=\"wp-image-12432 size-thumbnail\" src=\"https:\/\/www.taller-palabras.com\/WordPress_04\/wp-content\/uploads\/2026\/04\/Arturo-Pietri-150x150.jpg\" alt=\"\" width=\"150\" height=\"150\" srcset=\"https:\/\/www.taller-palabras.com\/WordPress_04\/wp-content\/uploads\/2026\/04\/Arturo-Pietri-150x150.jpg 150w, https:\/\/www.taller-palabras.com\/WordPress_04\/wp-content\/uploads\/2026\/04\/Arturo-Pietri-100x100.jpg 100w, https:\/\/www.taller-palabras.com\/WordPress_04\/wp-content\/uploads\/2026\/04\/Arturo-Pietri.jpg 189w\" sizes=\"auto, (max-width: 150px) 100vw, 150px\" \/><figcaption id=\"caption-attachment-12432\" class=\"wp-caption-text\">Autor Arturo Uslar Pietri<\/figcaption><\/figure>\n<p>\u00abOficio de difunto\u00bb, es una reflexi\u00f3n literaria sobre el caudillo criollo de origen rural. Uslar Pietri reconstruye el vac\u00edo hist\u00f3rico sufrido por Venezuela durante la dictadura de Juan Vicente G\u00f3mez (1903-1935), cuya realidad estuvo plagada de errores. Mediante un penetrante an\u00e1lisis psicol\u00f3gico el autor pone al descubierto los mecanismos que fueron despertando en el dictador la ambici\u00f3n de poder y la maduraci\u00f3n de los medios necesarios para conseguirlo a trav\u00e9s de los distintos cargos que ocup\u00f3. Pero el arte del novelista, a trav\u00e9s de la iron\u00eda y del humor, consigue crear la distancia necesaria para componer una deslumbrante farsa de s\u00e1tira pol\u00edtica.<\/p>\n","protected":false},"excerpt":{"rendered":"<p>\u00abOficio de difunto\u00bb, es una reflexi\u00f3n literaria sobre el caudillo criollo de origen rural. Uslar Pietri reconstruye el vac\u00edo hist\u00f3rico sufrido por Venezuela durante la dictadura de Juan Vicente G\u00f3mez (1903-1935), cuya realidad estuvo plagada de errores. Mediante un penetrante an\u00e1lisis psicol\u00f3gico el autor pone al descubierto los mecanismos que fueron despertando en el dictador [&hellip;]<\/p>\n","protected":false},"featured_media":12430,"template":"","meta":[],"product_brand":[1706],"product_cat":[25],"product_tag":[1711,136,55,1712],"class_list":{"0":"post-12427","1":"product","2":"type-product","3":"status-publish","4":"has-post-thumbnail","6":"product_brand-grupo1","7":"product_cat-libros-digitales-ebooks","8":"product_tag-arturo-uslar-pietri","9":"product_tag-decargar-ebook","10":"product_tag-novelas","11":"product_tag-oficio-de-difuntos","13":"first","14":"instock","15":"shipping-taxable","16":"purchasable","17":"product-type-variable","18":"has-default-attributes"},"_links":{"self":[{"href":"https:\/\/www.taller-palabras.com\/WordPress_04\/wp-json\/wp\/v2\/product\/12427","targetHints":{"allow":["GET"]}}],"collection":[{"href":"https:\/\/www.taller-palabras.com\/WordPress_04\/wp-json\/wp\/v2\/product"}],"about":[{"href":"https:\/\/www.taller-palabras.com\/WordPress_04\/wp-json\/wp\/v2\/types\/product"}],"wp:featuredmedia":[{"embeddable":true,"href":"https:\/\/www.taller-palabras.com\/WordPress_04\/wp-json\/wp\/v2\/media\/12430"}],"wp:attachment":[{"href":"https:\/\/www.taller-palabras.com\/WordPress_04\/wp-json\/wp\/v2\/media?parent=12427"}],"wp:term":[{"taxonomy":"product_brand","embeddable":true,"href":"https:\/\/www.taller-palabras.com\/WordPress_04\/wp-json\/wp\/v2\/product_brand?post=12427"},{"taxonomy":"product_cat","embeddable":true,"href":"https:\/\/www.taller-palabras.com\/WordPress_04\/wp-json\/wp\/v2\/product_cat?post=12427"},{"taxonomy":"product_tag","embeddable":true,"href":"https:\/\/www.taller-palabras.com\/WordPress_04\/wp-json\/wp\/v2\/product_tag?post=12427"}],"curies":[{"name":"wp","href":"https:\/\/api.w.org\/{rel}","templated":true}]}}