{"id":12434,"date":"2021-04-01T12:14:09","date_gmt":"2021-04-01T15:14:09","guid":{"rendered":"https:\/\/www.taller-palabras.com\/WordPress_04\/?post_type=product&#038;p=12434"},"modified":"2026-04-01T12:16:50","modified_gmt":"2026-04-01T15:16:50","slug":"el-camino-de-el-dorado-arturo-uslar-pietri-ebook","status":"publish","type":"product","link":"https:\/\/www.taller-palabras.com\/WordPress_04\/producto\/el-camino-de-el-dorado-arturo-uslar-pietri-ebook","title":{"rendered":"El camino de El Dorado &#8211; Arturo Uslar Pietri \/ebook"},"content":{"rendered":"<figure id=\"attachment_12432\" aria-describedby=\"caption-attachment-12432\" style=\"width: 150px\" class=\"wp-caption alignleft\"><img loading=\"lazy\" decoding=\"async\" class=\"wp-image-12432 size-thumbnail\" src=\"https:\/\/www.taller-palabras.com\/WordPress_04\/wp-content\/uploads\/2026\/04\/Arturo-Pietri-150x150.jpg\" alt=\"\" width=\"150\" height=\"150\" srcset=\"https:\/\/www.taller-palabras.com\/WordPress_04\/wp-content\/uploads\/2026\/04\/Arturo-Pietri-150x150.jpg 150w, https:\/\/www.taller-palabras.com\/WordPress_04\/wp-content\/uploads\/2026\/04\/Arturo-Pietri-100x100.jpg 100w, https:\/\/www.taller-palabras.com\/WordPress_04\/wp-content\/uploads\/2026\/04\/Arturo-Pietri.jpg 189w\" sizes=\"auto, (max-width: 150px) 100vw, 150px\" \/><figcaption id=\"caption-attachment-12432\" class=\"wp-caption-text\">Autor Arturo Uslar Pietri<\/figcaption><\/figure>\n<p>Bastar\u00eda solamente mencionar el nombre de su protagonista la figura extraordinaria en torno a la cual se centran los episodios dram\u00e1ticos del volumen, bastar\u00eda nombrar al tirano Lope de Aguirre para sugerir el poderoso h\u00e1lito \u00e9pico-novelesco que se desprende de sus p\u00e1ginas. Cierto que no es \u00e9sta la primera vez que la figura de Lope de Aguirre tienta a los historiadores y reconstructores de la \u00e9poca de la conquista americana, pero seguramente, en ning\u00fan otro libro aparece este personaje imborrable con el sello de autenticidad y vigor con que se nos muestra en El Camino de El Dorado.<\/p>\n","protected":false},"excerpt":{"rendered":"<p>Bastar\u00eda solamente mencionar el nombre de su protagonista la figura extraordinaria en torno a la cual se centran los episodios dram\u00e1ticos del volumen, bastar\u00eda nombrar al tirano Lope de Aguirre para sugerir el poderoso h\u00e1lito \u00e9pico-novelesco que se desprende de sus p\u00e1ginas. Cierto que no es \u00e9sta la primera vez que la figura de Lope [&hellip;]<\/p>\n","protected":false},"featured_media":12439,"template":"","meta":[],"product_brand":[1706],"product_cat":[25],"product_tag":[1711,136,1713,55],"class_list":{"0":"post-12434","1":"product","2":"type-product","3":"status-publish","4":"has-post-thumbnail","6":"product_brand-grupo1","7":"product_cat-libros-digitales-ebooks","8":"product_tag-arturo-uslar-pietri","9":"product_tag-decargar-ebook","10":"product_tag-el-camino-de-el-dorado","11":"product_tag-novelas","13":"first","14":"instock","15":"shipping-taxable","16":"purchasable","17":"product-type-variable","18":"has-default-attributes"},"_links":{"self":[{"href":"https:\/\/www.taller-palabras.com\/WordPress_04\/wp-json\/wp\/v2\/product\/12434","targetHints":{"allow":["GET"]}}],"collection":[{"href":"https:\/\/www.taller-palabras.com\/WordPress_04\/wp-json\/wp\/v2\/product"}],"about":[{"href":"https:\/\/www.taller-palabras.com\/WordPress_04\/wp-json\/wp\/v2\/types\/product"}],"wp:featuredmedia":[{"embeddable":true,"href":"https:\/\/www.taller-palabras.com\/WordPress_04\/wp-json\/wp\/v2\/media\/12439"}],"wp:attachment":[{"href":"https:\/\/www.taller-palabras.com\/WordPress_04\/wp-json\/wp\/v2\/media?parent=12434"}],"wp:term":[{"taxonomy":"product_brand","embeddable":true,"href":"https:\/\/www.taller-palabras.com\/WordPress_04\/wp-json\/wp\/v2\/product_brand?post=12434"},{"taxonomy":"product_cat","embeddable":true,"href":"https:\/\/www.taller-palabras.com\/WordPress_04\/wp-json\/wp\/v2\/product_cat?post=12434"},{"taxonomy":"product_tag","embeddable":true,"href":"https:\/\/www.taller-palabras.com\/WordPress_04\/wp-json\/wp\/v2\/product_tag?post=12434"}],"curies":[{"name":"wp","href":"https:\/\/api.w.org\/{rel}","templated":true}]}}